{"id":1228,"date":"2018-03-01T10:16:48","date_gmt":"2018-03-01T03:16:48","guid":{"rendered":"http:\/\/mienbacelectric.com\/?post_type=product&#038;p=1228"},"modified":"2018-03-01T10:24:33","modified_gmt":"2018-03-01T03:24:33","slug":"tu-bien-tan-khoi-dong-mem","status":"publish","type":"product","link":"https:\/\/mienbacelectric.com\/?product=tu-bien-tan-khoi-dong-mem","title":{"rendered":"T\u1ee6 BI\u1ebeN T\u1ea6N, KH\u1edeI \u0110\u1ed8NG M\u1ec0M"},"content":{"rendered":"<p><img loading=\"lazy\" decoding=\"async\" class=\"size-full wp-image-1229 aligncenter\" src=\"http:\/\/mienbacelectric.com\/wp-content\/uploads\/2018\/03\/Tu-bien-tan-khoi-dong-men.jpg\" alt=\"\" width=\"235\" height=\"214\" \/><\/p>\n<p>&nbsp;<\/p>\n<p>\u0110\u1ed9ng c\u01a1 kh\u00f4ng \u0111\u1ed3ng b\u1ed9 ba pha \u0111\u01b0\u1ee3c d\u00f9ng r\u1ed9ng r\u00e3i trong c\u00f4ng nghi\u1ec7p v\u00ec ch\u00fang c\u00f3 c\u1ea5u tr\u00fac \u0111\u01a1n gi\u1ea3n, d\u1ec5 ch\u1ebf t\u1ea1o, l\u00e0m\u00a0vi\u1ec7c v\u1edbi \u0111\u1ed9 tin c\u1eady, nh\u01b0ng c\u00f3 nh\u01b0\u1ee3c \u0111i\u1ec3m l\u00e0 d\u00f2ng \u0111i\u1ec7n kh\u1edfi \u0111\u1ed9ng l\u1edbn, g\u00e2y ra s\u1ee5t \u00e1p trong l\u01b0\u1edbi \u0111i\u1ec7n.V\u00ec v\u1eady \u0111\u1ec1 gi\u1ea3i quy\u1ebft v\u1ea5n \u0111\u1ec1 n\u00e0y c\u00e1c nh\u00e0 ch\u1ebf t\u1ea1o \u0111\u00e3 \u0111\u01b0a ra gi\u1ea3i ph\u00e1p kh\u1edfi \u0111\u1ed9ng m\u1ec1m v\u00e0 kh\u1edfi \u0111\u1ed9ng b\u1eb1ng bi\u1ebfn t\u1ea7n \u0111\u1ec3 \u0111i\u1ec1u khi\u1ec3n sao cho c\u00f3 th\u1ec3 l\u00e0m h\u1ea1n ch\u1ebf d\u00f2ng \u0111i\u1ec7n kh\u1edfi \u0111\u1ed9ng \u0111\u1ed3ng th\u1eddi \u0111i\u1ec1u ch\u1ec9nh t\u0103ng m\u00f4 men m\u1edf m\u00e1y\u00a0m\u1ed9t c\u00e1ch h\u1ee3p l\u00fd cho n\u00ean c\u00e1c chi ti\u1ebft c\u1ee7a \u0111\u1ed9ng c\u01a1 ch\u1ecbu \u0111\u1ed9 d\u1ed3n n\u00e9n v\u1ec1 c\u01a1 kh\u00ed \u00edt h\u01a1n, t\u0103ng tu\u1ed5i th\u1ecd l\u00e0m \u00a0vi\u1ec7c an to\u00e0n cho \u0111\u1ed9ng c\u01a1. Ngo\u00e0i vi\u1ec7c tr\u00e1nh d\u00f2ng \u0111\u1ec9nh trong khi kh\u1edfi \u0111\u1ed9ng \u0111\u1ed9ng c\u01a1 c\u00f2n l\u00e0m cho \u0111i\u1ec7n \u00e1p ngu\u1ed3n \u1ed5n \u0111\u1ecbnh h\u01a1n kh\u00f4ng g\u00e2y \u1ea3nh h\u01b0\u1edfng x\u1ea5u \u0111\u1ebfn c\u00e1c thi\u1ebft b\u1ecb kh\u00e1c trong c\u00f9ng l\u01b0\u1edbi \u0111i\u1ec7n.<\/p>\n<div>\u00a0\u25aa \u1ee8ng d\u1ee5ng c\u1ee7a t\u1ee7 kh\u1edfi \u0111\u1ed9ng m\u1ec1m c\u00f3 \u00fd ngh\u0129a r\u1ea5t l\u1edbn v\u00e0 r\u1ea5t quan tr\u1ecdng trong c\u00f4ng nghi\u1ec7p v\u00ec n\u00f3 ti\u1ebft ki\u1ec7m \u0111i\u1ec7n n\u0103ng r\u1ea5t l\u1edbn, t\u0103ng tu\u1ed5i th\u1ecd l\u00e0m \u00a0vi\u1ec7c c\u1ee7a \u0111\u1ed9ng c\u01a1\u00a0ho\u1ea1t \u0111\u1ed9ng v\u00e0 kh\u00f4ng \u1ea3nh h\u01b0\u1edfng \u0111\u1ebfn c\u00e1c thi\u1ebft b\u1ecb kh\u00e1c trong l\u01b0\u1edbi \u0111i\u1ec7n khi \u0111\u1ed9ng c\u01a1 v\u1eadn h\u00e0nh. \u1ee8ng d\u1ee5ng n\u00e0y r\u1ea5t c\u00f3 gi\u00e1 tr\u1ecb \u0111\u1ec3 \u0111i\u1ec1u khi\u1ec3n \u0111i\u1ec7n \u00e1p \u0111\u1eb7t v\u00e0o \u0111\u1ed9ng c\u01a1 s\u1ebd gi\u1ea3m d\u00f2ng kh\u1edfi \u0111\u1ed9ng xu\u1ed1ng c\u00f2n 1,5\u00a0\u0111\u1ebfn 3 l\u1ea7n d\u00f2ng \u0111\u1ecbnh m\u1ee9c ph\u1ee5 thu\u1ed9c v\u00e0o ch\u1ebf \u0111\u1ed9 t\u1ea3i v\u00ec khi \u0111\u1ed9ng c\u01a1 \u0111\u01b0\u1ee3c \u0111\u00f3ng tr\u1ef1c ti\u1ebfp v\u00e0o l\u01b0\u1edbi \u0111i\u1ec7n d\u00f2ng kh\u1edfi \u0111\u1ed9ng c\u1ee7a \u0111\u1ed9ng c\u01a1 kh\u00f4ng \u0111\u1ed3ng b\u1ed9 s\u1ebd r\u1ea5t l\u1edbn t\u1eeb 5 \u0111\u1ebfn 7 l\u1ea7n \u0111\u1ed3ng \u0111\u1ecbnh m\u1ee9c.<\/div>\n<p>&nbsp;<\/p>\n","protected":false},"excerpt":{"rendered":"<p>T\u00ean s\u1ea3n ph\u1ea9m: T\u1ee7 bi\u1ebfn t\u1ea7n &#8211; kh\u1edfi \u0111\u1ed9ng m\u1ec1m<\/p>\n<p>H\u00e3ng s\u1ea3n xu\u1ea5t: C\u0110MB<\/p>\n<p>Linh ki\u1ec7n: MITSUBISHI, LS, HYUNDAI<\/p>\n<p>T\u00ecnh tr\u1ea1ng: H\u00e0ng m\u1edbi 100%<\/p>\n","protected":false},"featured_media":1229,"comment_status":"open","ping_status":"closed","template":"","meta":[],"product_cat":[261,265],"product_tag":[],"yoast_head":"<!-- This site is optimized with the Yoast SEO plugin v22.6 - https:\/\/yoast.com\/wordpress\/plugins\/seo\/ -->\n<title>T\u1ee6 BI\u1ebeN T\u1ea6N, KH\u1edeI \u0110\u1ed8NG M\u1ec0M - C\u00d4NG TY TNHH C\u01a0 \u0110I\u1ec6N MI\u1ec0N B\u1eaeC. HOTLINE 0913.601.155<\/title>\n<meta name=\"robots\" content=\"index, follow, max-snippet:-1, max-image-preview:large, max-video-preview:-1\" \/>\n<link rel=\"canonical\" href=\"https:\/\/mienbacelectric.com\/?product=tu-bien-tan-khoi-dong-mem\" \/>\n<meta property=\"og:locale\" content=\"vi_VN\" \/>\n<meta property=\"og:type\" content=\"article\" \/>\n<meta property=\"og:title\" content=\"T\u1ee6 BI\u1ebeN T\u1ea6N, KH\u1edeI \u0110\u1ed8NG M\u1ec0M - C\u00d4NG TY TNHH C\u01a0 \u0110I\u1ec6N MI\u1ec0N B\u1eaeC. HOTLINE 0913.601.155\" \/>\n<meta property=\"og:description\" content=\"T\u00ean s\u1ea3n ph\u1ea9m: T\u1ee7 bi\u1ebfn t\u1ea7n - kh\u1edfi \u0111\u1ed9ng m\u1ec1m  H\u00e3ng s\u1ea3n xu\u1ea5t: C\u0110MB  Linh ki\u1ec7n: MITSUBISHI, LS, HYUNDAI  T\u00ecnh tr\u1ea1ng: H\u00e0ng m\u1edbi 100%\" \/>\n<meta property=\"og:url\" content=\"https:\/\/mienbacelectric.com\/?product=tu-bien-tan-khoi-dong-mem\" \/>\n<meta property=\"og:site_name\" content=\"C\u00d4NG TY TNHH C\u01a0 \u0110I\u1ec6N MI\u1ec0N B\u1eaeC. HOTLINE 0913.601.155\" \/>\n<meta property=\"article:modified_time\" content=\"2018-03-01T03:24:33+00:00\" \/>\n<meta property=\"og:image\" content=\"https:\/\/mienbacelectric.com\/wp-content\/uploads\/2018\/03\/Tu-bien-tan-khoi-dong-men.jpg\" \/>\n\t<meta property=\"og:image:width\" content=\"235\" \/>\n\t<meta property=\"og:image:height\" content=\"214\" \/>\n\t<meta property=\"og:image:type\" content=\"image\/jpeg\" \/>\n<meta name=\"twitter:card\" content=\"summary_large_image\" \/>\n<meta name=\"twitter:label1\" content=\"\u01af\u1edbc t\u00ednh th\u1eddi gian \u0111\u1ecdc\" \/>\n\t<meta name=\"twitter:data1\" content=\"2 ph\u00fat\" \/>\n<script type=\"application\/ld+json\" class=\"yoast-schema-graph\">{\"@context\":\"https:\/\/schema.org\",\"@graph\":[{\"@type\":\"WebPage\",\"@id\":\"https:\/\/mienbacelectric.com\/?product=tu-bien-tan-khoi-dong-mem\",\"url\":\"https:\/\/mienbacelectric.com\/?product=tu-bien-tan-khoi-dong-mem\",\"name\":\"T\u1ee6 BI\u1ebeN T\u1ea6N, KH\u1edeI \u0110\u1ed8NG M\u1ec0M - C\u00d4NG TY TNHH C\u01a0 \u0110I\u1ec6N MI\u1ec0N B\u1eaeC. HOTLINE 0913.601.155\",\"isPartOf\":{\"@id\":\"https:\/\/mienbacelectric.com\/#website\"},\"primaryImageOfPage\":{\"@id\":\"https:\/\/mienbacelectric.com\/?product=tu-bien-tan-khoi-dong-mem#primaryimage\"},\"image\":{\"@id\":\"https:\/\/mienbacelectric.com\/?product=tu-bien-tan-khoi-dong-mem#primaryimage\"},\"thumbnailUrl\":\"https:\/\/mienbacelectric.com\/wp-content\/uploads\/2018\/03\/Tu-bien-tan-khoi-dong-men.jpg\",\"datePublished\":\"2018-03-01T03:16:48+00:00\",\"dateModified\":\"2018-03-01T03:24:33+00:00\",\"breadcrumb\":{\"@id\":\"https:\/\/mienbacelectric.com\/?product=tu-bien-tan-khoi-dong-mem#breadcrumb\"},\"inLanguage\":\"vi\",\"potentialAction\":[{\"@type\":\"ReadAction\",\"target\":[\"https:\/\/mienbacelectric.com\/?product=tu-bien-tan-khoi-dong-mem\"]}]},{\"@type\":\"ImageObject\",\"inLanguage\":\"vi\",\"@id\":\"https:\/\/mienbacelectric.com\/?product=tu-bien-tan-khoi-dong-mem#primaryimage\",\"url\":\"https:\/\/mienbacelectric.com\/wp-content\/uploads\/2018\/03\/Tu-bien-tan-khoi-dong-men.jpg\",\"contentUrl\":\"https:\/\/mienbacelectric.com\/wp-content\/uploads\/2018\/03\/Tu-bien-tan-khoi-dong-men.jpg\",\"width\":235,\"height\":214},{\"@type\":\"BreadcrumbList\",\"@id\":\"https:\/\/mienbacelectric.com\/?product=tu-bien-tan-khoi-dong-mem#breadcrumb\",\"itemListElement\":[{\"@type\":\"ListItem\",\"position\":1,\"name\":\"Home\",\"item\":\"https:\/\/mienbacelectric.com\/\"},{\"@type\":\"ListItem\",\"position\":2,\"name\":\"S\u1ea3n ph\u1ea9m\",\"item\":\"https:\/\/mienbacelectric.com\/?page_id=54\"},{\"@type\":\"ListItem\",\"position\":3,\"name\":\"T\u1ee6 BI\u1ebeN T\u1ea6N, KH\u1edeI \u0110\u1ed8NG M\u1ec0M\"}]},{\"@type\":\"WebSite\",\"@id\":\"https:\/\/mienbacelectric.com\/#website\",\"url\":\"https:\/\/mienbacelectric.com\/\",\"name\":\"C\u00d4NG TY TNHH C\u01a0 \u0110I\u1ec6N MI\u1ec0N B\u1eaeC. HOTLINE 0913.601.155\",\"description\":\"\",\"potentialAction\":[{\"@type\":\"SearchAction\",\"target\":{\"@type\":\"EntryPoint\",\"urlTemplate\":\"https:\/\/mienbacelectric.com\/?s={search_term_string}\"},\"query-input\":\"required name=search_term_string\"}],\"inLanguage\":\"vi\"}]}<\/script>\n<!-- \/ Yoast SEO plugin. -->","yoast_head_json":{"title":"T\u1ee6 BI\u1ebeN T\u1ea6N, KH\u1edeI \u0110\u1ed8NG M\u1ec0M - C\u00d4NG TY TNHH C\u01a0 \u0110I\u1ec6N MI\u1ec0N B\u1eaeC. HOTLINE 0913.601.155","robots":{"index":"index","follow":"follow","max-snippet":"max-snippet:-1","max-image-preview":"max-image-preview:large","max-video-preview":"max-video-preview:-1"},"canonical":"https:\/\/mienbacelectric.com\/?product=tu-bien-tan-khoi-dong-mem","og_locale":"vi_VN","og_type":"article","og_title":"T\u1ee6 BI\u1ebeN T\u1ea6N, KH\u1edeI \u0110\u1ed8NG M\u1ec0M - C\u00d4NG TY TNHH C\u01a0 \u0110I\u1ec6N MI\u1ec0N B\u1eaeC. HOTLINE 0913.601.155","og_description":"T\u00ean s\u1ea3n ph\u1ea9m: T\u1ee7 bi\u1ebfn t\u1ea7n - kh\u1edfi \u0111\u1ed9ng m\u1ec1m  H\u00e3ng s\u1ea3n xu\u1ea5t: C\u0110MB  Linh ki\u1ec7n: MITSUBISHI, LS, HYUNDAI  T\u00ecnh tr\u1ea1ng: H\u00e0ng m\u1edbi 100%","og_url":"https:\/\/mienbacelectric.com\/?product=tu-bien-tan-khoi-dong-mem","og_site_name":"C\u00d4NG TY TNHH C\u01a0 \u0110I\u1ec6N MI\u1ec0N B\u1eaeC. HOTLINE 0913.601.155","article_modified_time":"2018-03-01T03:24:33+00:00","og_image":[{"width":235,"height":214,"url":"https:\/\/mienbacelectric.com\/wp-content\/uploads\/2018\/03\/Tu-bien-tan-khoi-dong-men.jpg","type":"image\/jpeg"}],"twitter_card":"summary_large_image","twitter_misc":{"\u01af\u1edbc t\u00ednh th\u1eddi gian \u0111\u1ecdc":"2 ph\u00fat"},"schema":{"@context":"https:\/\/schema.org","@graph":[{"@type":"WebPage","@id":"https:\/\/mienbacelectric.com\/?product=tu-bien-tan-khoi-dong-mem","url":"https:\/\/mienbacelectric.com\/?product=tu-bien-tan-khoi-dong-mem","name":"T\u1ee6 BI\u1ebeN T\u1ea6N, KH\u1edeI \u0110\u1ed8NG M\u1ec0M - C\u00d4NG TY TNHH C\u01a0 \u0110I\u1ec6N MI\u1ec0N B\u1eaeC. HOTLINE 0913.601.155","isPartOf":{"@id":"https:\/\/mienbacelectric.com\/#website"},"primaryImageOfPage":{"@id":"https:\/\/mienbacelectric.com\/?product=tu-bien-tan-khoi-dong-mem#primaryimage"},"image":{"@id":"https:\/\/mienbacelectric.com\/?product=tu-bien-tan-khoi-dong-mem#primaryimage"},"thumbnailUrl":"https:\/\/mienbacelectric.com\/wp-content\/uploads\/2018\/03\/Tu-bien-tan-khoi-dong-men.jpg","datePublished":"2018-03-01T03:16:48+00:00","dateModified":"2018-03-01T03:24:33+00:00","breadcrumb":{"@id":"https:\/\/mienbacelectric.com\/?product=tu-bien-tan-khoi-dong-mem#breadcrumb"},"inLanguage":"vi","potentialAction":[{"@type":"ReadAction","target":["https:\/\/mienbacelectric.com\/?product=tu-bien-tan-khoi-dong-mem"]}]},{"@type":"ImageObject","inLanguage":"vi","@id":"https:\/\/mienbacelectric.com\/?product=tu-bien-tan-khoi-dong-mem#primaryimage","url":"https:\/\/mienbacelectric.com\/wp-content\/uploads\/2018\/03\/Tu-bien-tan-khoi-dong-men.jpg","contentUrl":"https:\/\/mienbacelectric.com\/wp-content\/uploads\/2018\/03\/Tu-bien-tan-khoi-dong-men.jpg","width":235,"height":214},{"@type":"BreadcrumbList","@id":"https:\/\/mienbacelectric.com\/?product=tu-bien-tan-khoi-dong-mem#breadcrumb","itemListElement":[{"@type":"ListItem","position":1,"name":"Home","item":"https:\/\/mienbacelectric.com\/"},{"@type":"ListItem","position":2,"name":"S\u1ea3n ph\u1ea9m","item":"https:\/\/mienbacelectric.com\/?page_id=54"},{"@type":"ListItem","position":3,"name":"T\u1ee6 BI\u1ebeN T\u1ea6N, KH\u1edeI \u0110\u1ed8NG M\u1ec0M"}]},{"@type":"WebSite","@id":"https:\/\/mienbacelectric.com\/#website","url":"https:\/\/mienbacelectric.com\/","name":"C\u00d4NG TY TNHH C\u01a0 \u0110I\u1ec6N MI\u1ec0N B\u1eaeC. HOTLINE 0913.601.155","description":"","potentialAction":[{"@type":"SearchAction","target":{"@type":"EntryPoint","urlTemplate":"https:\/\/mienbacelectric.com\/?s={search_term_string}"},"query-input":"required name=search_term_string"}],"inLanguage":"vi"}]}},"_links":{"self":[{"href":"https:\/\/mienbacelectric.com\/index.php?rest_route=\/wp\/v2\/product\/1228"}],"collection":[{"href":"https:\/\/mienbacelectric.com\/index.php?rest_route=\/wp\/v2\/product"}],"about":[{"href":"https:\/\/mienbacelectric.com\/index.php?rest_route=\/wp\/v2\/types\/product"}],"replies":[{"embeddable":true,"href":"https:\/\/mienbacelectric.com\/index.php?rest_route=%2Fwp%2Fv2%2Fcomments&post=1228"}],"wp:featuredmedia":[{"embeddable":true,"href":"https:\/\/mienbacelectric.com\/index.php?rest_route=\/wp\/v2\/media\/1229"}],"wp:attachment":[{"href":"https:\/\/mienbacelectric.com\/index.php?rest_route=%2Fwp%2Fv2%2Fmedia&parent=1228"}],"wp:term":[{"taxonomy":"product_cat","embeddable":true,"href":"https:\/\/mienbacelectric.com\/index.php?rest_route=%2Fwp%2Fv2%2Fproduct_cat&post=1228"},{"taxonomy":"product_tag","embeddable":true,"href":"https:\/\/mienbacelectric.com\/index.php?rest_route=%2Fwp%2Fv2%2Fproduct_tag&post=1228"}],"curies":[{"name":"wp","href":"https:\/\/api.w.org\/{rel}","templated":true}]}}