{"id":1225,"date":"2018-03-01T09:57:06","date_gmt":"2018-03-01T02:57:06","guid":{"rendered":"http:\/\/mienbacelectric.com\/?post_type=product&#038;p=1225"},"modified":"2018-03-01T09:57:06","modified_gmt":"2018-03-01T02:57:06","slug":"tu-cong-to","status":"publish","type":"product","link":"https:\/\/mienbacelectric.com\/?product=tu-cong-to","title":{"rendered":"T\u1ee7 c\u00f4ng t\u01a1"},"content":{"rendered":"<p>&nbsp;<\/p>\n<p><img loading=\"lazy\" decoding=\"async\" class=\"wp-image-1226 aligncenter\" src=\"http:\/\/mienbacelectric.com\/wp-content\/uploads\/2018\/03\/tu-cong-to.jpg\" alt=\"\" width=\"441\" height=\"331\" srcset=\"https:\/\/mienbacelectric.com\/wp-content\/uploads\/2018\/03\/tu-cong-to.jpg 642w, https:\/\/mienbacelectric.com\/wp-content\/uploads\/2018\/03\/tu-cong-to-300x225.jpg 300w, https:\/\/mienbacelectric.com\/wp-content\/uploads\/2018\/03\/tu-cong-to-24x18.jpg 24w, https:\/\/mienbacelectric.com\/wp-content\/uploads\/2018\/03\/tu-cong-to-36x27.jpg 36w, https:\/\/mienbacelectric.com\/wp-content\/uploads\/2018\/03\/tu-cong-to-48x36.jpg 48w, https:\/\/mienbacelectric.com\/wp-content\/uploads\/2018\/03\/tu-cong-to-400x300.jpg 400w\" sizes=\"(max-width: 441px) 100vw, 441px\" \/><\/p>\n<p>&nbsp;<\/p>\n<p>C\u0110MB thi\u1ebft k\u1ebf c\u00e1c t\u1ee7 c\u00f4ng t\u01a1 t\u00f9y theo ph\u1ee5 t\u1ea3i l\u00e0 lo\u1ea1i t\u1ea3i 3P hay 1P.<\/p>\n<p>\u2022 V\u1edbi t\u1ea3i 3P c\u00f3 d\u00f2ng max &lt;100A d\u00f9ng lo\u1ea1i c\u00f4ng t\u01a1 3P tr\u1ef1c ti\u1ebfp. C\u00f4ng t\u01a1 3P tr\u1ef1c ti\u1ebfp \u0111\u01b0\u1ee3c chi l\u00e0m c\u00e1c lo\u1ea1i. 10\/20A, 10\/40A, 20\/40A, 30\/60A, 50\/100A.<\/p>\n<p>\u2022 \u0110\u1ed1i v\u1edbi t\u1ea3i 3P c\u00f3 d\u00f2ng \u0111i\u1ec7n max &gt;100A d\u00f9ng c\u00f4ng t\u01a1 gi\u00e1n ti\u1ebfp k\u1ebft h\u1ee3p bi\u1ebfn d\u00f2ng \u0111i\u1ec7n xu\u1ed1ng d\u00f2ng th\u1ee9 c\u1ea5p l\u00e0 1A ho\u1eb7c 5A .<\/p>\n<p>\u2022 V\u1edbi t\u1ea3i 1P th\u01b0\u1eddng l\u00e0 c\u00f4ng su\u1ea5t nh\u1ecf d\u00f9ng c\u00f4ng t\u01a1 1P tr\u1ef1c ti\u1ebfp: 3\/9A, 5\/20A, 10\/40A, 20\/80A, 40\/120A<\/p>\n<p>&nbsp;<\/p>\n","protected":false},"excerpt":{"rendered":"<p>T\u00ean s\u1ea3n ph\u1ea9m: T\u1ee7 c\u00f4ng t\u01a1<\/p>\n<p>H\u00e3ng s\u1ea3n xu\u1ea5t: C\u0110MB<\/p>\n<p>T\u00ecnh tr\u1ea1ng: H\u00e0ng m\u1edbi 100%.<\/p>\n","protected":false},"featured_media":1226,"comment_status":"open","ping_status":"closed","template":"","meta":[],"product_cat":[261,265],"product_tag":[],"yoast_head":"<!-- This site is optimized with the Yoast SEO plugin v22.6 - https:\/\/yoast.com\/wordpress\/plugins\/seo\/ -->\n<title>T\u1ee7 c\u00f4ng t\u01a1 - C\u00d4NG TY TNHH C\u01a0 \u0110I\u1ec6N MI\u1ec0N B\u1eaeC. HOTLINE 0913.601.155<\/title>\n<meta name=\"robots\" content=\"index, follow, max-snippet:-1, max-image-preview:large, max-video-preview:-1\" \/>\n<link rel=\"canonical\" href=\"https:\/\/mienbacelectric.com\/?product=tu-cong-to\" \/>\n<meta property=\"og:locale\" content=\"vi_VN\" \/>\n<meta property=\"og:type\" content=\"article\" \/>\n<meta property=\"og:title\" content=\"T\u1ee7 c\u00f4ng t\u01a1 - C\u00d4NG TY TNHH C\u01a0 \u0110I\u1ec6N MI\u1ec0N B\u1eaeC. HOTLINE 0913.601.155\" \/>\n<meta property=\"og:description\" content=\"T\u00ean s\u1ea3n ph\u1ea9m: T\u1ee7 c\u00f4ng t\u01a1  H\u00e3ng s\u1ea3n xu\u1ea5t: C\u0110MB  T\u00ecnh tr\u1ea1ng: H\u00e0ng m\u1edbi 100%.\" \/>\n<meta property=\"og:url\" content=\"https:\/\/mienbacelectric.com\/?product=tu-cong-to\" \/>\n<meta property=\"og:site_name\" content=\"C\u00d4NG TY TNHH C\u01a0 \u0110I\u1ec6N MI\u1ec0N B\u1eaeC. HOTLINE 0913.601.155\" \/>\n<meta property=\"og:image\" content=\"https:\/\/mienbacelectric.com\/wp-content\/uploads\/2018\/03\/tu-cong-to.jpg\" \/>\n\t<meta property=\"og:image:width\" content=\"642\" \/>\n\t<meta property=\"og:image:height\" content=\"482\" \/>\n\t<meta property=\"og:image:type\" content=\"image\/jpeg\" \/>\n<meta name=\"twitter:card\" content=\"summary_large_image\" \/>\n<meta name=\"twitter:label1\" content=\"\u01af\u1edbc t\u00ednh th\u1eddi gian \u0111\u1ecdc\" \/>\n\t<meta name=\"twitter:data1\" content=\"1 ph\u00fat\" \/>\n<script type=\"application\/ld+json\" class=\"yoast-schema-graph\">{\"@context\":\"https:\/\/schema.org\",\"@graph\":[{\"@type\":\"WebPage\",\"@id\":\"https:\/\/mienbacelectric.com\/?product=tu-cong-to\",\"url\":\"https:\/\/mienbacelectric.com\/?product=tu-cong-to\",\"name\":\"T\u1ee7 c\u00f4ng t\u01a1 - C\u00d4NG TY TNHH C\u01a0 \u0110I\u1ec6N MI\u1ec0N B\u1eaeC. HOTLINE 0913.601.155\",\"isPartOf\":{\"@id\":\"https:\/\/mienbacelectric.com\/#website\"},\"primaryImageOfPage\":{\"@id\":\"https:\/\/mienbacelectric.com\/?product=tu-cong-to#primaryimage\"},\"image\":{\"@id\":\"https:\/\/mienbacelectric.com\/?product=tu-cong-to#primaryimage\"},\"thumbnailUrl\":\"https:\/\/mienbacelectric.com\/wp-content\/uploads\/2018\/03\/tu-cong-to.jpg\",\"datePublished\":\"2018-03-01T02:57:06+00:00\",\"dateModified\":\"2018-03-01T02:57:06+00:00\",\"breadcrumb\":{\"@id\":\"https:\/\/mienbacelectric.com\/?product=tu-cong-to#breadcrumb\"},\"inLanguage\":\"vi\",\"potentialAction\":[{\"@type\":\"ReadAction\",\"target\":[\"https:\/\/mienbacelectric.com\/?product=tu-cong-to\"]}]},{\"@type\":\"ImageObject\",\"inLanguage\":\"vi\",\"@id\":\"https:\/\/mienbacelectric.com\/?product=tu-cong-to#primaryimage\",\"url\":\"https:\/\/mienbacelectric.com\/wp-content\/uploads\/2018\/03\/tu-cong-to.jpg\",\"contentUrl\":\"https:\/\/mienbacelectric.com\/wp-content\/uploads\/2018\/03\/tu-cong-to.jpg\",\"width\":642,\"height\":482},{\"@type\":\"BreadcrumbList\",\"@id\":\"https:\/\/mienbacelectric.com\/?product=tu-cong-to#breadcrumb\",\"itemListElement\":[{\"@type\":\"ListItem\",\"position\":1,\"name\":\"Home\",\"item\":\"https:\/\/mienbacelectric.com\/\"},{\"@type\":\"ListItem\",\"position\":2,\"name\":\"S\u1ea3n ph\u1ea9m\",\"item\":\"https:\/\/mienbacelectric.com\/?page_id=54\"},{\"@type\":\"ListItem\",\"position\":3,\"name\":\"T\u1ee7 c\u00f4ng t\u01a1\"}]},{\"@type\":\"WebSite\",\"@id\":\"https:\/\/mienbacelectric.com\/#website\",\"url\":\"https:\/\/mienbacelectric.com\/\",\"name\":\"C\u00d4NG TY TNHH C\u01a0 \u0110I\u1ec6N MI\u1ec0N B\u1eaeC. HOTLINE 0913.601.155\",\"description\":\"\",\"potentialAction\":[{\"@type\":\"SearchAction\",\"target\":{\"@type\":\"EntryPoint\",\"urlTemplate\":\"https:\/\/mienbacelectric.com\/?s={search_term_string}\"},\"query-input\":\"required name=search_term_string\"}],\"inLanguage\":\"vi\"}]}<\/script>\n<!-- \/ Yoast SEO plugin. -->","yoast_head_json":{"title":"T\u1ee7 c\u00f4ng t\u01a1 - C\u00d4NG TY TNHH C\u01a0 \u0110I\u1ec6N MI\u1ec0N B\u1eaeC. HOTLINE 0913.601.155","robots":{"index":"index","follow":"follow","max-snippet":"max-snippet:-1","max-image-preview":"max-image-preview:large","max-video-preview":"max-video-preview:-1"},"canonical":"https:\/\/mienbacelectric.com\/?product=tu-cong-to","og_locale":"vi_VN","og_type":"article","og_title":"T\u1ee7 c\u00f4ng t\u01a1 - C\u00d4NG TY TNHH C\u01a0 \u0110I\u1ec6N MI\u1ec0N B\u1eaeC. HOTLINE 0913.601.155","og_description":"T\u00ean s\u1ea3n ph\u1ea9m: T\u1ee7 c\u00f4ng t\u01a1  H\u00e3ng s\u1ea3n xu\u1ea5t: C\u0110MB  T\u00ecnh tr\u1ea1ng: H\u00e0ng m\u1edbi 100%.","og_url":"https:\/\/mienbacelectric.com\/?product=tu-cong-to","og_site_name":"C\u00d4NG TY TNHH C\u01a0 \u0110I\u1ec6N MI\u1ec0N B\u1eaeC. HOTLINE 0913.601.155","og_image":[{"width":642,"height":482,"url":"https:\/\/mienbacelectric.com\/wp-content\/uploads\/2018\/03\/tu-cong-to.jpg","type":"image\/jpeg"}],"twitter_card":"summary_large_image","twitter_misc":{"\u01af\u1edbc t\u00ednh th\u1eddi gian \u0111\u1ecdc":"1 ph\u00fat"},"schema":{"@context":"https:\/\/schema.org","@graph":[{"@type":"WebPage","@id":"https:\/\/mienbacelectric.com\/?product=tu-cong-to","url":"https:\/\/mienbacelectric.com\/?product=tu-cong-to","name":"T\u1ee7 c\u00f4ng t\u01a1 - C\u00d4NG TY TNHH C\u01a0 \u0110I\u1ec6N MI\u1ec0N B\u1eaeC. HOTLINE 0913.601.155","isPartOf":{"@id":"https:\/\/mienbacelectric.com\/#website"},"primaryImageOfPage":{"@id":"https:\/\/mienbacelectric.com\/?product=tu-cong-to#primaryimage"},"image":{"@id":"https:\/\/mienbacelectric.com\/?product=tu-cong-to#primaryimage"},"thumbnailUrl":"https:\/\/mienbacelectric.com\/wp-content\/uploads\/2018\/03\/tu-cong-to.jpg","datePublished":"2018-03-01T02:57:06+00:00","dateModified":"2018-03-01T02:57:06+00:00","breadcrumb":{"@id":"https:\/\/mienbacelectric.com\/?product=tu-cong-to#breadcrumb"},"inLanguage":"vi","potentialAction":[{"@type":"ReadAction","target":["https:\/\/mienbacelectric.com\/?product=tu-cong-to"]}]},{"@type":"ImageObject","inLanguage":"vi","@id":"https:\/\/mienbacelectric.com\/?product=tu-cong-to#primaryimage","url":"https:\/\/mienbacelectric.com\/wp-content\/uploads\/2018\/03\/tu-cong-to.jpg","contentUrl":"https:\/\/mienbacelectric.com\/wp-content\/uploads\/2018\/03\/tu-cong-to.jpg","width":642,"height":482},{"@type":"BreadcrumbList","@id":"https:\/\/mienbacelectric.com\/?product=tu-cong-to#breadcrumb","itemListElement":[{"@type":"ListItem","position":1,"name":"Home","item":"https:\/\/mienbacelectric.com\/"},{"@type":"ListItem","position":2,"name":"S\u1ea3n ph\u1ea9m","item":"https:\/\/mienbacelectric.com\/?page_id=54"},{"@type":"ListItem","position":3,"name":"T\u1ee7 c\u00f4ng t\u01a1"}]},{"@type":"WebSite","@id":"https:\/\/mienbacelectric.com\/#website","url":"https:\/\/mienbacelectric.com\/","name":"C\u00d4NG TY TNHH C\u01a0 \u0110I\u1ec6N MI\u1ec0N B\u1eaeC. HOTLINE 0913.601.155","description":"","potentialAction":[{"@type":"SearchAction","target":{"@type":"EntryPoint","urlTemplate":"https:\/\/mienbacelectric.com\/?s={search_term_string}"},"query-input":"required name=search_term_string"}],"inLanguage":"vi"}]}},"_links":{"self":[{"href":"https:\/\/mienbacelectric.com\/index.php?rest_route=\/wp\/v2\/product\/1225"}],"collection":[{"href":"https:\/\/mienbacelectric.com\/index.php?rest_route=\/wp\/v2\/product"}],"about":[{"href":"https:\/\/mienbacelectric.com\/index.php?rest_route=\/wp\/v2\/types\/product"}],"replies":[{"embeddable":true,"href":"https:\/\/mienbacelectric.com\/index.php?rest_route=%2Fwp%2Fv2%2Fcomments&post=1225"}],"wp:featuredmedia":[{"embeddable":true,"href":"https:\/\/mienbacelectric.com\/index.php?rest_route=\/wp\/v2\/media\/1226"}],"wp:attachment":[{"href":"https:\/\/mienbacelectric.com\/index.php?rest_route=%2Fwp%2Fv2%2Fmedia&parent=1225"}],"wp:term":[{"taxonomy":"product_cat","embeddable":true,"href":"https:\/\/mienbacelectric.com\/index.php?rest_route=%2Fwp%2Fv2%2Fproduct_cat&post=1225"},{"taxonomy":"product_tag","embeddable":true,"href":"https:\/\/mienbacelectric.com\/index.php?rest_route=%2Fwp%2Fv2%2Fproduct_tag&post=1225"}],"curies":[{"name":"wp","href":"https:\/\/api.w.org\/{rel}","templated":true}]}}