{"id":1223,"date":"2018-03-01T09:49:50","date_gmt":"2018-03-01T02:49:50","guid":{"rendered":"http:\/\/mienbacelectric.com\/?post_type=product&#038;p=1223"},"modified":"2018-03-01T09:59:08","modified_gmt":"2018-03-01T02:59:08","slug":"tu-dien-khien-dong-co-dieu-khien-chieu-sang","status":"publish","type":"product","link":"https:\/\/mienbacelectric.com\/?product=tu-dien-khien-dong-co-dieu-khien-chieu-sang","title":{"rendered":"T\u1ee6 \u0110I\u1ec0N KHI\u1ec2N \u0110\u1ed8NG C\u01a0, \u0110I\u1ec0U KHI\u1ec2N CHI\u1ebeU S\u00c1NG"},"content":{"rendered":"<p>&nbsp;<\/p>\n<p><img loading=\"lazy\" decoding=\"async\" class=\"alignnone wp-image-1224\" src=\"http:\/\/mienbacelectric.com\/wp-content\/uploads\/2018\/03\/tu-dieu-khien.jpg\" alt=\"\" width=\"377\" height=\"282\" srcset=\"https:\/\/mienbacelectric.com\/wp-content\/uploads\/2018\/03\/tu-dieu-khien.jpg 750w, https:\/\/mienbacelectric.com\/wp-content\/uploads\/2018\/03\/tu-dieu-khien-300x225.jpg 300w, https:\/\/mienbacelectric.com\/wp-content\/uploads\/2018\/03\/tu-dieu-khien-24x18.jpg 24w, https:\/\/mienbacelectric.com\/wp-content\/uploads\/2018\/03\/tu-dieu-khien-36x27.jpg 36w, https:\/\/mienbacelectric.com\/wp-content\/uploads\/2018\/03\/tu-dieu-khien-48x36.jpg 48w, https:\/\/mienbacelectric.com\/wp-content\/uploads\/2018\/03\/tu-dieu-khien-400x300.jpg 400w\" sizes=\"(max-width: 377px) 100vw, 377px\" \/><\/p>\n<p>\u25aa T\u1ee7 \u0111i\u1ec1u khi\u1ec3n chi\u1ebfu s\u00e1ng do ACIT ch\u1ebf t\u1ea1o theo ti\u00eau chu\u1ea9n IEC-60439-1, h\u1ec7 th\u1ed1ng qu\u1ea3n l\u00fd ch\u1ea5t l\u01b0\u1ee3ng ISO 9001:2008<\/p>\n<p>\u25aa D\u00f9ng \u0111i\u1ec1u khi\u1ec3n cho c\u00e1c h\u1ec7 th\u1ed1ng \u0111\u00e8n chi\u1ebfu s\u00e1ng \u0111\u01b0\u1eddng ph\u1ed1, v\u01b0\u1eddn hoa, c\u00e1c khu v\u1ef1c c\u00f4ng c\u1ed9ng&#8230;<\/p>\n<p>\u25aa B\u1ea3o v\u1ec7 qu\u00e1 d\u00f2ng v\u00e0 ng\u1eafn m\u1ea1ch b\u1eb1ng apt\u00f4m\u00e1t ho\u1eb7c c\u1ea7u ch\u00ec.\u00a0S\u1eed d\u1ee5ng c\u00e1c b\u1ed9 \u0111\u00f3ng c\u1eaft theo th\u1eddi gian trong tu\u1ea7n, ng\u00e0y \u0111\u1ec3 \u0111\u00f3ng c\u1eaft c\u00e1c contactor ra \u0111\u00e8n. M\u1ed7i t\u1ee7 c\u00f3 2 k\u00eanh ra \u0111\u00e8n.<\/p>\n<p>\u25aa Ch\u1ebf \u0111\u1ed9 l\u00e0m vi\u1ec7c:<\/p>\n<p>\u2022 Bu\u1ed5i t\u1ed1i: B\u1eadt t\u1ea5t c\u1ea3 s\u1ed1 \u0111\u00e8n<\/p>\n<p>\u2022 \u0110\u00eam khuya: B\u1eadt t\u1eaft 1\/3 ho\u1eb7c 2\/3 s\u1ed1 \u0111\u00e8n<\/p>\n<p>\u2022 Ban ng\u00e0y: T\u1eaft to\u00e0n b\u1ed9 \u0111\u00e8n<\/p>\n<p>\u25aa Ph\u00e2n lo\u1ea1i t\u1ee7 theo \u0111\u1ecbnh m\u1ee9c (t\u00f9y theo y\u00eau c\u1ea7u c\u1ee7a kh\u00e1ch h\u00e0ng): \u0110\u1ebfn 100A<\/p>\n","protected":false},"excerpt":{"rendered":"<p>T\u00ean s\u1ea3n ph\u1ea9m: T\u1ee7 \u0111i\u1ec1u khi\u1ec3n \u0111\u1ed9ng c\u01a1, \u0111i\u1ec1u khi\u1ec3n chi\u1ebfu s\u00e1ng.<\/p>\n<p>H\u00e3ng s\u1ea3n xu\u1ea5t: C\u0110MB<\/p>\n<p>Linh ki\u1ec7n: MITSUBISHI, LS, HYUNDAI<\/p>\n<p>T\u00ecnh tr\u1ea1ng: H\u00e0ng m\u1edbi 100%.<\/p>\n","protected":false},"featured_media":1224,"comment_status":"open","ping_status":"closed","template":"","meta":[],"product_cat":[261,265,268],"product_tag":[],"yoast_head":"<!-- This site is optimized with the Yoast SEO plugin v22.6 - https:\/\/yoast.com\/wordpress\/plugins\/seo\/ -->\n<title>T\u1ee6 \u0110I\u1ec0N KHI\u1ec2N \u0110\u1ed8NG C\u01a0, \u0110I\u1ec0U KHI\u1ec2N CHI\u1ebeU S\u00c1NG - C\u00d4NG TY TNHH C\u01a0 \u0110I\u1ec6N MI\u1ec0N B\u1eaeC. HOTLINE 0913.601.155<\/title>\n<meta name=\"robots\" content=\"index, follow, max-snippet:-1, max-image-preview:large, max-video-preview:-1\" \/>\n<link rel=\"canonical\" href=\"https:\/\/mienbacelectric.com\/?product=tu-dien-khien-dong-co-dieu-khien-chieu-sang\" \/>\n<meta property=\"og:locale\" content=\"vi_VN\" \/>\n<meta property=\"og:type\" content=\"article\" \/>\n<meta property=\"og:title\" content=\"T\u1ee6 \u0110I\u1ec0N KHI\u1ec2N \u0110\u1ed8NG C\u01a0, \u0110I\u1ec0U KHI\u1ec2N CHI\u1ebeU S\u00c1NG - C\u00d4NG TY TNHH C\u01a0 \u0110I\u1ec6N MI\u1ec0N B\u1eaeC. HOTLINE 0913.601.155\" \/>\n<meta property=\"og:description\" content=\"T\u00ean s\u1ea3n ph\u1ea9m: T\u1ee7 \u0111i\u1ec1u khi\u1ec3n \u0111\u1ed9ng c\u01a1, \u0111i\u1ec1u khi\u1ec3n chi\u1ebfu s\u00e1ng.  H\u00e3ng s\u1ea3n xu\u1ea5t: C\u0110MB  Linh ki\u1ec7n: MITSUBISHI, LS, HYUNDAI  T\u00ecnh tr\u1ea1ng: H\u00e0ng m\u1edbi 100%.\" \/>\n<meta property=\"og:url\" content=\"https:\/\/mienbacelectric.com\/?product=tu-dien-khien-dong-co-dieu-khien-chieu-sang\" \/>\n<meta property=\"og:site_name\" content=\"C\u00d4NG TY TNHH C\u01a0 \u0110I\u1ec6N MI\u1ec0N B\u1eaeC. HOTLINE 0913.601.155\" \/>\n<meta property=\"article:modified_time\" content=\"2018-03-01T02:59:08+00:00\" \/>\n<meta property=\"og:image\" content=\"https:\/\/mienbacelectric.com\/wp-content\/uploads\/2018\/03\/tu-dieu-khien.jpg\" \/>\n\t<meta property=\"og:image:width\" content=\"750\" \/>\n\t<meta property=\"og:image:height\" content=\"562\" \/>\n\t<meta property=\"og:image:type\" content=\"image\/jpeg\" \/>\n<meta name=\"twitter:card\" content=\"summary_large_image\" \/>\n<meta name=\"twitter:label1\" content=\"\u01af\u1edbc t\u00ednh th\u1eddi gian \u0111\u1ecdc\" \/>\n\t<meta name=\"twitter:data1\" content=\"1 ph\u00fat\" \/>\n<script type=\"application\/ld+json\" class=\"yoast-schema-graph\">{\"@context\":\"https:\/\/schema.org\",\"@graph\":[{\"@type\":\"WebPage\",\"@id\":\"https:\/\/mienbacelectric.com\/?product=tu-dien-khien-dong-co-dieu-khien-chieu-sang\",\"url\":\"https:\/\/mienbacelectric.com\/?product=tu-dien-khien-dong-co-dieu-khien-chieu-sang\",\"name\":\"T\u1ee6 \u0110I\u1ec0N KHI\u1ec2N \u0110\u1ed8NG C\u01a0, \u0110I\u1ec0U KHI\u1ec2N CHI\u1ebeU S\u00c1NG - C\u00d4NG TY TNHH C\u01a0 \u0110I\u1ec6N MI\u1ec0N B\u1eaeC. HOTLINE 0913.601.155\",\"isPartOf\":{\"@id\":\"https:\/\/mienbacelectric.com\/#website\"},\"primaryImageOfPage\":{\"@id\":\"https:\/\/mienbacelectric.com\/?product=tu-dien-khien-dong-co-dieu-khien-chieu-sang#primaryimage\"},\"image\":{\"@id\":\"https:\/\/mienbacelectric.com\/?product=tu-dien-khien-dong-co-dieu-khien-chieu-sang#primaryimage\"},\"thumbnailUrl\":\"https:\/\/mienbacelectric.com\/wp-content\/uploads\/2018\/03\/tu-dieu-khien.jpg\",\"datePublished\":\"2018-03-01T02:49:50+00:00\",\"dateModified\":\"2018-03-01T02:59:08+00:00\",\"breadcrumb\":{\"@id\":\"https:\/\/mienbacelectric.com\/?product=tu-dien-khien-dong-co-dieu-khien-chieu-sang#breadcrumb\"},\"inLanguage\":\"vi\",\"potentialAction\":[{\"@type\":\"ReadAction\",\"target\":[\"https:\/\/mienbacelectric.com\/?product=tu-dien-khien-dong-co-dieu-khien-chieu-sang\"]}]},{\"@type\":\"ImageObject\",\"inLanguage\":\"vi\",\"@id\":\"https:\/\/mienbacelectric.com\/?product=tu-dien-khien-dong-co-dieu-khien-chieu-sang#primaryimage\",\"url\":\"https:\/\/mienbacelectric.com\/wp-content\/uploads\/2018\/03\/tu-dieu-khien.jpg\",\"contentUrl\":\"https:\/\/mienbacelectric.com\/wp-content\/uploads\/2018\/03\/tu-dieu-khien.jpg\",\"width\":750,\"height\":562},{\"@type\":\"BreadcrumbList\",\"@id\":\"https:\/\/mienbacelectric.com\/?product=tu-dien-khien-dong-co-dieu-khien-chieu-sang#breadcrumb\",\"itemListElement\":[{\"@type\":\"ListItem\",\"position\":1,\"name\":\"Home\",\"item\":\"https:\/\/mienbacelectric.com\/\"},{\"@type\":\"ListItem\",\"position\":2,\"name\":\"S\u1ea3n ph\u1ea9m\",\"item\":\"https:\/\/mienbacelectric.com\/?page_id=54\"},{\"@type\":\"ListItem\",\"position\":3,\"name\":\"T\u1ee6 \u0110I\u1ec0N KHI\u1ec2N \u0110\u1ed8NG C\u01a0, \u0110I\u1ec0U KHI\u1ec2N CHI\u1ebeU S\u00c1NG\"}]},{\"@type\":\"WebSite\",\"@id\":\"https:\/\/mienbacelectric.com\/#website\",\"url\":\"https:\/\/mienbacelectric.com\/\",\"name\":\"C\u00d4NG TY TNHH C\u01a0 \u0110I\u1ec6N MI\u1ec0N B\u1eaeC. HOTLINE 0913.601.155\",\"description\":\"\",\"potentialAction\":[{\"@type\":\"SearchAction\",\"target\":{\"@type\":\"EntryPoint\",\"urlTemplate\":\"https:\/\/mienbacelectric.com\/?s={search_term_string}\"},\"query-input\":\"required name=search_term_string\"}],\"inLanguage\":\"vi\"}]}<\/script>\n<!-- \/ Yoast SEO plugin. -->","yoast_head_json":{"title":"T\u1ee6 \u0110I\u1ec0N KHI\u1ec2N \u0110\u1ed8NG C\u01a0, \u0110I\u1ec0U KHI\u1ec2N CHI\u1ebeU S\u00c1NG - C\u00d4NG TY TNHH C\u01a0 \u0110I\u1ec6N MI\u1ec0N B\u1eaeC. HOTLINE 0913.601.155","robots":{"index":"index","follow":"follow","max-snippet":"max-snippet:-1","max-image-preview":"max-image-preview:large","max-video-preview":"max-video-preview:-1"},"canonical":"https:\/\/mienbacelectric.com\/?product=tu-dien-khien-dong-co-dieu-khien-chieu-sang","og_locale":"vi_VN","og_type":"article","og_title":"T\u1ee6 \u0110I\u1ec0N KHI\u1ec2N \u0110\u1ed8NG C\u01a0, \u0110I\u1ec0U KHI\u1ec2N CHI\u1ebeU S\u00c1NG - C\u00d4NG TY TNHH C\u01a0 \u0110I\u1ec6N MI\u1ec0N B\u1eaeC. HOTLINE 0913.601.155","og_description":"T\u00ean s\u1ea3n ph\u1ea9m: T\u1ee7 \u0111i\u1ec1u khi\u1ec3n \u0111\u1ed9ng c\u01a1, \u0111i\u1ec1u khi\u1ec3n chi\u1ebfu s\u00e1ng.  H\u00e3ng s\u1ea3n xu\u1ea5t: C\u0110MB  Linh ki\u1ec7n: MITSUBISHI, LS, HYUNDAI  T\u00ecnh tr\u1ea1ng: H\u00e0ng m\u1edbi 100%.","og_url":"https:\/\/mienbacelectric.com\/?product=tu-dien-khien-dong-co-dieu-khien-chieu-sang","og_site_name":"C\u00d4NG TY TNHH C\u01a0 \u0110I\u1ec6N MI\u1ec0N B\u1eaeC. HOTLINE 0913.601.155","article_modified_time":"2018-03-01T02:59:08+00:00","og_image":[{"width":750,"height":562,"url":"https:\/\/mienbacelectric.com\/wp-content\/uploads\/2018\/03\/tu-dieu-khien.jpg","type":"image\/jpeg"}],"twitter_card":"summary_large_image","twitter_misc":{"\u01af\u1edbc t\u00ednh th\u1eddi gian \u0111\u1ecdc":"1 ph\u00fat"},"schema":{"@context":"https:\/\/schema.org","@graph":[{"@type":"WebPage","@id":"https:\/\/mienbacelectric.com\/?product=tu-dien-khien-dong-co-dieu-khien-chieu-sang","url":"https:\/\/mienbacelectric.com\/?product=tu-dien-khien-dong-co-dieu-khien-chieu-sang","name":"T\u1ee6 \u0110I\u1ec0N KHI\u1ec2N \u0110\u1ed8NG C\u01a0, \u0110I\u1ec0U KHI\u1ec2N CHI\u1ebeU S\u00c1NG - C\u00d4NG TY TNHH C\u01a0 \u0110I\u1ec6N MI\u1ec0N B\u1eaeC. HOTLINE 0913.601.155","isPartOf":{"@id":"https:\/\/mienbacelectric.com\/#website"},"primaryImageOfPage":{"@id":"https:\/\/mienbacelectric.com\/?product=tu-dien-khien-dong-co-dieu-khien-chieu-sang#primaryimage"},"image":{"@id":"https:\/\/mienbacelectric.com\/?product=tu-dien-khien-dong-co-dieu-khien-chieu-sang#primaryimage"},"thumbnailUrl":"https:\/\/mienbacelectric.com\/wp-content\/uploads\/2018\/03\/tu-dieu-khien.jpg","datePublished":"2018-03-01T02:49:50+00:00","dateModified":"2018-03-01T02:59:08+00:00","breadcrumb":{"@id":"https:\/\/mienbacelectric.com\/?product=tu-dien-khien-dong-co-dieu-khien-chieu-sang#breadcrumb"},"inLanguage":"vi","potentialAction":[{"@type":"ReadAction","target":["https:\/\/mienbacelectric.com\/?product=tu-dien-khien-dong-co-dieu-khien-chieu-sang"]}]},{"@type":"ImageObject","inLanguage":"vi","@id":"https:\/\/mienbacelectric.com\/?product=tu-dien-khien-dong-co-dieu-khien-chieu-sang#primaryimage","url":"https:\/\/mienbacelectric.com\/wp-content\/uploads\/2018\/03\/tu-dieu-khien.jpg","contentUrl":"https:\/\/mienbacelectric.com\/wp-content\/uploads\/2018\/03\/tu-dieu-khien.jpg","width":750,"height":562},{"@type":"BreadcrumbList","@id":"https:\/\/mienbacelectric.com\/?product=tu-dien-khien-dong-co-dieu-khien-chieu-sang#breadcrumb","itemListElement":[{"@type":"ListItem","position":1,"name":"Home","item":"https:\/\/mienbacelectric.com\/"},{"@type":"ListItem","position":2,"name":"S\u1ea3n ph\u1ea9m","item":"https:\/\/mienbacelectric.com\/?page_id=54"},{"@type":"ListItem","position":3,"name":"T\u1ee6 \u0110I\u1ec0N KHI\u1ec2N \u0110\u1ed8NG C\u01a0, \u0110I\u1ec0U KHI\u1ec2N CHI\u1ebeU S\u00c1NG"}]},{"@type":"WebSite","@id":"https:\/\/mienbacelectric.com\/#website","url":"https:\/\/mienbacelectric.com\/","name":"C\u00d4NG TY TNHH C\u01a0 \u0110I\u1ec6N MI\u1ec0N B\u1eaeC. HOTLINE 0913.601.155","description":"","potentialAction":[{"@type":"SearchAction","target":{"@type":"EntryPoint","urlTemplate":"https:\/\/mienbacelectric.com\/?s={search_term_string}"},"query-input":"required name=search_term_string"}],"inLanguage":"vi"}]}},"_links":{"self":[{"href":"https:\/\/mienbacelectric.com\/index.php?rest_route=\/wp\/v2\/product\/1223"}],"collection":[{"href":"https:\/\/mienbacelectric.com\/index.php?rest_route=\/wp\/v2\/product"}],"about":[{"href":"https:\/\/mienbacelectric.com\/index.php?rest_route=\/wp\/v2\/types\/product"}],"replies":[{"embeddable":true,"href":"https:\/\/mienbacelectric.com\/index.php?rest_route=%2Fwp%2Fv2%2Fcomments&post=1223"}],"wp:featuredmedia":[{"embeddable":true,"href":"https:\/\/mienbacelectric.com\/index.php?rest_route=\/wp\/v2\/media\/1224"}],"wp:attachment":[{"href":"https:\/\/mienbacelectric.com\/index.php?rest_route=%2Fwp%2Fv2%2Fmedia&parent=1223"}],"wp:term":[{"taxonomy":"product_cat","embeddable":true,"href":"https:\/\/mienbacelectric.com\/index.php?rest_route=%2Fwp%2Fv2%2Fproduct_cat&post=1223"},{"taxonomy":"product_tag","embeddable":true,"href":"https:\/\/mienbacelectric.com\/index.php?rest_route=%2Fwp%2Fv2%2Fproduct_tag&post=1223"}],"curies":[{"name":"wp","href":"https:\/\/api.w.org\/{rel}","templated":true}]}}