{"id":1220,"date":"2018-03-01T09:43:51","date_gmt":"2018-03-01T02:43:51","guid":{"rendered":"http:\/\/mienbacelectric.com\/?post_type=product&#038;p=1220"},"modified":"2018-03-01T10:06:09","modified_gmt":"2018-03-01T03:06:09","slug":"tu-tu-bu-cong-suat","status":"publish","type":"product","link":"https:\/\/mienbacelectric.com\/?product=tu-tu-bu-cong-suat","title":{"rendered":"T\u1ee6 T\u1ee4 B\u00d9"},"content":{"rendered":"<p><img loading=\"lazy\" decoding=\"async\" class=\"wp-image-1221 aligncenter\" src=\"http:\/\/mienbacelectric.com\/wp-content\/uploads\/2018\/03\/Tu-bu-ha-the.jpg\" alt=\"\" width=\"517\" height=\"388\" srcset=\"https:\/\/mienbacelectric.com\/wp-content\/uploads\/2018\/03\/Tu-bu-ha-the.jpg 2592w, https:\/\/mienbacelectric.com\/wp-content\/uploads\/2018\/03\/Tu-bu-ha-the-300x225.jpg 300w, https:\/\/mienbacelectric.com\/wp-content\/uploads\/2018\/03\/Tu-bu-ha-the-768x576.jpg 768w, https:\/\/mienbacelectric.com\/wp-content\/uploads\/2018\/03\/Tu-bu-ha-the-1024x768.jpg 1024w, https:\/\/mienbacelectric.com\/wp-content\/uploads\/2018\/03\/Tu-bu-ha-the-24x18.jpg 24w, https:\/\/mienbacelectric.com\/wp-content\/uploads\/2018\/03\/Tu-bu-ha-the-36x27.jpg 36w, https:\/\/mienbacelectric.com\/wp-content\/uploads\/2018\/03\/Tu-bu-ha-the-48x36.jpg 48w, https:\/\/mienbacelectric.com\/wp-content\/uploads\/2018\/03\/Tu-bu-ha-the-400x300.jpg 400w\" sizes=\"(max-width: 517px) 100vw, 517px\" \/><\/p>\n<p>\u25aa T\u1ee7 b\u00f9 mang l\u1ea1i nhi\u1ec1u l\u1ee3i \u00edch cho kh\u00e1ch h\u00e0ng bao g\u1ed3m n\u00e2ng cao h\u1ec7 s\u1ed1 c\u00f4ng su\u1ea5t, ti\u1ebft ki\u1ec7m ch\u00ed ph\u00ed, n\u00e2ng cao ch\u1ea5t l\u01b0\u1ee3ng \u0111i\u1ec7n c\u1ee7a t\u1ea3i, gi\u1ea3m c\u00f4ng su\u1ea5t ph\u1ea3n kh\u00e1ng.<\/p>\n<p>\u25aa S\u1eed d\u1ee5ng ph\u01b0\u01a1ng ph\u00e1p b\u00f9 ti\u00ean ti\u1ebfn \u2013b\u00f9 t\u1ef1 \u0111\u1ed9ng.T\u1ee7 b\u00f9 s\u1ebd so s\u00e1nh \u0111\u1ed9 l\u1ec7ch pha gi\u1eefa \u0111i\u1ec7n \u00e1p v\u00e0 d\u00f2ng \u0111i\u1ec7n v\u1edbi gi\u00e1 tr\u1ecb c\u00e0i \u0111\u1eb7t (th\u00f4ng th\u01b0\u1eddng 0.85-0.950) \u0111\u1ec3 t\u1ef1 \u0111\u1ed9ng \u0111\u00f3ng c\u1eaft t\u1ee5 b\u00f9 cho \u0111\u1ebfn khi \u0111\u1ea1t \u0111\u01b0\u1ee3c tr\u1ecb s\u1ed1 nh\u01b0 y\u00eau c\u1ea7u v\u00e0 gi\u1eef h\u1ec7 s\u1ed1 c\u00f4ng su\u1ea5t quanh gi\u00e1 tr\u1ecb c\u00e0i \u0111\u1eb7t.<\/p>\n<p>\u25aa Thi\u1ebft k\u1ebf \u0111\u1eb7c bi\u1ec7t cho ph\u00e9p l\u1eafp \u0111\u1eb7t trong nh\u00e0 v\u00e0 ngo\u00e0i tr\u1eddi, c\u00f3 th\u1ec3 ho\u1ea1t \u0111\u1ed9ng k\u1ebft h\u1ee3p v\u1edbi t\u1ee7 MSB ho\u1eb7c \u0111\u1ed9c l\u1eadp .<\/p>\n<p>\u25aa B\u00f9 ch\u00ednh x\u00e1c v\u1edbi sai s\u1ed1 th\u1ea5p, b\u00f9 t\u1eebng c\u1ea5p, gi\u1ea3m s\u1ed1 l\u1ea7n \u0111\u00f3ng c\u1eaft.<\/p>\n<p>\u25aa C\u00e1c thi\u1ebft b\u1ecb ch\u1ee7 \u0111\u1ea1o nh\u01b0 APFC ( b\u1ed9 \u0111i\u1ec1u khi\u1ec3n b\u00f9 t\u1ef1 \u0111\u1ed9ng), t\u1ee5 b\u00f9 lu\u00f4n \u0111\u01b0\u1ee3c t\u00ednh to\u00e1n k\u0129 l\u01b0\u1ee1ng v\u00e0 l\u1ef1a ch\u1ecdn h\u1ee3p l\u00fd \u0111\u1ec3 th\u00f5a m\u00e3n c\u00e1c th\u00f4ng s\u1ed1 c\u1ee7a kh\u00e1ch h\u00e0ng.<\/p>\n<p>\u25aa \u0110\u1ea3m b\u1ea3o th\u00f4ng gi\u00f3 t\u1ef1 nhi\u00ean v\u00e0 c\u01b0\u1ee1ng b\u1ee9c \u0111\u1ec3 k\u00e9o d\u00e0i tu\u1ed5i th\u1ecd v\u00e0 \u0111\u1ed9 tin c\u1eady.<\/p>\n<p>\u25aa S\u1eed d\u1ee5ng cu\u1ed9n kh\u00e1ng \u0111i\u1ec7n \u0111\u1ec3 gi\u1ea3m d\u00f2ng kh\u1edfi \u0111\u1ed9ng khi \u0111\u00f3ng c\u1eaft t\u1ee5 b\u00f9 ho\u1eb7c s\u1eed d\u1ee5ng thi\u1ebft b\u1ecb kh\u00e1c t\u00f9y y\u00eau c\u1ea7u kh\u00e1ch h\u00e0ng .<\/p>\n","protected":false},"excerpt":{"rendered":"<p>T\u00ean s\u1ea3n ph\u1ea9m: T\u1ee7 t\u1ee5 b\u00f9<\/p>\n<p>H\u00e3ng s\u1ea3n xu\u1ea5t: C\u0110MB<\/p>\n<p>Linh ki\u1ec7n: MITSUBISHI, LS, HYURDAI, NUINTEX<\/p>\n<p>T\u00ecnh tr\u1ea1ng: H\u00e0ng m\u1edbi 100%.<\/p>\n","protected":false},"featured_media":1221,"comment_status":"open","ping_status":"closed","template":"","meta":[],"product_cat":[261,265],"product_tag":[],"yoast_head":"<!-- This site is optimized with the Yoast SEO plugin v22.6 - https:\/\/yoast.com\/wordpress\/plugins\/seo\/ -->\n<title>T\u1ee6 T\u1ee4 B\u00d9 - C\u00d4NG TY TNHH C\u01a0 \u0110I\u1ec6N MI\u1ec0N B\u1eaeC. HOTLINE 0913.601.155<\/title>\n<meta name=\"robots\" content=\"index, follow, max-snippet:-1, max-image-preview:large, max-video-preview:-1\" \/>\n<link rel=\"canonical\" href=\"https:\/\/mienbacelectric.com\/?product=tu-tu-bu-cong-suat\" \/>\n<meta property=\"og:locale\" content=\"vi_VN\" \/>\n<meta property=\"og:type\" content=\"article\" \/>\n<meta property=\"og:title\" content=\"T\u1ee6 T\u1ee4 B\u00d9 - C\u00d4NG TY TNHH C\u01a0 \u0110I\u1ec6N MI\u1ec0N B\u1eaeC. HOTLINE 0913.601.155\" \/>\n<meta property=\"og:description\" content=\"T\u00ean s\u1ea3n ph\u1ea9m: T\u1ee7 t\u1ee5 b\u00f9  H\u00e3ng s\u1ea3n xu\u1ea5t: C\u0110MB  Linh ki\u1ec7n: MITSUBISHI, LS, HYURDAI, NUINTEX  T\u00ecnh tr\u1ea1ng: H\u00e0ng m\u1edbi 100%.\" \/>\n<meta property=\"og:url\" content=\"https:\/\/mienbacelectric.com\/?product=tu-tu-bu-cong-suat\" \/>\n<meta property=\"og:site_name\" content=\"C\u00d4NG TY TNHH C\u01a0 \u0110I\u1ec6N MI\u1ec0N B\u1eaeC. HOTLINE 0913.601.155\" \/>\n<meta property=\"article:modified_time\" content=\"2018-03-01T03:06:09+00:00\" \/>\n<meta property=\"og:image\" content=\"https:\/\/mienbacelectric.com\/wp-content\/uploads\/2018\/03\/Tu-bu-ha-the.jpg\" \/>\n\t<meta property=\"og:image:width\" content=\"2592\" \/>\n\t<meta property=\"og:image:height\" content=\"1944\" \/>\n\t<meta property=\"og:image:type\" content=\"image\/jpeg\" \/>\n<meta name=\"twitter:card\" content=\"summary_large_image\" \/>\n<meta name=\"twitter:label1\" content=\"\u01af\u1edbc t\u00ednh th\u1eddi gian \u0111\u1ecdc\" \/>\n\t<meta name=\"twitter:data1\" content=\"2 ph\u00fat\" \/>\n<script type=\"application\/ld+json\" class=\"yoast-schema-graph\">{\"@context\":\"https:\/\/schema.org\",\"@graph\":[{\"@type\":\"WebPage\",\"@id\":\"https:\/\/mienbacelectric.com\/?product=tu-tu-bu-cong-suat\",\"url\":\"https:\/\/mienbacelectric.com\/?product=tu-tu-bu-cong-suat\",\"name\":\"T\u1ee6 T\u1ee4 B\u00d9 - C\u00d4NG TY TNHH C\u01a0 \u0110I\u1ec6N MI\u1ec0N B\u1eaeC. HOTLINE 0913.601.155\",\"isPartOf\":{\"@id\":\"https:\/\/mienbacelectric.com\/#website\"},\"primaryImageOfPage\":{\"@id\":\"https:\/\/mienbacelectric.com\/?product=tu-tu-bu-cong-suat#primaryimage\"},\"image\":{\"@id\":\"https:\/\/mienbacelectric.com\/?product=tu-tu-bu-cong-suat#primaryimage\"},\"thumbnailUrl\":\"https:\/\/mienbacelectric.com\/wp-content\/uploads\/2018\/03\/Tu-bu-ha-the.jpg\",\"datePublished\":\"2018-03-01T02:43:51+00:00\",\"dateModified\":\"2018-03-01T03:06:09+00:00\",\"breadcrumb\":{\"@id\":\"https:\/\/mienbacelectric.com\/?product=tu-tu-bu-cong-suat#breadcrumb\"},\"inLanguage\":\"vi\",\"potentialAction\":[{\"@type\":\"ReadAction\",\"target\":[\"https:\/\/mienbacelectric.com\/?product=tu-tu-bu-cong-suat\"]}]},{\"@type\":\"ImageObject\",\"inLanguage\":\"vi\",\"@id\":\"https:\/\/mienbacelectric.com\/?product=tu-tu-bu-cong-suat#primaryimage\",\"url\":\"https:\/\/mienbacelectric.com\/wp-content\/uploads\/2018\/03\/Tu-bu-ha-the.jpg\",\"contentUrl\":\"https:\/\/mienbacelectric.com\/wp-content\/uploads\/2018\/03\/Tu-bu-ha-the.jpg\",\"width\":2592,\"height\":1944},{\"@type\":\"BreadcrumbList\",\"@id\":\"https:\/\/mienbacelectric.com\/?product=tu-tu-bu-cong-suat#breadcrumb\",\"itemListElement\":[{\"@type\":\"ListItem\",\"position\":1,\"name\":\"Home\",\"item\":\"https:\/\/mienbacelectric.com\/\"},{\"@type\":\"ListItem\",\"position\":2,\"name\":\"S\u1ea3n ph\u1ea9m\",\"item\":\"https:\/\/mienbacelectric.com\/?page_id=54\"},{\"@type\":\"ListItem\",\"position\":3,\"name\":\"T\u1ee6 T\u1ee4 B\u00d9\"}]},{\"@type\":\"WebSite\",\"@id\":\"https:\/\/mienbacelectric.com\/#website\",\"url\":\"https:\/\/mienbacelectric.com\/\",\"name\":\"C\u00d4NG TY TNHH C\u01a0 \u0110I\u1ec6N MI\u1ec0N B\u1eaeC. HOTLINE 0913.601.155\",\"description\":\"\",\"potentialAction\":[{\"@type\":\"SearchAction\",\"target\":{\"@type\":\"EntryPoint\",\"urlTemplate\":\"https:\/\/mienbacelectric.com\/?s={search_term_string}\"},\"query-input\":\"required name=search_term_string\"}],\"inLanguage\":\"vi\"}]}<\/script>\n<!-- \/ Yoast SEO plugin. -->","yoast_head_json":{"title":"T\u1ee6 T\u1ee4 B\u00d9 - C\u00d4NG TY TNHH C\u01a0 \u0110I\u1ec6N MI\u1ec0N B\u1eaeC. HOTLINE 0913.601.155","robots":{"index":"index","follow":"follow","max-snippet":"max-snippet:-1","max-image-preview":"max-image-preview:large","max-video-preview":"max-video-preview:-1"},"canonical":"https:\/\/mienbacelectric.com\/?product=tu-tu-bu-cong-suat","og_locale":"vi_VN","og_type":"article","og_title":"T\u1ee6 T\u1ee4 B\u00d9 - C\u00d4NG TY TNHH C\u01a0 \u0110I\u1ec6N MI\u1ec0N B\u1eaeC. HOTLINE 0913.601.155","og_description":"T\u00ean s\u1ea3n ph\u1ea9m: T\u1ee7 t\u1ee5 b\u00f9  H\u00e3ng s\u1ea3n xu\u1ea5t: C\u0110MB  Linh ki\u1ec7n: MITSUBISHI, LS, HYURDAI, NUINTEX  T\u00ecnh tr\u1ea1ng: H\u00e0ng m\u1edbi 100%.","og_url":"https:\/\/mienbacelectric.com\/?product=tu-tu-bu-cong-suat","og_site_name":"C\u00d4NG TY TNHH C\u01a0 \u0110I\u1ec6N MI\u1ec0N B\u1eaeC. HOTLINE 0913.601.155","article_modified_time":"2018-03-01T03:06:09+00:00","og_image":[{"width":2592,"height":1944,"url":"https:\/\/mienbacelectric.com\/wp-content\/uploads\/2018\/03\/Tu-bu-ha-the.jpg","type":"image\/jpeg"}],"twitter_card":"summary_large_image","twitter_misc":{"\u01af\u1edbc t\u00ednh th\u1eddi gian \u0111\u1ecdc":"2 ph\u00fat"},"schema":{"@context":"https:\/\/schema.org","@graph":[{"@type":"WebPage","@id":"https:\/\/mienbacelectric.com\/?product=tu-tu-bu-cong-suat","url":"https:\/\/mienbacelectric.com\/?product=tu-tu-bu-cong-suat","name":"T\u1ee6 T\u1ee4 B\u00d9 - C\u00d4NG TY TNHH C\u01a0 \u0110I\u1ec6N MI\u1ec0N B\u1eaeC. HOTLINE 0913.601.155","isPartOf":{"@id":"https:\/\/mienbacelectric.com\/#website"},"primaryImageOfPage":{"@id":"https:\/\/mienbacelectric.com\/?product=tu-tu-bu-cong-suat#primaryimage"},"image":{"@id":"https:\/\/mienbacelectric.com\/?product=tu-tu-bu-cong-suat#primaryimage"},"thumbnailUrl":"https:\/\/mienbacelectric.com\/wp-content\/uploads\/2018\/03\/Tu-bu-ha-the.jpg","datePublished":"2018-03-01T02:43:51+00:00","dateModified":"2018-03-01T03:06:09+00:00","breadcrumb":{"@id":"https:\/\/mienbacelectric.com\/?product=tu-tu-bu-cong-suat#breadcrumb"},"inLanguage":"vi","potentialAction":[{"@type":"ReadAction","target":["https:\/\/mienbacelectric.com\/?product=tu-tu-bu-cong-suat"]}]},{"@type":"ImageObject","inLanguage":"vi","@id":"https:\/\/mienbacelectric.com\/?product=tu-tu-bu-cong-suat#primaryimage","url":"https:\/\/mienbacelectric.com\/wp-content\/uploads\/2018\/03\/Tu-bu-ha-the.jpg","contentUrl":"https:\/\/mienbacelectric.com\/wp-content\/uploads\/2018\/03\/Tu-bu-ha-the.jpg","width":2592,"height":1944},{"@type":"BreadcrumbList","@id":"https:\/\/mienbacelectric.com\/?product=tu-tu-bu-cong-suat#breadcrumb","itemListElement":[{"@type":"ListItem","position":1,"name":"Home","item":"https:\/\/mienbacelectric.com\/"},{"@type":"ListItem","position":2,"name":"S\u1ea3n ph\u1ea9m","item":"https:\/\/mienbacelectric.com\/?page_id=54"},{"@type":"ListItem","position":3,"name":"T\u1ee6 T\u1ee4 B\u00d9"}]},{"@type":"WebSite","@id":"https:\/\/mienbacelectric.com\/#website","url":"https:\/\/mienbacelectric.com\/","name":"C\u00d4NG TY TNHH C\u01a0 \u0110I\u1ec6N MI\u1ec0N B\u1eaeC. HOTLINE 0913.601.155","description":"","potentialAction":[{"@type":"SearchAction","target":{"@type":"EntryPoint","urlTemplate":"https:\/\/mienbacelectric.com\/?s={search_term_string}"},"query-input":"required name=search_term_string"}],"inLanguage":"vi"}]}},"_links":{"self":[{"href":"https:\/\/mienbacelectric.com\/index.php?rest_route=\/wp\/v2\/product\/1220"}],"collection":[{"href":"https:\/\/mienbacelectric.com\/index.php?rest_route=\/wp\/v2\/product"}],"about":[{"href":"https:\/\/mienbacelectric.com\/index.php?rest_route=\/wp\/v2\/types\/product"}],"replies":[{"embeddable":true,"href":"https:\/\/mienbacelectric.com\/index.php?rest_route=%2Fwp%2Fv2%2Fcomments&post=1220"}],"wp:featuredmedia":[{"embeddable":true,"href":"https:\/\/mienbacelectric.com\/index.php?rest_route=\/wp\/v2\/media\/1221"}],"wp:attachment":[{"href":"https:\/\/mienbacelectric.com\/index.php?rest_route=%2Fwp%2Fv2%2Fmedia&parent=1220"}],"wp:term":[{"taxonomy":"product_cat","embeddable":true,"href":"https:\/\/mienbacelectric.com\/index.php?rest_route=%2Fwp%2Fv2%2Fproduct_cat&post=1220"},{"taxonomy":"product_tag","embeddable":true,"href":"https:\/\/mienbacelectric.com\/index.php?rest_route=%2Fwp%2Fv2%2Fproduct_tag&post=1220"}],"curies":[{"name":"wp","href":"https:\/\/api.w.org\/{rel}","templated":true}]}}