{"id":1218,"date":"2018-03-01T09:38:54","date_gmt":"2018-03-01T02:38:54","guid":{"rendered":"http:\/\/mienbacelectric.com\/?post_type=product&#038;p=1218"},"modified":"2018-03-01T10:06:51","modified_gmt":"2018-03-01T03:06:51","slug":"tu-chuyen-nguon-tu-dong-ats","status":"publish","type":"product","link":"https:\/\/mienbacelectric.com\/?product=tu-chuyen-nguon-tu-dong-ats","title":{"rendered":"T\u1ee6 CHUY\u1ec2N NGU\u1ed2N T\u1ef0 \u0110\u1ed8NG ATS"},"content":{"rendered":"<p><img loading=\"lazy\" decoding=\"async\" class=\"wp-image-1219 aligncenter\" src=\"http:\/\/mienbacelectric.com\/wp-content\/uploads\/2018\/03\/Tu-chuyen-nguon-tu-dong.jpg\" alt=\"\" width=\"488\" height=\"734\" srcset=\"https:\/\/mienbacelectric.com\/wp-content\/uploads\/2018\/03\/Tu-chuyen-nguon-tu-dong.jpg 2000w, https:\/\/mienbacelectric.com\/wp-content\/uploads\/2018\/03\/Tu-chuyen-nguon-tu-dong-199x300.jpg 199w, https:\/\/mienbacelectric.com\/wp-content\/uploads\/2018\/03\/Tu-chuyen-nguon-tu-dong-768x1155.jpg 768w, https:\/\/mienbacelectric.com\/wp-content\/uploads\/2018\/03\/Tu-chuyen-nguon-tu-dong-681x1024.jpg 681w, https:\/\/mienbacelectric.com\/wp-content\/uploads\/2018\/03\/Tu-chuyen-nguon-tu-dong-16x24.jpg 16w, https:\/\/mienbacelectric.com\/wp-content\/uploads\/2018\/03\/Tu-chuyen-nguon-tu-dong-24x36.jpg 24w, https:\/\/mienbacelectric.com\/wp-content\/uploads\/2018\/03\/Tu-chuyen-nguon-tu-dong-32x48.jpg 32w, https:\/\/mienbacelectric.com\/wp-content\/uploads\/2018\/03\/Tu-chuyen-nguon-tu-dong-400x602.jpg 400w\" sizes=\"(max-width: 488px) 100vw, 488px\" \/><\/p>\n<p>T\u1ee7 ATS l\u00e0 h\u1ec7 th\u1ed1ng chuy\u1ec3n \u0111\u1ed5i ngu\u1ed3n t\u1ef1 \u0111\u1ed9ng, c\u00f3 t\u00e1c d\u1ee5ng khi \u0111i\u1ec7n l\u01b0\u1edbi m\u1ea5t th\u00ec m\u00e1y ph\u00e1t t\u1ef1 \u0111\u1ed9ng kh\u1edfi \u0111\u1ed9ng v\u00e0 \u0111\u00f3ng \u0111i\u1ec7n cho ph\u1ee5 t\u1ea3i. Khi ngu\u1ed3n l\u01b0\u1edbi ph\u1ee5c h\u1ed3i th\u00ec h\u1ec7 th\u1ed1ng t\u1ef1 chuy\u1ec3n ngu\u1ed3n tr\u1edf l\u1ea1i v\u00e0 t\u1ef1 \u0111\u1ed9ng t\u1eaft m\u00e1y ph\u00e1t.<\/p>\n<p>\u25aa\u00a0T\u1ee7 chuy\u1ec3n \u0111\u1ed5i ngu\u1ed3n t\u1ef1 \u0111\u1ed9ng (ATS) th\u01b0\u1eddng c\u00f3 ch\u1ee9c n\u0103ng b\u1ea3o v\u1ec7 khi \u0111i\u1ec7n L\u01b0\u1edbi v\u00e0 \u0111i\u1ec7n m\u00e1y b\u1ecb s\u1ef1 c\u1ed1 nh\u01b0: m\u1ea5t pha, m\u1ea5t trung t\u00ednh, th\u1ea5p \u00e1p (tu\u1ef3 ch\u1ec9nh) th\u1eddi gian chuy\u1ec3n \u0111\u1ed5i c\u00f3 th\u1ec3 \u0111i\u1ec1u ch\u1ec9nh.<br \/>\n\u25aa\u00a0Ch\u1ee9c n\u0103ng ho\u1ea1t \u0111\u1ed9ng c\u1ee7a t\u1ee7 ATS:<\/p>\n<p>\u2022 T\u1ef1 \u0111\u1ed9ng g\u1eedi t\u00edn hi\u1ec7u kh\u1edfi \u0111\u1ed9ng m\u00e1y khi: \u0111i\u1ec7n l\u01b0\u1edbi m\u1ea5t ho\u00e0n to\u00e0n, \u0111i\u1ec7n l\u01b0\u1edbi m\u1ea5t pha, \u0111i\u1ec7n l\u01b0\u1edbi c\u00f3 \u0111i\u1ec7n \u00e1p th\u1ea5p h\u01a1n gi\u00e1 tr\u1ecb cho ph\u00e9p (gi\u00e1 tr\u1ecb n\u00e0y c\u00f3 th\u1ec3 \u0111i\u1ec1u ch\u1ec9nh \u0111\u01b0\u1ee3c). Th\u1eddi gian chuy\u1ec3n \u0111\u1ed5i sang ngu\u1ed3n m\u00e1y ph\u00e1t l\u00e0 5 \u2013 30 gi\u00e2y<br \/>\n\u2022 Khi \u0111i\u1ec7n l\u01b0\u1edbi ph\u1ee5c h\u1ed3i, b\u1ed9 ATS ngay l\u1eadp t\u1ee9c chuy\u1ec3n ph\u1ee5 t\u1ea3i sang ngu\u1ed3n l\u01b0\u1edbi. M\u00e1y t\u1ef1 \u0111\u1ed9ng t\u1eaft sau khi ch\u1ea1y l\u00e0m m\u00e1t 1 -2 ph\u00fat.<br \/>\n\u2022 C\u00f3 kh\u1ea3 n\u0103ng v\u1eadn h\u00e0nh t\u1ef1 \u0111\u1ed9ng ho\u1eb7c b\u1eb1ng tay.<br \/>\n\u2022 \u0110i\u1ec1u ch\u1ec9nh \u0111\u01b0\u1ee3c th\u1eddi gian chuy\u1ec3n m\u1ea1ch.<br \/>\n\u2022 C\u00f3 h\u1ec7 th\u1ed1ng \u0111\u00e8n ch\u1ec9 th\u1ecb.<\/p>\n","protected":false},"excerpt":{"rendered":"<p>T\u00ean s\u1ea3n ph\u1ea9m:\u00a0<a id=\"ctl00_ContentPlaceHolder1_lblTitle\"><\/a><span style=\"font-size: 14px;\">\u1ee6 CHUY\u1ec2N NGU\u1ed2N T\u1ef0 \u0110\u1ed8NG ATS<\/span><\/p>\n<p>H\u00e3ng s\u1ea3n xu\u1ea5t: C\u0110MB<\/p>\n<p>Linh ki\u1ec7n: MITSUBISHI, LS, HYURDAI<\/p>\n<p>T\u00ecnh tr\u1ea1ng: H\u00e0ng m\u1edbi 100%.<\/p>\n<div id=\"desPro\"><\/div>\n","protected":false},"featured_media":1219,"comment_status":"open","ping_status":"closed","template":"","meta":[],"product_cat":[261,265],"product_tag":[],"yoast_head":"<!-- This site is optimized with the Yoast SEO plugin v22.6 - https:\/\/yoast.com\/wordpress\/plugins\/seo\/ -->\n<title>T\u1ee6 CHUY\u1ec2N NGU\u1ed2N T\u1ef0 \u0110\u1ed8NG ATS - C\u00d4NG TY TNHH C\u01a0 \u0110I\u1ec6N MI\u1ec0N B\u1eaeC. HOTLINE 0913.601.155<\/title>\n<meta name=\"robots\" content=\"index, follow, max-snippet:-1, max-image-preview:large, max-video-preview:-1\" \/>\n<link rel=\"canonical\" href=\"https:\/\/mienbacelectric.com\/?product=tu-chuyen-nguon-tu-dong-ats\" \/>\n<meta property=\"og:locale\" content=\"vi_VN\" \/>\n<meta property=\"og:type\" content=\"article\" \/>\n<meta property=\"og:title\" content=\"T\u1ee6 CHUY\u1ec2N NGU\u1ed2N T\u1ef0 \u0110\u1ed8NG ATS - C\u00d4NG TY TNHH C\u01a0 \u0110I\u1ec6N MI\u1ec0N B\u1eaeC. HOTLINE 0913.601.155\" \/>\n<meta property=\"og:description\" content=\"T\u00ean s\u1ea3n ph\u1ea9m:\u00a0\u1ee6 CHUY\u1ec2N NGU\u1ed2N T\u1ef0 \u0110\u1ed8NG ATS  H\u00e3ng s\u1ea3n xu\u1ea5t: C\u0110MB  Linh ki\u1ec7n: MITSUBISHI, LS, HYURDAI  T\u00ecnh tr\u1ea1ng: H\u00e0ng m\u1edbi 100%.\" \/>\n<meta property=\"og:url\" content=\"https:\/\/mienbacelectric.com\/?product=tu-chuyen-nguon-tu-dong-ats\" \/>\n<meta property=\"og:site_name\" content=\"C\u00d4NG TY TNHH C\u01a0 \u0110I\u1ec6N MI\u1ec0N B\u1eaeC. HOTLINE 0913.601.155\" \/>\n<meta property=\"article:modified_time\" content=\"2018-03-01T03:06:51+00:00\" \/>\n<meta property=\"og:image\" content=\"https:\/\/mienbacelectric.com\/wp-content\/uploads\/2018\/03\/Tu-chuyen-nguon-tu-dong-681x1024.jpg\" \/>\n\t<meta property=\"og:image:width\" content=\"681\" \/>\n\t<meta property=\"og:image:height\" content=\"1024\" \/>\n\t<meta property=\"og:image:type\" content=\"image\/jpeg\" \/>\n<meta name=\"twitter:card\" content=\"summary_large_image\" \/>\n<meta name=\"twitter:label1\" content=\"\u01af\u1edbc t\u00ednh th\u1eddi gian \u0111\u1ecdc\" \/>\n\t<meta name=\"twitter:data1\" content=\"1 ph\u00fat\" \/>\n<script type=\"application\/ld+json\" class=\"yoast-schema-graph\">{\"@context\":\"https:\/\/schema.org\",\"@graph\":[{\"@type\":\"WebPage\",\"@id\":\"https:\/\/mienbacelectric.com\/?product=tu-chuyen-nguon-tu-dong-ats\",\"url\":\"https:\/\/mienbacelectric.com\/?product=tu-chuyen-nguon-tu-dong-ats\",\"name\":\"T\u1ee6 CHUY\u1ec2N NGU\u1ed2N T\u1ef0 \u0110\u1ed8NG ATS - C\u00d4NG TY TNHH C\u01a0 \u0110I\u1ec6N MI\u1ec0N B\u1eaeC. HOTLINE 0913.601.155\",\"isPartOf\":{\"@id\":\"https:\/\/mienbacelectric.com\/#website\"},\"primaryImageOfPage\":{\"@id\":\"https:\/\/mienbacelectric.com\/?product=tu-chuyen-nguon-tu-dong-ats#primaryimage\"},\"image\":{\"@id\":\"https:\/\/mienbacelectric.com\/?product=tu-chuyen-nguon-tu-dong-ats#primaryimage\"},\"thumbnailUrl\":\"https:\/\/mienbacelectric.com\/wp-content\/uploads\/2018\/03\/Tu-chuyen-nguon-tu-dong.jpg\",\"datePublished\":\"2018-03-01T02:38:54+00:00\",\"dateModified\":\"2018-03-01T03:06:51+00:00\",\"breadcrumb\":{\"@id\":\"https:\/\/mienbacelectric.com\/?product=tu-chuyen-nguon-tu-dong-ats#breadcrumb\"},\"inLanguage\":\"vi\",\"potentialAction\":[{\"@type\":\"ReadAction\",\"target\":[\"https:\/\/mienbacelectric.com\/?product=tu-chuyen-nguon-tu-dong-ats\"]}]},{\"@type\":\"ImageObject\",\"inLanguage\":\"vi\",\"@id\":\"https:\/\/mienbacelectric.com\/?product=tu-chuyen-nguon-tu-dong-ats#primaryimage\",\"url\":\"https:\/\/mienbacelectric.com\/wp-content\/uploads\/2018\/03\/Tu-chuyen-nguon-tu-dong.jpg\",\"contentUrl\":\"https:\/\/mienbacelectric.com\/wp-content\/uploads\/2018\/03\/Tu-chuyen-nguon-tu-dong.jpg\",\"width\":2000,\"height\":3008},{\"@type\":\"BreadcrumbList\",\"@id\":\"https:\/\/mienbacelectric.com\/?product=tu-chuyen-nguon-tu-dong-ats#breadcrumb\",\"itemListElement\":[{\"@type\":\"ListItem\",\"position\":1,\"name\":\"Home\",\"item\":\"https:\/\/mienbacelectric.com\/\"},{\"@type\":\"ListItem\",\"position\":2,\"name\":\"S\u1ea3n ph\u1ea9m\",\"item\":\"https:\/\/mienbacelectric.com\/?page_id=54\"},{\"@type\":\"ListItem\",\"position\":3,\"name\":\"T\u1ee6 CHUY\u1ec2N NGU\u1ed2N T\u1ef0 \u0110\u1ed8NG ATS\"}]},{\"@type\":\"WebSite\",\"@id\":\"https:\/\/mienbacelectric.com\/#website\",\"url\":\"https:\/\/mienbacelectric.com\/\",\"name\":\"C\u00d4NG TY TNHH C\u01a0 \u0110I\u1ec6N MI\u1ec0N B\u1eaeC. HOTLINE 0913.601.155\",\"description\":\"\",\"potentialAction\":[{\"@type\":\"SearchAction\",\"target\":{\"@type\":\"EntryPoint\",\"urlTemplate\":\"https:\/\/mienbacelectric.com\/?s={search_term_string}\"},\"query-input\":\"required name=search_term_string\"}],\"inLanguage\":\"vi\"}]}<\/script>\n<!-- \/ Yoast SEO plugin. -->","yoast_head_json":{"title":"T\u1ee6 CHUY\u1ec2N NGU\u1ed2N T\u1ef0 \u0110\u1ed8NG ATS - C\u00d4NG TY TNHH C\u01a0 \u0110I\u1ec6N MI\u1ec0N B\u1eaeC. HOTLINE 0913.601.155","robots":{"index":"index","follow":"follow","max-snippet":"max-snippet:-1","max-image-preview":"max-image-preview:large","max-video-preview":"max-video-preview:-1"},"canonical":"https:\/\/mienbacelectric.com\/?product=tu-chuyen-nguon-tu-dong-ats","og_locale":"vi_VN","og_type":"article","og_title":"T\u1ee6 CHUY\u1ec2N NGU\u1ed2N T\u1ef0 \u0110\u1ed8NG ATS - C\u00d4NG TY TNHH C\u01a0 \u0110I\u1ec6N MI\u1ec0N B\u1eaeC. HOTLINE 0913.601.155","og_description":"T\u00ean s\u1ea3n ph\u1ea9m:\u00a0\u1ee6 CHUY\u1ec2N NGU\u1ed2N T\u1ef0 \u0110\u1ed8NG ATS  H\u00e3ng s\u1ea3n xu\u1ea5t: C\u0110MB  Linh ki\u1ec7n: MITSUBISHI, LS, HYURDAI  T\u00ecnh tr\u1ea1ng: H\u00e0ng m\u1edbi 100%.","og_url":"https:\/\/mienbacelectric.com\/?product=tu-chuyen-nguon-tu-dong-ats","og_site_name":"C\u00d4NG TY TNHH C\u01a0 \u0110I\u1ec6N MI\u1ec0N B\u1eaeC. HOTLINE 0913.601.155","article_modified_time":"2018-03-01T03:06:51+00:00","og_image":[{"width":681,"height":1024,"url":"https:\/\/mienbacelectric.com\/wp-content\/uploads\/2018\/03\/Tu-chuyen-nguon-tu-dong-681x1024.jpg","type":"image\/jpeg"}],"twitter_card":"summary_large_image","twitter_misc":{"\u01af\u1edbc t\u00ednh th\u1eddi gian \u0111\u1ecdc":"1 ph\u00fat"},"schema":{"@context":"https:\/\/schema.org","@graph":[{"@type":"WebPage","@id":"https:\/\/mienbacelectric.com\/?product=tu-chuyen-nguon-tu-dong-ats","url":"https:\/\/mienbacelectric.com\/?product=tu-chuyen-nguon-tu-dong-ats","name":"T\u1ee6 CHUY\u1ec2N NGU\u1ed2N T\u1ef0 \u0110\u1ed8NG ATS - C\u00d4NG TY TNHH C\u01a0 \u0110I\u1ec6N MI\u1ec0N B\u1eaeC. HOTLINE 0913.601.155","isPartOf":{"@id":"https:\/\/mienbacelectric.com\/#website"},"primaryImageOfPage":{"@id":"https:\/\/mienbacelectric.com\/?product=tu-chuyen-nguon-tu-dong-ats#primaryimage"},"image":{"@id":"https:\/\/mienbacelectric.com\/?product=tu-chuyen-nguon-tu-dong-ats#primaryimage"},"thumbnailUrl":"https:\/\/mienbacelectric.com\/wp-content\/uploads\/2018\/03\/Tu-chuyen-nguon-tu-dong.jpg","datePublished":"2018-03-01T02:38:54+00:00","dateModified":"2018-03-01T03:06:51+00:00","breadcrumb":{"@id":"https:\/\/mienbacelectric.com\/?product=tu-chuyen-nguon-tu-dong-ats#breadcrumb"},"inLanguage":"vi","potentialAction":[{"@type":"ReadAction","target":["https:\/\/mienbacelectric.com\/?product=tu-chuyen-nguon-tu-dong-ats"]}]},{"@type":"ImageObject","inLanguage":"vi","@id":"https:\/\/mienbacelectric.com\/?product=tu-chuyen-nguon-tu-dong-ats#primaryimage","url":"https:\/\/mienbacelectric.com\/wp-content\/uploads\/2018\/03\/Tu-chuyen-nguon-tu-dong.jpg","contentUrl":"https:\/\/mienbacelectric.com\/wp-content\/uploads\/2018\/03\/Tu-chuyen-nguon-tu-dong.jpg","width":2000,"height":3008},{"@type":"BreadcrumbList","@id":"https:\/\/mienbacelectric.com\/?product=tu-chuyen-nguon-tu-dong-ats#breadcrumb","itemListElement":[{"@type":"ListItem","position":1,"name":"Home","item":"https:\/\/mienbacelectric.com\/"},{"@type":"ListItem","position":2,"name":"S\u1ea3n ph\u1ea9m","item":"https:\/\/mienbacelectric.com\/?page_id=54"},{"@type":"ListItem","position":3,"name":"T\u1ee6 CHUY\u1ec2N NGU\u1ed2N T\u1ef0 \u0110\u1ed8NG ATS"}]},{"@type":"WebSite","@id":"https:\/\/mienbacelectric.com\/#website","url":"https:\/\/mienbacelectric.com\/","name":"C\u00d4NG TY TNHH C\u01a0 \u0110I\u1ec6N MI\u1ec0N B\u1eaeC. HOTLINE 0913.601.155","description":"","potentialAction":[{"@type":"SearchAction","target":{"@type":"EntryPoint","urlTemplate":"https:\/\/mienbacelectric.com\/?s={search_term_string}"},"query-input":"required name=search_term_string"}],"inLanguage":"vi"}]}},"_links":{"self":[{"href":"https:\/\/mienbacelectric.com\/index.php?rest_route=\/wp\/v2\/product\/1218"}],"collection":[{"href":"https:\/\/mienbacelectric.com\/index.php?rest_route=\/wp\/v2\/product"}],"about":[{"href":"https:\/\/mienbacelectric.com\/index.php?rest_route=\/wp\/v2\/types\/product"}],"replies":[{"embeddable":true,"href":"https:\/\/mienbacelectric.com\/index.php?rest_route=%2Fwp%2Fv2%2Fcomments&post=1218"}],"wp:featuredmedia":[{"embeddable":true,"href":"https:\/\/mienbacelectric.com\/index.php?rest_route=\/wp\/v2\/media\/1219"}],"wp:attachment":[{"href":"https:\/\/mienbacelectric.com\/index.php?rest_route=%2Fwp%2Fv2%2Fmedia&parent=1218"}],"wp:term":[{"taxonomy":"product_cat","embeddable":true,"href":"https:\/\/mienbacelectric.com\/index.php?rest_route=%2Fwp%2Fv2%2Fproduct_cat&post=1218"},{"taxonomy":"product_tag","embeddable":true,"href":"https:\/\/mienbacelectric.com\/index.php?rest_route=%2Fwp%2Fv2%2Fproduct_tag&post=1218"}],"curies":[{"name":"wp","href":"https:\/\/api.w.org\/{rel}","templated":true}]}}