{"id":1216,"date":"2018-03-01T09:34:09","date_gmt":"2018-03-01T02:34:09","guid":{"rendered":"http:\/\/mienbacelectric.com\/?post_type=product&#038;p=1216"},"modified":"2018-03-01T10:07:19","modified_gmt":"2018-03-01T03:07:19","slug":"tu-ha-phan-phoi-db","status":"publish","type":"product","link":"https:\/\/mienbacelectric.com\/?product=tu-ha-phan-phoi-db","title":{"rendered":"T\u1ee6 H\u1ea0 TH\u1ebe PH\u00c2N PH\u1ed0I &#8211; DB"},"content":{"rendered":"<p>&nbsp;<\/p>\n<p><img loading=\"lazy\" decoding=\"async\" class=\"alignnone wp-image-1217\" src=\"http:\/\/mienbacelectric.com\/wp-content\/uploads\/2018\/03\/ha-the-1.jpg\" alt=\"\" width=\"556\" height=\"741\" srcset=\"https:\/\/mienbacelectric.com\/wp-content\/uploads\/2018\/03\/ha-the-1.jpg 1024w, https:\/\/mienbacelectric.com\/wp-content\/uploads\/2018\/03\/ha-the-1-225x300.jpg 225w, https:\/\/mienbacelectric.com\/wp-content\/uploads\/2018\/03\/ha-the-1-768x1024.jpg 768w, https:\/\/mienbacelectric.com\/wp-content\/uploads\/2018\/03\/ha-the-1-18x24.jpg 18w, https:\/\/mienbacelectric.com\/wp-content\/uploads\/2018\/03\/ha-the-1-27x36.jpg 27w, https:\/\/mienbacelectric.com\/wp-content\/uploads\/2018\/03\/ha-the-1-36x48.jpg 36w, https:\/\/mienbacelectric.com\/wp-content\/uploads\/2018\/03\/ha-the-1-400x533.jpg 400w\" sizes=\"(max-width: 556px) 100vw, 556px\" \/><\/p>\n<p>T\u1ee7 ph\u00e2n ph\u1ed1i \u0111i\u1ec7n (DB) \u0111\u01b0\u1ee3c thi\u1ebft k\u1ebf chu\u1ea9n t\u1ea1o \u0111i\u1ec1u ki\u1ec7n thu\u1eadn l\u1ee3i cho vi\u1ec7c l\u1ef1a ch\u1ecdn \u0111\u1ec3 \u1ee9ng d\u1ee5ng v\u00e0o c\u00e1c c\u00f4ng tr\u00ecnh. Nh\u1eefng \u01b0u \u0111i\u1ec3m c\u1ee7a t\u1ee7 \u0111i\u1ec7n n\u00e0y l\u00e0:<\/p>\n<p>\u25aa Kh\u00f4ng gian r\u1ed9ng d\u1ec5 d\u00e0ng \u0111\u1ea5u d\u00e2y v\u00e0o v\u00e0 ra.<\/p>\n<p>\u25aa C\u00e1c m\u1ea1ch \u0111i\u1ec7n \u0111\u01b0\u1ee3c ch\u1ec9 th\u1ecb r\u00f5 r\u00e0ng.<\/p>\n<p>\u25aa C\u00f3 th\u1ec3 k\u1ebft n\u1ed1i m\u1edf r\u1ed9ng.<\/p>\n<p>\u25aa\u00a0<b>\u00a0<\/b>Thi\u1ebft k\u1ebf theo ti\u00eau chu\u1ea9n qu\u1ed1c t\u1ebf. \u0110\u1ea7u v\u00e0o c\u1ee7a t\u1ee7 \u0111i\u1ec7n c\u00f3 th\u1ec3 l\u1eafp nhi\u1ec1u thi\u1ebft b\u1ecb kh\u00e1c nhau nh\u01b0: C\u1ea7u dao c\u00e1ch ly, MCCB, MCB, ELCB ho\u1eb7c \u0111\u1ea5u n\u1ed1i tr\u1ef1c ti\u1ebfp. \u0110\u1ea7u ra l\u00e0 MCB 1 c\u1ef1c ho\u1eb7c 3 c\u1ef1c lo\u1ea1i g\u1eafn tr\u00ean din-rail.<\/p>\n<p>\u25aa T\u1ee7 \u0111i\u1ec7n h\u1ea1 th\u1ebf MDB, DB c\u00f3 th\u1ec3 l\u1eafp \u0111\u1eb7t n\u1ed5i ho\u1eb7c \u00e2m t\u01b0\u1eddng.<\/p>\n<p>\u25aa Ti\u00eau chu\u1ea9n : IEC 61439-1.IEC 60947-2, IEC 61641, IEC 60529<\/p>\n<p>\u25aa \u0110i\u1ec7n \u00e1p \u0111\u1ecbnh m\u1ee9c : M\u1ed9t pha: 230V, 50Hz.<\/p>\n","protected":false},"excerpt":{"rendered":"<p>T\u00ean s\u1ea3n ph\u1ea9m: T<span style=\"font-size: 16px;\">\u1ee6 H\u1ea0 TH\u1ebe PH\u00c2N PH\u1ed0I &#8211; DB<\/span><\/p>\n<p>H\u00e3ng s\u1ea3n xu\u1ea5t: C\u0110MB<\/p>\n<p>Linh ki\u1ec7n ch\u00ednh h\u00e3ng: HYUNDAI; LS, MITSUBISHI<\/p>\n<p>T\u00ecnh tr\u1ea1ng: H\u00e0ng m\u1edbi 100%.<\/p>\n<p>&nbsp;<\/p>\n","protected":false},"featured_media":1217,"comment_status":"open","ping_status":"closed","template":"","meta":[],"product_cat":[261,265,268],"product_tag":[],"yoast_head":"<!-- This site is optimized with the Yoast SEO plugin v22.6 - https:\/\/yoast.com\/wordpress\/plugins\/seo\/ -->\n<title>T\u1ee6 H\u1ea0 TH\u1ebe PH\u00c2N PH\u1ed0I - DB - C\u00d4NG TY TNHH C\u01a0 \u0110I\u1ec6N MI\u1ec0N B\u1eaeC. HOTLINE 0913.601.155<\/title>\n<meta name=\"robots\" content=\"index, follow, max-snippet:-1, max-image-preview:large, max-video-preview:-1\" \/>\n<link rel=\"canonical\" href=\"https:\/\/mienbacelectric.com\/?product=tu-ha-phan-phoi-db\" \/>\n<meta property=\"og:locale\" content=\"vi_VN\" \/>\n<meta property=\"og:type\" content=\"article\" \/>\n<meta property=\"og:title\" content=\"T\u1ee6 H\u1ea0 TH\u1ebe PH\u00c2N PH\u1ed0I - DB - C\u00d4NG TY TNHH C\u01a0 \u0110I\u1ec6N MI\u1ec0N B\u1eaeC. HOTLINE 0913.601.155\" \/>\n<meta property=\"og:description\" content=\"T\u00ean s\u1ea3n ph\u1ea9m: T\u1ee6 H\u1ea0 TH\u1ebe PH\u00c2N PH\u1ed0I - DB  H\u00e3ng s\u1ea3n xu\u1ea5t: C\u0110MB  Linh ki\u1ec7n ch\u00ednh h\u00e3ng: HYUNDAI; LS, MITSUBISHI  T\u00ecnh tr\u1ea1ng: H\u00e0ng m\u1edbi 100%.  &nbsp;\" \/>\n<meta property=\"og:url\" content=\"https:\/\/mienbacelectric.com\/?product=tu-ha-phan-phoi-db\" \/>\n<meta property=\"og:site_name\" content=\"C\u00d4NG TY TNHH C\u01a0 \u0110I\u1ec6N MI\u1ec0N B\u1eaeC. HOTLINE 0913.601.155\" \/>\n<meta property=\"article:modified_time\" content=\"2018-03-01T03:07:19+00:00\" \/>\n<meta property=\"og:image\" content=\"https:\/\/mienbacelectric.com\/wp-content\/uploads\/2018\/03\/ha-the-1.jpg\" \/>\n\t<meta property=\"og:image:width\" content=\"1024\" \/>\n\t<meta property=\"og:image:height\" content=\"1365\" \/>\n\t<meta property=\"og:image:type\" content=\"image\/jpeg\" \/>\n<meta name=\"twitter:card\" content=\"summary_large_image\" \/>\n<meta name=\"twitter:label1\" content=\"\u01af\u1edbc t\u00ednh th\u1eddi gian \u0111\u1ecdc\" \/>\n\t<meta name=\"twitter:data1\" content=\"1 ph\u00fat\" \/>\n<script type=\"application\/ld+json\" class=\"yoast-schema-graph\">{\"@context\":\"https:\/\/schema.org\",\"@graph\":[{\"@type\":\"WebPage\",\"@id\":\"https:\/\/mienbacelectric.com\/?product=tu-ha-phan-phoi-db\",\"url\":\"https:\/\/mienbacelectric.com\/?product=tu-ha-phan-phoi-db\",\"name\":\"T\u1ee6 H\u1ea0 TH\u1ebe PH\u00c2N PH\u1ed0I - DB - C\u00d4NG TY TNHH C\u01a0 \u0110I\u1ec6N MI\u1ec0N B\u1eaeC. HOTLINE 0913.601.155\",\"isPartOf\":{\"@id\":\"https:\/\/mienbacelectric.com\/#website\"},\"primaryImageOfPage\":{\"@id\":\"https:\/\/mienbacelectric.com\/?product=tu-ha-phan-phoi-db#primaryimage\"},\"image\":{\"@id\":\"https:\/\/mienbacelectric.com\/?product=tu-ha-phan-phoi-db#primaryimage\"},\"thumbnailUrl\":\"https:\/\/mienbacelectric.com\/wp-content\/uploads\/2018\/03\/ha-the-1.jpg\",\"datePublished\":\"2018-03-01T02:34:09+00:00\",\"dateModified\":\"2018-03-01T03:07:19+00:00\",\"breadcrumb\":{\"@id\":\"https:\/\/mienbacelectric.com\/?product=tu-ha-phan-phoi-db#breadcrumb\"},\"inLanguage\":\"vi\",\"potentialAction\":[{\"@type\":\"ReadAction\",\"target\":[\"https:\/\/mienbacelectric.com\/?product=tu-ha-phan-phoi-db\"]}]},{\"@type\":\"ImageObject\",\"inLanguage\":\"vi\",\"@id\":\"https:\/\/mienbacelectric.com\/?product=tu-ha-phan-phoi-db#primaryimage\",\"url\":\"https:\/\/mienbacelectric.com\/wp-content\/uploads\/2018\/03\/ha-the-1.jpg\",\"contentUrl\":\"https:\/\/mienbacelectric.com\/wp-content\/uploads\/2018\/03\/ha-the-1.jpg\",\"width\":1024,\"height\":1365},{\"@type\":\"BreadcrumbList\",\"@id\":\"https:\/\/mienbacelectric.com\/?product=tu-ha-phan-phoi-db#breadcrumb\",\"itemListElement\":[{\"@type\":\"ListItem\",\"position\":1,\"name\":\"Home\",\"item\":\"https:\/\/mienbacelectric.com\/\"},{\"@type\":\"ListItem\",\"position\":2,\"name\":\"S\u1ea3n ph\u1ea9m\",\"item\":\"https:\/\/mienbacelectric.com\/?page_id=54\"},{\"@type\":\"ListItem\",\"position\":3,\"name\":\"T\u1ee6 H\u1ea0 TH\u1ebe PH\u00c2N PH\u1ed0I &#8211; DB\"}]},{\"@type\":\"WebSite\",\"@id\":\"https:\/\/mienbacelectric.com\/#website\",\"url\":\"https:\/\/mienbacelectric.com\/\",\"name\":\"C\u00d4NG TY TNHH C\u01a0 \u0110I\u1ec6N MI\u1ec0N B\u1eaeC. HOTLINE 0913.601.155\",\"description\":\"\",\"potentialAction\":[{\"@type\":\"SearchAction\",\"target\":{\"@type\":\"EntryPoint\",\"urlTemplate\":\"https:\/\/mienbacelectric.com\/?s={search_term_string}\"},\"query-input\":\"required name=search_term_string\"}],\"inLanguage\":\"vi\"}]}<\/script>\n<!-- \/ Yoast SEO plugin. -->","yoast_head_json":{"title":"T\u1ee6 H\u1ea0 TH\u1ebe PH\u00c2N PH\u1ed0I - DB - C\u00d4NG TY TNHH C\u01a0 \u0110I\u1ec6N MI\u1ec0N B\u1eaeC. HOTLINE 0913.601.155","robots":{"index":"index","follow":"follow","max-snippet":"max-snippet:-1","max-image-preview":"max-image-preview:large","max-video-preview":"max-video-preview:-1"},"canonical":"https:\/\/mienbacelectric.com\/?product=tu-ha-phan-phoi-db","og_locale":"vi_VN","og_type":"article","og_title":"T\u1ee6 H\u1ea0 TH\u1ebe PH\u00c2N PH\u1ed0I - DB - C\u00d4NG TY TNHH C\u01a0 \u0110I\u1ec6N MI\u1ec0N B\u1eaeC. HOTLINE 0913.601.155","og_description":"T\u00ean s\u1ea3n ph\u1ea9m: T\u1ee6 H\u1ea0 TH\u1ebe PH\u00c2N PH\u1ed0I - DB  H\u00e3ng s\u1ea3n xu\u1ea5t: C\u0110MB  Linh ki\u1ec7n ch\u00ednh h\u00e3ng: HYUNDAI; LS, MITSUBISHI  T\u00ecnh tr\u1ea1ng: H\u00e0ng m\u1edbi 100%.  &nbsp;","og_url":"https:\/\/mienbacelectric.com\/?product=tu-ha-phan-phoi-db","og_site_name":"C\u00d4NG TY TNHH C\u01a0 \u0110I\u1ec6N MI\u1ec0N B\u1eaeC. HOTLINE 0913.601.155","article_modified_time":"2018-03-01T03:07:19+00:00","og_image":[{"width":1024,"height":1365,"url":"https:\/\/mienbacelectric.com\/wp-content\/uploads\/2018\/03\/ha-the-1.jpg","type":"image\/jpeg"}],"twitter_card":"summary_large_image","twitter_misc":{"\u01af\u1edbc t\u00ednh th\u1eddi gian \u0111\u1ecdc":"1 ph\u00fat"},"schema":{"@context":"https:\/\/schema.org","@graph":[{"@type":"WebPage","@id":"https:\/\/mienbacelectric.com\/?product=tu-ha-phan-phoi-db","url":"https:\/\/mienbacelectric.com\/?product=tu-ha-phan-phoi-db","name":"T\u1ee6 H\u1ea0 TH\u1ebe PH\u00c2N PH\u1ed0I - DB - C\u00d4NG TY TNHH C\u01a0 \u0110I\u1ec6N MI\u1ec0N B\u1eaeC. HOTLINE 0913.601.155","isPartOf":{"@id":"https:\/\/mienbacelectric.com\/#website"},"primaryImageOfPage":{"@id":"https:\/\/mienbacelectric.com\/?product=tu-ha-phan-phoi-db#primaryimage"},"image":{"@id":"https:\/\/mienbacelectric.com\/?product=tu-ha-phan-phoi-db#primaryimage"},"thumbnailUrl":"https:\/\/mienbacelectric.com\/wp-content\/uploads\/2018\/03\/ha-the-1.jpg","datePublished":"2018-03-01T02:34:09+00:00","dateModified":"2018-03-01T03:07:19+00:00","breadcrumb":{"@id":"https:\/\/mienbacelectric.com\/?product=tu-ha-phan-phoi-db#breadcrumb"},"inLanguage":"vi","potentialAction":[{"@type":"ReadAction","target":["https:\/\/mienbacelectric.com\/?product=tu-ha-phan-phoi-db"]}]},{"@type":"ImageObject","inLanguage":"vi","@id":"https:\/\/mienbacelectric.com\/?product=tu-ha-phan-phoi-db#primaryimage","url":"https:\/\/mienbacelectric.com\/wp-content\/uploads\/2018\/03\/ha-the-1.jpg","contentUrl":"https:\/\/mienbacelectric.com\/wp-content\/uploads\/2018\/03\/ha-the-1.jpg","width":1024,"height":1365},{"@type":"BreadcrumbList","@id":"https:\/\/mienbacelectric.com\/?product=tu-ha-phan-phoi-db#breadcrumb","itemListElement":[{"@type":"ListItem","position":1,"name":"Home","item":"https:\/\/mienbacelectric.com\/"},{"@type":"ListItem","position":2,"name":"S\u1ea3n ph\u1ea9m","item":"https:\/\/mienbacelectric.com\/?page_id=54"},{"@type":"ListItem","position":3,"name":"T\u1ee6 H\u1ea0 TH\u1ebe PH\u00c2N PH\u1ed0I &#8211; DB"}]},{"@type":"WebSite","@id":"https:\/\/mienbacelectric.com\/#website","url":"https:\/\/mienbacelectric.com\/","name":"C\u00d4NG TY TNHH C\u01a0 \u0110I\u1ec6N MI\u1ec0N B\u1eaeC. HOTLINE 0913.601.155","description":"","potentialAction":[{"@type":"SearchAction","target":{"@type":"EntryPoint","urlTemplate":"https:\/\/mienbacelectric.com\/?s={search_term_string}"},"query-input":"required name=search_term_string"}],"inLanguage":"vi"}]}},"_links":{"self":[{"href":"https:\/\/mienbacelectric.com\/index.php?rest_route=\/wp\/v2\/product\/1216"}],"collection":[{"href":"https:\/\/mienbacelectric.com\/index.php?rest_route=\/wp\/v2\/product"}],"about":[{"href":"https:\/\/mienbacelectric.com\/index.php?rest_route=\/wp\/v2\/types\/product"}],"replies":[{"embeddable":true,"href":"https:\/\/mienbacelectric.com\/index.php?rest_route=%2Fwp%2Fv2%2Fcomments&post=1216"}],"wp:featuredmedia":[{"embeddable":true,"href":"https:\/\/mienbacelectric.com\/index.php?rest_route=\/wp\/v2\/media\/1217"}],"wp:attachment":[{"href":"https:\/\/mienbacelectric.com\/index.php?rest_route=%2Fwp%2Fv2%2Fmedia&parent=1216"}],"wp:term":[{"taxonomy":"product_cat","embeddable":true,"href":"https:\/\/mienbacelectric.com\/index.php?rest_route=%2Fwp%2Fv2%2Fproduct_cat&post=1216"},{"taxonomy":"product_tag","embeddable":true,"href":"https:\/\/mienbacelectric.com\/index.php?rest_route=%2Fwp%2Fv2%2Fproduct_tag&post=1216"}],"curies":[{"name":"wp","href":"https:\/\/api.w.org\/{rel}","templated":true}]}}