{"id":1214,"date":"2019-03-01T09:28:56","date_gmt":"2019-03-01T02:28:56","guid":{"rendered":"http:\/\/mienbacelectric.com\/?post_type=product&#038;p=1214"},"modified":"2024-05-10T20:28:32","modified_gmt":"2024-05-10T13:28:32","slug":"tu-ha-tong-msb-den-6300a","status":"publish","type":"product","link":"https:\/\/mienbacelectric.com\/?product=tu-ha-tong-msb-den-6300a","title":{"rendered":"T\u1ee6 H\u1ea0 TH\u1ebe T\u1ed4NG \u2013 MSB \u0110\u1ebeN 6300A"},"content":{"rendered":"<p>&nbsp;<\/p>\n<p><img loading=\"lazy\" decoding=\"async\" class=\"wp-image-1215 aligncenter\" src=\"http:\/\/mienbacelectric.com\/wp-content\/uploads\/2018\/03\/Tu-ha-the-tong.jpg\" alt=\"\" width=\"379\" height=\"570\" srcset=\"https:\/\/mienbacelectric.com\/wp-content\/uploads\/2018\/03\/Tu-ha-the-tong.jpg 2000w, https:\/\/mienbacelectric.com\/wp-content\/uploads\/2018\/03\/Tu-ha-the-tong-199x300.jpg 199w, https:\/\/mienbacelectric.com\/wp-content\/uploads\/2018\/03\/Tu-ha-the-tong-768x1155.jpg 768w, https:\/\/mienbacelectric.com\/wp-content\/uploads\/2018\/03\/Tu-ha-the-tong-681x1024.jpg 681w, https:\/\/mienbacelectric.com\/wp-content\/uploads\/2018\/03\/Tu-ha-the-tong-16x24.jpg 16w, https:\/\/mienbacelectric.com\/wp-content\/uploads\/2018\/03\/Tu-ha-the-tong-24x36.jpg 24w, https:\/\/mienbacelectric.com\/wp-content\/uploads\/2018\/03\/Tu-ha-the-tong-32x48.jpg 32w, https:\/\/mienbacelectric.com\/wp-content\/uploads\/2018\/03\/Tu-ha-the-tong-400x602.jpg 400w\" sizes=\"(max-width: 379px) 100vw, 379px\" \/><\/p>\n<p>\u25aa\u00a0T\u1ee7 \u0111i\u1ec7n \u0111\u01b0\u1ee3c thi\u1ebft k\u1ebf nhi\u1ec1u ng\u0103n, m\u1ed7i ng\u0103n t\u1ee7 \u0111\u01b0\u1ee3c thi\u1ebft k\u1ebf theo ch\u1ee9c n\u0103ng ri\u00eang bi\u1ec7t nh\u01b0: ng\u0103n ch\u1ee9a ACB ho\u1eb7c MCCB t\u1ed5ng, ng\u0103n ch\u1ee9a CB ra t\u1ea3i, ng\u0103n ch\u1ee9a t\u1ee5 b\u00f9&#8230;. \u0111\u00e1p \u1ee9ng c\u00e1c th\u00f4ng s\u1ed1 v\u1ec1 \u0111i\u1ec7n, c\u00e1c thi\u1ebft b\u1ecb b\u00ean trong t\u1ee7 \u0111\u01b0\u1ee3c b\u1ed1 tr\u00ed thu\u1eadn l\u1ee3i cho vi\u1ec7c g\u00e1 l\u1eafp, \u0111\u1ea5u n\u1ed1i.<br \/>\n\u25aa\u00a0Ph\u1ea7n khung t\u1ee7 \u0111\u01b0\u1ee3c ch\u1ebf t\u1ea1o t\u1eeb th\u00e9p t\u1ea5m d\u00e0y 1.5 \u2013 2mm, s\u01a1n t\u0129nh \u0111i\u1ec7n. Khung t\u1ee7 \u0111\u01b0\u1ee3c ch\u1ebf t\u1ea1o thu\u1eadn l\u1ee3i cho vi\u1ec7c l\u1eafp gh\u00e9p, v\u1eadn h\u00e0nh v\u00e0 k\u1ebft n\u1ed1i m\u1edf r\u1ed9ng.<br \/>\n\u25aa\u00a0Ti\u00eau chu\u1ea9n \u00e1p d\u1ee5ng: IEC 60439-1<br \/>\n\u25aa\u00a0\u0110i\u1ec7n \u00e1p v\u1eadn h\u00e0nh \u0111\u1ecbnh m\u1ee9c: 415VAC, 50Hz<br \/>\n\u25aa\u00a0D\u00f2ng \u0111i\u1ec7n \u0111\u1ecbnh m\u1ee9c: \u0111\u1ebfn 6300A<br \/>\n\u25aa\u00a0C\u1ea5p b\u1ea3o v\u1ec7: \u00a0IP31 \u0111\u1ebfn IP54<\/p>\n","protected":false},"excerpt":{"rendered":"<p>T\u00ean s\u1ea3n ph\u1ea9m: T\u1ee7 h\u1ea1 th\u1ebf t\u1ed5ng &#8211; MSB \u0111\u1ebfn 6300 A<\/p>\n<p>H\u00e3ng s\u1ea3n xu\u1ea5t: C\u0110MB<\/p>\n<p>Thi\u1ebft b\u1ecb ch\u00ednh h\u00e3ng: HUYNDAI, LS, MITSUBISHI<\/p>\n<p>T\u00ecnh tr\u1ea1ng: M\u1edbi 100 %.<\/p>\n","protected":false},"featured_media":1343,"comment_status":"open","ping_status":"closed","template":"","meta":[],"product_cat":[261,265,268],"product_tag":[],"yoast_head":"<!-- This site is optimized with the Yoast SEO plugin v22.6 - https:\/\/yoast.com\/wordpress\/plugins\/seo\/ -->\n<title>T\u1ee6 H\u1ea0 TH\u1ebe T\u1ed4NG \u2013 MSB \u0110\u1ebeN 6300A - C\u00d4NG TY TNHH C\u01a0 \u0110I\u1ec6N MI\u1ec0N B\u1eaeC. HOTLINE 0913.601.155<\/title>\n<meta name=\"robots\" content=\"index, follow, max-snippet:-1, max-image-preview:large, max-video-preview:-1\" \/>\n<link rel=\"canonical\" href=\"https:\/\/mienbacelectric.com\/?product=tu-ha-tong-msb-den-6300a\" \/>\n<meta property=\"og:locale\" content=\"vi_VN\" \/>\n<meta property=\"og:type\" content=\"article\" \/>\n<meta property=\"og:title\" content=\"T\u1ee6 H\u1ea0 TH\u1ebe T\u1ed4NG \u2013 MSB \u0110\u1ebeN 6300A - C\u00d4NG TY TNHH C\u01a0 \u0110I\u1ec6N MI\u1ec0N B\u1eaeC. HOTLINE 0913.601.155\" \/>\n<meta property=\"og:description\" content=\"T\u00ean s\u1ea3n ph\u1ea9m: T\u1ee7 h\u1ea1 th\u1ebf t\u1ed5ng - MSB \u0111\u1ebfn 6300 A  H\u00e3ng s\u1ea3n xu\u1ea5t: C\u0110MB  Thi\u1ebft b\u1ecb ch\u00ednh h\u00e3ng: HUYNDAI, LS, MITSUBISHI  T\u00ecnh tr\u1ea1ng: M\u1edbi 100 %.\" \/>\n<meta property=\"og:url\" content=\"https:\/\/mienbacelectric.com\/?product=tu-ha-tong-msb-den-6300a\" \/>\n<meta property=\"og:site_name\" content=\"C\u00d4NG TY TNHH C\u01a0 \u0110I\u1ec6N MI\u1ec0N B\u1eaeC. HOTLINE 0913.601.155\" \/>\n<meta property=\"article:modified_time\" content=\"2024-05-10T13:28:32+00:00\" \/>\n<meta property=\"og:image\" content=\"https:\/\/mienbacelectric.com\/wp-content\/uploads\/2018\/03\/1.-\u1ea2NH-T\u1ee6-\u0110I\u1ec6N-H\u1ea0-TH\u1ebe-1.jpg\" \/>\n\t<meta property=\"og:image:width\" content=\"2560\" \/>\n\t<meta property=\"og:image:height\" content=\"1920\" \/>\n\t<meta property=\"og:image:type\" content=\"image\/jpeg\" \/>\n<meta name=\"twitter:card\" content=\"summary_large_image\" \/>\n<meta name=\"twitter:label1\" content=\"\u01af\u1edbc t\u00ednh th\u1eddi gian \u0111\u1ecdc\" \/>\n\t<meta name=\"twitter:data1\" content=\"2 ph\u00fat\" \/>\n<script type=\"application\/ld+json\" class=\"yoast-schema-graph\">{\"@context\":\"https:\/\/schema.org\",\"@graph\":[{\"@type\":\"WebPage\",\"@id\":\"https:\/\/mienbacelectric.com\/?product=tu-ha-tong-msb-den-6300a\",\"url\":\"https:\/\/mienbacelectric.com\/?product=tu-ha-tong-msb-den-6300a\",\"name\":\"T\u1ee6 H\u1ea0 TH\u1ebe T\u1ed4NG \u2013 MSB \u0110\u1ebeN 6300A - C\u00d4NG TY TNHH C\u01a0 \u0110I\u1ec6N MI\u1ec0N B\u1eaeC. HOTLINE 0913.601.155\",\"isPartOf\":{\"@id\":\"https:\/\/mienbacelectric.com\/#website\"},\"primaryImageOfPage\":{\"@id\":\"https:\/\/mienbacelectric.com\/?product=tu-ha-tong-msb-den-6300a#primaryimage\"},\"image\":{\"@id\":\"https:\/\/mienbacelectric.com\/?product=tu-ha-tong-msb-den-6300a#primaryimage\"},\"thumbnailUrl\":\"https:\/\/mienbacelectric.com\/wp-content\/uploads\/2018\/03\/1.-\u1ea2NH-T\u1ee6-\u0110I\u1ec6N-H\u1ea0-TH\u1ebe-1.jpg\",\"datePublished\":\"2019-03-01T02:28:56+00:00\",\"dateModified\":\"2024-05-10T13:28:32+00:00\",\"breadcrumb\":{\"@id\":\"https:\/\/mienbacelectric.com\/?product=tu-ha-tong-msb-den-6300a#breadcrumb\"},\"inLanguage\":\"vi\",\"potentialAction\":[{\"@type\":\"ReadAction\",\"target\":[\"https:\/\/mienbacelectric.com\/?product=tu-ha-tong-msb-den-6300a\"]}]},{\"@type\":\"ImageObject\",\"inLanguage\":\"vi\",\"@id\":\"https:\/\/mienbacelectric.com\/?product=tu-ha-tong-msb-den-6300a#primaryimage\",\"url\":\"https:\/\/mienbacelectric.com\/wp-content\/uploads\/2018\/03\/1.-\u1ea2NH-T\u1ee6-\u0110I\u1ec6N-H\u1ea0-TH\u1ebe-1.jpg\",\"contentUrl\":\"https:\/\/mienbacelectric.com\/wp-content\/uploads\/2018\/03\/1.-\u1ea2NH-T\u1ee6-\u0110I\u1ec6N-H\u1ea0-TH\u1ebe-1.jpg\",\"width\":2560,\"height\":1920},{\"@type\":\"BreadcrumbList\",\"@id\":\"https:\/\/mienbacelectric.com\/?product=tu-ha-tong-msb-den-6300a#breadcrumb\",\"itemListElement\":[{\"@type\":\"ListItem\",\"position\":1,\"name\":\"Home\",\"item\":\"https:\/\/mienbacelectric.com\/\"},{\"@type\":\"ListItem\",\"position\":2,\"name\":\"S\u1ea3n ph\u1ea9m\",\"item\":\"https:\/\/mienbacelectric.com\/?page_id=54\"},{\"@type\":\"ListItem\",\"position\":3,\"name\":\"T\u1ee6 H\u1ea0 TH\u1ebe T\u1ed4NG \u2013 MSB \u0110\u1ebeN 6300A\"}]},{\"@type\":\"WebSite\",\"@id\":\"https:\/\/mienbacelectric.com\/#website\",\"url\":\"https:\/\/mienbacelectric.com\/\",\"name\":\"C\u00d4NG TY TNHH C\u01a0 \u0110I\u1ec6N MI\u1ec0N B\u1eaeC. HOTLINE 0913.601.155\",\"description\":\"\",\"potentialAction\":[{\"@type\":\"SearchAction\",\"target\":{\"@type\":\"EntryPoint\",\"urlTemplate\":\"https:\/\/mienbacelectric.com\/?s={search_term_string}\"},\"query-input\":\"required name=search_term_string\"}],\"inLanguage\":\"vi\"}]}<\/script>\n<!-- \/ Yoast SEO plugin. -->","yoast_head_json":{"title":"T\u1ee6 H\u1ea0 TH\u1ebe T\u1ed4NG \u2013 MSB \u0110\u1ebeN 6300A - C\u00d4NG TY TNHH C\u01a0 \u0110I\u1ec6N MI\u1ec0N B\u1eaeC. HOTLINE 0913.601.155","robots":{"index":"index","follow":"follow","max-snippet":"max-snippet:-1","max-image-preview":"max-image-preview:large","max-video-preview":"max-video-preview:-1"},"canonical":"https:\/\/mienbacelectric.com\/?product=tu-ha-tong-msb-den-6300a","og_locale":"vi_VN","og_type":"article","og_title":"T\u1ee6 H\u1ea0 TH\u1ebe T\u1ed4NG \u2013 MSB \u0110\u1ebeN 6300A - C\u00d4NG TY TNHH C\u01a0 \u0110I\u1ec6N MI\u1ec0N B\u1eaeC. HOTLINE 0913.601.155","og_description":"T\u00ean s\u1ea3n ph\u1ea9m: T\u1ee7 h\u1ea1 th\u1ebf t\u1ed5ng - MSB \u0111\u1ebfn 6300 A  H\u00e3ng s\u1ea3n xu\u1ea5t: C\u0110MB  Thi\u1ebft b\u1ecb ch\u00ednh h\u00e3ng: HUYNDAI, LS, MITSUBISHI  T\u00ecnh tr\u1ea1ng: M\u1edbi 100 %.","og_url":"https:\/\/mienbacelectric.com\/?product=tu-ha-tong-msb-den-6300a","og_site_name":"C\u00d4NG TY TNHH C\u01a0 \u0110I\u1ec6N MI\u1ec0N B\u1eaeC. HOTLINE 0913.601.155","article_modified_time":"2024-05-10T13:28:32+00:00","og_image":[{"width":2560,"height":1920,"url":"https:\/\/mienbacelectric.com\/wp-content\/uploads\/2018\/03\/1.-\u1ea2NH-T\u1ee6-\u0110I\u1ec6N-H\u1ea0-TH\u1ebe-1.jpg","type":"image\/jpeg"}],"twitter_card":"summary_large_image","twitter_misc":{"\u01af\u1edbc t\u00ednh th\u1eddi gian \u0111\u1ecdc":"2 ph\u00fat"},"schema":{"@context":"https:\/\/schema.org","@graph":[{"@type":"WebPage","@id":"https:\/\/mienbacelectric.com\/?product=tu-ha-tong-msb-den-6300a","url":"https:\/\/mienbacelectric.com\/?product=tu-ha-tong-msb-den-6300a","name":"T\u1ee6 H\u1ea0 TH\u1ebe T\u1ed4NG \u2013 MSB \u0110\u1ebeN 6300A - C\u00d4NG TY TNHH C\u01a0 \u0110I\u1ec6N MI\u1ec0N B\u1eaeC. HOTLINE 0913.601.155","isPartOf":{"@id":"https:\/\/mienbacelectric.com\/#website"},"primaryImageOfPage":{"@id":"https:\/\/mienbacelectric.com\/?product=tu-ha-tong-msb-den-6300a#primaryimage"},"image":{"@id":"https:\/\/mienbacelectric.com\/?product=tu-ha-tong-msb-den-6300a#primaryimage"},"thumbnailUrl":"https:\/\/mienbacelectric.com\/wp-content\/uploads\/2018\/03\/1.-\u1ea2NH-T\u1ee6-\u0110I\u1ec6N-H\u1ea0-TH\u1ebe-1.jpg","datePublished":"2019-03-01T02:28:56+00:00","dateModified":"2024-05-10T13:28:32+00:00","breadcrumb":{"@id":"https:\/\/mienbacelectric.com\/?product=tu-ha-tong-msb-den-6300a#breadcrumb"},"inLanguage":"vi","potentialAction":[{"@type":"ReadAction","target":["https:\/\/mienbacelectric.com\/?product=tu-ha-tong-msb-den-6300a"]}]},{"@type":"ImageObject","inLanguage":"vi","@id":"https:\/\/mienbacelectric.com\/?product=tu-ha-tong-msb-den-6300a#primaryimage","url":"https:\/\/mienbacelectric.com\/wp-content\/uploads\/2018\/03\/1.-\u1ea2NH-T\u1ee6-\u0110I\u1ec6N-H\u1ea0-TH\u1ebe-1.jpg","contentUrl":"https:\/\/mienbacelectric.com\/wp-content\/uploads\/2018\/03\/1.-\u1ea2NH-T\u1ee6-\u0110I\u1ec6N-H\u1ea0-TH\u1ebe-1.jpg","width":2560,"height":1920},{"@type":"BreadcrumbList","@id":"https:\/\/mienbacelectric.com\/?product=tu-ha-tong-msb-den-6300a#breadcrumb","itemListElement":[{"@type":"ListItem","position":1,"name":"Home","item":"https:\/\/mienbacelectric.com\/"},{"@type":"ListItem","position":2,"name":"S\u1ea3n ph\u1ea9m","item":"https:\/\/mienbacelectric.com\/?page_id=54"},{"@type":"ListItem","position":3,"name":"T\u1ee6 H\u1ea0 TH\u1ebe T\u1ed4NG \u2013 MSB \u0110\u1ebeN 6300A"}]},{"@type":"WebSite","@id":"https:\/\/mienbacelectric.com\/#website","url":"https:\/\/mienbacelectric.com\/","name":"C\u00d4NG TY TNHH C\u01a0 \u0110I\u1ec6N MI\u1ec0N B\u1eaeC. HOTLINE 0913.601.155","description":"","potentialAction":[{"@type":"SearchAction","target":{"@type":"EntryPoint","urlTemplate":"https:\/\/mienbacelectric.com\/?s={search_term_string}"},"query-input":"required name=search_term_string"}],"inLanguage":"vi"}]}},"_links":{"self":[{"href":"https:\/\/mienbacelectric.com\/index.php?rest_route=\/wp\/v2\/product\/1214"}],"collection":[{"href":"https:\/\/mienbacelectric.com\/index.php?rest_route=\/wp\/v2\/product"}],"about":[{"href":"https:\/\/mienbacelectric.com\/index.php?rest_route=\/wp\/v2\/types\/product"}],"replies":[{"embeddable":true,"href":"https:\/\/mienbacelectric.com\/index.php?rest_route=%2Fwp%2Fv2%2Fcomments&post=1214"}],"wp:featuredmedia":[{"embeddable":true,"href":"https:\/\/mienbacelectric.com\/index.php?rest_route=\/wp\/v2\/media\/1343"}],"wp:attachment":[{"href":"https:\/\/mienbacelectric.com\/index.php?rest_route=%2Fwp%2Fv2%2Fmedia&parent=1214"}],"wp:term":[{"taxonomy":"product_cat","embeddable":true,"href":"https:\/\/mienbacelectric.com\/index.php?rest_route=%2Fwp%2Fv2%2Fproduct_cat&post=1214"},{"taxonomy":"product_tag","embeddable":true,"href":"https:\/\/mienbacelectric.com\/index.php?rest_route=%2Fwp%2Fv2%2Fproduct_tag&post=1214"}],"curies":[{"name":"wp","href":"https:\/\/api.w.org\/{rel}","templated":true}]}}