{"id":1212,"date":"2018-03-01T09:10:57","date_gmt":"2018-03-01T02:10:57","guid":{"rendered":"http:\/\/mienbacelectric.com\/?post_type=product&#038;p=1212"},"modified":"2024-05-10T14:25:48","modified_gmt":"2024-05-10T07:25:48","slug":"tu-unigear-24-405kv","status":"publish","type":"product","link":"https:\/\/mienbacelectric.com\/?product=tu-unigear-24-405kv","title":{"rendered":"T\u1ee6 TRUNG TH\u1ebe ABB"},"content":{"rendered":"<p><img loading=\"lazy\" decoding=\"async\" class=\"wp-image-1213 aligncenter\" src=\"http:\/\/mienbacelectric.com\/wp-content\/uploads\/2018\/03\/anh-11.bmp\" alt=\"\" width=\"346\" height=\"346\" \/><\/p>\n<p>&#8211; T\u1ee7 trung th\u1ebf abb \u0111\u01b0\u1ee3c thi\u1ebft k\u1ebf theo c\u1ea5u tr\u00fac metal enclosed, c\u00e1ch \u0111i\u1ec7n kh\u00ed SF6 s\u1eed d\u1ee5ng cho h\u1ec7 th\u1ed1ng ph\u00e2n ph\u1ed1i trung th\u1ebf t\u1edbi 36kV 630A, v\u1edbi c\u00e1c ch\u1ee9c n\u0103ng \u0111o l\u01b0\u1eddng \u0111i\u1ec7n \u00e1p, d\u00f2ng \u0111i\u1ec7n v\u00e0 c\u00e1c t\u00edn hi\u1ec7u \u0111\u01b0\u1ee3c s\u1eed d\u1ee5ng cho h\u1ec7 th\u1ed1ng FRTU.<\/p>\n<p>&#8211; T\u1ee7 rmu abb \u0111\u01b0\u1ee3c k\u1ebft n\u1ed1i b\u1edfi c\u00e1c ng\u0103n c\u00e1p \u0111\u1ebfn \u0111i s\u1eed dung c\u1ea7u dao c\u00e1ch ly v\u00e0 ng\u0103n c\u00e1p ra m\u00e1y bi\u1ebfn \u00e1p s\u1eed d\u1ee5ng c\u1ea7u dao ph\u1ee5 t\u1ea3i k\u1ebft h\u1ee3p c\u1ea7u ch\u00ec b\u1ea3o v\u1ec7.<\/p>\n<p>&#8211; T\u1ee7 c\u00f3 c\u1ea5u h\u00ecnh ti\u00eau chu\u1ea9n l\u00e0 lo\u1ea1i \u0111\u00f3ng c\u1eaft b\u1eb1ng tay v\u00e0 c\u0169ng c\u00f3 th\u1ec3 t\u00edch h\u1ee3p \u0111\u1ed9ng c\u01a1 \u0111\u1ec3 \u0111\u00f3ng c\u1eaft b\u1eb1ng \u0111i\u1ec7n n\u1ebfu y\u00eau c\u1ea7u.<\/p>\n<p>&#8211; C\u00e1c thi\u1ebft b\u1ecb \u0111i\u1ec7n c\u1ee7a t\u1ee7 \u0111\u01b0\u1ee3c nh\u1eadp kh\u1ea9u tr\u1ecdn b\u1ed9 h\u00e3ng ABB, v\u1edbi ch\u1ee9ng ch\u1ec9 CO, CQ \u0111\u1ea7y \u0111\u1ee7.<\/p>\n","protected":false},"excerpt":{"rendered":"<p>T\u00ean s\u1ea3n ph\u1ea9m: T\u1ee7 RMU<span style=\"font-size: 14px;\">\u00a024\/40,5KV<\/span><\/p>\n<p>H\u00e3ng s\u1ea3n xu\u1ea5t: ABB<\/p>\n<p>T\u00ecnh tr\u1ea1ng: h\u00e0ng m\u1edbi 100%<\/p>\n","protected":false},"featured_media":1344,"comment_status":"open","ping_status":"closed","template":"","meta":[],"product_cat":[261,262],"product_tag":[],"yoast_head":"<!-- This site is optimized with the Yoast SEO plugin v22.6 - https:\/\/yoast.com\/wordpress\/plugins\/seo\/ -->\n<title>T\u1ee6 TRUNG TH\u1ebe ABB - C\u00d4NG TY TNHH C\u01a0 \u0110I\u1ec6N MI\u1ec0N B\u1eaeC. HOTLINE 0913.601.155<\/title>\n<meta name=\"robots\" content=\"index, follow, max-snippet:-1, max-image-preview:large, max-video-preview:-1\" \/>\n<link rel=\"canonical\" href=\"https:\/\/mienbacelectric.com\/?product=tu-unigear-24-405kv\" \/>\n<meta property=\"og:locale\" content=\"vi_VN\" \/>\n<meta property=\"og:type\" content=\"article\" \/>\n<meta property=\"og:title\" content=\"T\u1ee6 TRUNG TH\u1ebe ABB - C\u00d4NG TY TNHH C\u01a0 \u0110I\u1ec6N MI\u1ec0N B\u1eaeC. HOTLINE 0913.601.155\" \/>\n<meta property=\"og:description\" content=\"T\u00ean s\u1ea3n ph\u1ea9m: T\u1ee7 RMU\u00a024\/40,5KV  H\u00e3ng s\u1ea3n xu\u1ea5t: ABB  T\u00ecnh tr\u1ea1ng: h\u00e0ng m\u1edbi 100%\" \/>\n<meta property=\"og:url\" content=\"https:\/\/mienbacelectric.com\/?product=tu-unigear-24-405kv\" \/>\n<meta property=\"og:site_name\" content=\"C\u00d4NG TY TNHH C\u01a0 \u0110I\u1ec6N MI\u1ec0N B\u1eaeC. HOTLINE 0913.601.155\" \/>\n<meta property=\"article:modified_time\" content=\"2024-05-10T07:25:48+00:00\" \/>\n<meta property=\"og:image\" content=\"https:\/\/mienbacelectric.com\/wp-content\/uploads\/2018\/03\/3.-T\u1ee6-TRUNG-TH\u1ebe-ABB.jpg\" \/>\n\t<meta property=\"og:image:width\" content=\"567\" \/>\n\t<meta property=\"og:image:height\" content=\"567\" \/>\n\t<meta property=\"og:image:type\" content=\"image\/jpeg\" \/>\n<meta name=\"twitter:card\" content=\"summary_large_image\" \/>\n<meta name=\"twitter:label1\" content=\"\u01af\u1edbc t\u00ednh th\u1eddi gian \u0111\u1ecdc\" \/>\n\t<meta name=\"twitter:data1\" content=\"1 ph\u00fat\" \/>\n<script type=\"application\/ld+json\" class=\"yoast-schema-graph\">{\"@context\":\"https:\/\/schema.org\",\"@graph\":[{\"@type\":\"WebPage\",\"@id\":\"https:\/\/mienbacelectric.com\/?product=tu-unigear-24-405kv\",\"url\":\"https:\/\/mienbacelectric.com\/?product=tu-unigear-24-405kv\",\"name\":\"T\u1ee6 TRUNG TH\u1ebe ABB - C\u00d4NG TY TNHH C\u01a0 \u0110I\u1ec6N MI\u1ec0N B\u1eaeC. HOTLINE 0913.601.155\",\"isPartOf\":{\"@id\":\"https:\/\/mienbacelectric.com\/#website\"},\"primaryImageOfPage\":{\"@id\":\"https:\/\/mienbacelectric.com\/?product=tu-unigear-24-405kv#primaryimage\"},\"image\":{\"@id\":\"https:\/\/mienbacelectric.com\/?product=tu-unigear-24-405kv#primaryimage\"},\"thumbnailUrl\":\"https:\/\/mienbacelectric.com\/wp-content\/uploads\/2018\/03\/3.-T\u1ee6-TRUNG-TH\u1ebe-ABB.jpg\",\"datePublished\":\"2018-03-01T02:10:57+00:00\",\"dateModified\":\"2024-05-10T07:25:48+00:00\",\"breadcrumb\":{\"@id\":\"https:\/\/mienbacelectric.com\/?product=tu-unigear-24-405kv#breadcrumb\"},\"inLanguage\":\"vi\",\"potentialAction\":[{\"@type\":\"ReadAction\",\"target\":[\"https:\/\/mienbacelectric.com\/?product=tu-unigear-24-405kv\"]}]},{\"@type\":\"ImageObject\",\"inLanguage\":\"vi\",\"@id\":\"https:\/\/mienbacelectric.com\/?product=tu-unigear-24-405kv#primaryimage\",\"url\":\"https:\/\/mienbacelectric.com\/wp-content\/uploads\/2018\/03\/3.-T\u1ee6-TRUNG-TH\u1ebe-ABB.jpg\",\"contentUrl\":\"https:\/\/mienbacelectric.com\/wp-content\/uploads\/2018\/03\/3.-T\u1ee6-TRUNG-TH\u1ebe-ABB.jpg\",\"width\":567,\"height\":567},{\"@type\":\"BreadcrumbList\",\"@id\":\"https:\/\/mienbacelectric.com\/?product=tu-unigear-24-405kv#breadcrumb\",\"itemListElement\":[{\"@type\":\"ListItem\",\"position\":1,\"name\":\"Home\",\"item\":\"https:\/\/mienbacelectric.com\/\"},{\"@type\":\"ListItem\",\"position\":2,\"name\":\"S\u1ea3n ph\u1ea9m\",\"item\":\"https:\/\/mienbacelectric.com\/?page_id=54\"},{\"@type\":\"ListItem\",\"position\":3,\"name\":\"T\u1ee6 TRUNG TH\u1ebe ABB\"}]},{\"@type\":\"WebSite\",\"@id\":\"https:\/\/mienbacelectric.com\/#website\",\"url\":\"https:\/\/mienbacelectric.com\/\",\"name\":\"C\u00d4NG TY TNHH C\u01a0 \u0110I\u1ec6N MI\u1ec0N B\u1eaeC. HOTLINE 0913.601.155\",\"description\":\"\",\"potentialAction\":[{\"@type\":\"SearchAction\",\"target\":{\"@type\":\"EntryPoint\",\"urlTemplate\":\"https:\/\/mienbacelectric.com\/?s={search_term_string}\"},\"query-input\":\"required name=search_term_string\"}],\"inLanguage\":\"vi\"}]}<\/script>\n<!-- \/ Yoast SEO plugin. -->","yoast_head_json":{"title":"T\u1ee6 TRUNG TH\u1ebe ABB - C\u00d4NG TY TNHH C\u01a0 \u0110I\u1ec6N MI\u1ec0N B\u1eaeC. HOTLINE 0913.601.155","robots":{"index":"index","follow":"follow","max-snippet":"max-snippet:-1","max-image-preview":"max-image-preview:large","max-video-preview":"max-video-preview:-1"},"canonical":"https:\/\/mienbacelectric.com\/?product=tu-unigear-24-405kv","og_locale":"vi_VN","og_type":"article","og_title":"T\u1ee6 TRUNG TH\u1ebe ABB - C\u00d4NG TY TNHH C\u01a0 \u0110I\u1ec6N MI\u1ec0N B\u1eaeC. HOTLINE 0913.601.155","og_description":"T\u00ean s\u1ea3n ph\u1ea9m: T\u1ee7 RMU\u00a024\/40,5KV  H\u00e3ng s\u1ea3n xu\u1ea5t: ABB  T\u00ecnh tr\u1ea1ng: h\u00e0ng m\u1edbi 100%","og_url":"https:\/\/mienbacelectric.com\/?product=tu-unigear-24-405kv","og_site_name":"C\u00d4NG TY TNHH C\u01a0 \u0110I\u1ec6N MI\u1ec0N B\u1eaeC. HOTLINE 0913.601.155","article_modified_time":"2024-05-10T07:25:48+00:00","og_image":[{"width":567,"height":567,"url":"https:\/\/mienbacelectric.com\/wp-content\/uploads\/2018\/03\/3.-T\u1ee6-TRUNG-TH\u1ebe-ABB.jpg","type":"image\/jpeg"}],"twitter_card":"summary_large_image","twitter_misc":{"\u01af\u1edbc t\u00ednh th\u1eddi gian \u0111\u1ecdc":"1 ph\u00fat"},"schema":{"@context":"https:\/\/schema.org","@graph":[{"@type":"WebPage","@id":"https:\/\/mienbacelectric.com\/?product=tu-unigear-24-405kv","url":"https:\/\/mienbacelectric.com\/?product=tu-unigear-24-405kv","name":"T\u1ee6 TRUNG TH\u1ebe ABB - C\u00d4NG TY TNHH C\u01a0 \u0110I\u1ec6N MI\u1ec0N B\u1eaeC. HOTLINE 0913.601.155","isPartOf":{"@id":"https:\/\/mienbacelectric.com\/#website"},"primaryImageOfPage":{"@id":"https:\/\/mienbacelectric.com\/?product=tu-unigear-24-405kv#primaryimage"},"image":{"@id":"https:\/\/mienbacelectric.com\/?product=tu-unigear-24-405kv#primaryimage"},"thumbnailUrl":"https:\/\/mienbacelectric.com\/wp-content\/uploads\/2018\/03\/3.-T\u1ee6-TRUNG-TH\u1ebe-ABB.jpg","datePublished":"2018-03-01T02:10:57+00:00","dateModified":"2024-05-10T07:25:48+00:00","breadcrumb":{"@id":"https:\/\/mienbacelectric.com\/?product=tu-unigear-24-405kv#breadcrumb"},"inLanguage":"vi","potentialAction":[{"@type":"ReadAction","target":["https:\/\/mienbacelectric.com\/?product=tu-unigear-24-405kv"]}]},{"@type":"ImageObject","inLanguage":"vi","@id":"https:\/\/mienbacelectric.com\/?product=tu-unigear-24-405kv#primaryimage","url":"https:\/\/mienbacelectric.com\/wp-content\/uploads\/2018\/03\/3.-T\u1ee6-TRUNG-TH\u1ebe-ABB.jpg","contentUrl":"https:\/\/mienbacelectric.com\/wp-content\/uploads\/2018\/03\/3.-T\u1ee6-TRUNG-TH\u1ebe-ABB.jpg","width":567,"height":567},{"@type":"BreadcrumbList","@id":"https:\/\/mienbacelectric.com\/?product=tu-unigear-24-405kv#breadcrumb","itemListElement":[{"@type":"ListItem","position":1,"name":"Home","item":"https:\/\/mienbacelectric.com\/"},{"@type":"ListItem","position":2,"name":"S\u1ea3n ph\u1ea9m","item":"https:\/\/mienbacelectric.com\/?page_id=54"},{"@type":"ListItem","position":3,"name":"T\u1ee6 TRUNG TH\u1ebe ABB"}]},{"@type":"WebSite","@id":"https:\/\/mienbacelectric.com\/#website","url":"https:\/\/mienbacelectric.com\/","name":"C\u00d4NG TY TNHH C\u01a0 \u0110I\u1ec6N MI\u1ec0N B\u1eaeC. HOTLINE 0913.601.155","description":"","potentialAction":[{"@type":"SearchAction","target":{"@type":"EntryPoint","urlTemplate":"https:\/\/mienbacelectric.com\/?s={search_term_string}"},"query-input":"required name=search_term_string"}],"inLanguage":"vi"}]}},"_links":{"self":[{"href":"https:\/\/mienbacelectric.com\/index.php?rest_route=\/wp\/v2\/product\/1212"}],"collection":[{"href":"https:\/\/mienbacelectric.com\/index.php?rest_route=\/wp\/v2\/product"}],"about":[{"href":"https:\/\/mienbacelectric.com\/index.php?rest_route=\/wp\/v2\/types\/product"}],"replies":[{"embeddable":true,"href":"https:\/\/mienbacelectric.com\/index.php?rest_route=%2Fwp%2Fv2%2Fcomments&post=1212"}],"wp:featuredmedia":[{"embeddable":true,"href":"https:\/\/mienbacelectric.com\/index.php?rest_route=\/wp\/v2\/media\/1344"}],"wp:attachment":[{"href":"https:\/\/mienbacelectric.com\/index.php?rest_route=%2Fwp%2Fv2%2Fmedia&parent=1212"}],"wp:term":[{"taxonomy":"product_cat","embeddable":true,"href":"https:\/\/mienbacelectric.com\/index.php?rest_route=%2Fwp%2Fv2%2Fproduct_cat&post=1212"},{"taxonomy":"product_tag","embeddable":true,"href":"https:\/\/mienbacelectric.com\/index.php?rest_route=%2Fwp%2Fv2%2Fproduct_tag&post=1212"}],"curies":[{"name":"wp","href":"https:\/\/api.w.org\/{rel}","templated":true}]}}