{"id":1208,"date":"2018-03-01T09:02:18","date_gmt":"2018-03-01T02:02:18","guid":{"rendered":"http:\/\/mienbacelectric.com\/?post_type=product&#038;p=1208"},"modified":"2024-05-10T14:26:33","modified_gmt":"2024-05-10T07:26:33","slug":"tu-uniswitch-12-24-36kv","status":"publish","type":"product","link":"https:\/\/mienbacelectric.com\/?product=tu-uniswitch-12-24-36kv","title":{"rendered":"T\u1ee6 TRUNG TH\u1ebe SCHNEIDER"},"content":{"rendered":"<p>\u25aa T\u1ee6 \u0110I\u1ec6N TRUNG TH\u1ebe RMU SCHNEIDER SM6 24KV \u2013 D\u00e3y s\u1ea3n ph\u1ea9m SM6 bao g\u1ed3m c\u00e1c t\u1ee7 \u0111\u01b0\u1ee3c trang b\u1ecb thi\u1ebft b\u1ecb \u0111\u00f3ng c\u1eaft s\u1eed d\u1ee5ng c\u00e1ch \u0111i\u1ec7n b\u1eb1ng SF6 v\u00e0 \u0111\u00e1p \u1ee9ng \u0111\u1ea7y \u0111\u1ee7 ch\u1ee9c n\u0103ng v\u00e0 y\u00eau c\u1ea7u c\u1ee7a tr\u1ea1m Trung th\u1ebf, c\u00f3 c\u00e1c d\u00f2ng s\u1ea3n ph\u1ea9m SM6-24 d\u00f9ng cho l\u01b0\u1edbi 24kV tr\u1edf xu\u1ed1ng.<br \/>\n\u25aa\u00a0T\u1ee7 SM6 l\u00e0 k\u1ebft qu\u1ea3 c\u1ee7a s\u1ef1 nghi\u00ean c\u1ee9u chuy\u00ean s\u00e2u c\u1ee7a Schneider , cho ph\u00e9p b\u1ea1n t\u1eadn d\u1ee5ng t\u1ea5t c\u1ea3 c\u00e1c \u01b0u th\u1ebf c\u1ee7a m\u1ed9t c\u00f4ng ngh\u1ec7 hi\u1ec7n \u0111\u1ea1i.<br \/>\n\u25aa\u00a0S\u1ea3n ph\u1ea9m SM6 \u0111\u01b0\u1ee3c s\u1ea3n xu\u1ea5t theo ti\u00eau chu\u1ea9n ch\u1ea5t l\u01b0\u1ee3ng ISO 9001, v\u00e0 tu\u00e2n theo c\u00e1c ti\u00eau chu\u1ea9n c\u1ee7a IEC: 60694, 62271-200, 60265, 62271-105, 60255,<br \/>\n62271-100, 62271-102.<\/p>\n","protected":false},"excerpt":{"rendered":"<p>H\u00e3ng s\u1ea3n xu\u1ea5t: SCHNEIDER<\/p>\n<p>T\u00ecnh tr\u1ea1ng: H\u00e0ng m\u1edbi 100%<\/p>\n<p>&nbsp;<\/p>\n","protected":false},"featured_media":1347,"comment_status":"open","ping_status":"closed","template":"","meta":[],"product_cat":[261,262],"product_tag":[],"yoast_head":"<!-- This site is optimized with the Yoast SEO plugin v22.6 - https:\/\/yoast.com\/wordpress\/plugins\/seo\/ -->\n<title>T\u1ee6 TRUNG TH\u1ebe SCHNEIDER - C\u00d4NG TY TNHH C\u01a0 \u0110I\u1ec6N MI\u1ec0N B\u1eaeC. HOTLINE 0913.601.155<\/title>\n<meta name=\"robots\" content=\"index, follow, max-snippet:-1, max-image-preview:large, max-video-preview:-1\" \/>\n<link rel=\"canonical\" href=\"https:\/\/mienbacelectric.com\/?product=tu-uniswitch-12-24-36kv\" \/>\n<meta property=\"og:locale\" content=\"vi_VN\" \/>\n<meta property=\"og:type\" content=\"article\" \/>\n<meta property=\"og:title\" content=\"T\u1ee6 TRUNG TH\u1ebe SCHNEIDER - C\u00d4NG TY TNHH C\u01a0 \u0110I\u1ec6N MI\u1ec0N B\u1eaeC. HOTLINE 0913.601.155\" \/>\n<meta property=\"og:description\" content=\"H\u00e3ng s\u1ea3n xu\u1ea5t: SCHNEIDER  T\u00ecnh tr\u1ea1ng: H\u00e0ng m\u1edbi 100%  &nbsp;\" \/>\n<meta property=\"og:url\" content=\"https:\/\/mienbacelectric.com\/?product=tu-uniswitch-12-24-36kv\" \/>\n<meta property=\"og:site_name\" content=\"C\u00d4NG TY TNHH C\u01a0 \u0110I\u1ec6N MI\u1ec0N B\u1eaeC. HOTLINE 0913.601.155\" \/>\n<meta property=\"article:modified_time\" content=\"2024-05-10T07:26:33+00:00\" \/>\n<meta property=\"og:image\" content=\"https:\/\/mienbacelectric.com\/wp-content\/uploads\/2018\/03\/4.-T\u1ee6-TRUNG-TH\u1ebe-SCHNEIDER.png\" \/>\n\t<meta property=\"og:image:width\" content=\"600\" \/>\n\t<meta property=\"og:image:height\" content=\"600\" \/>\n\t<meta property=\"og:image:type\" content=\"image\/png\" \/>\n<meta name=\"twitter:card\" content=\"summary_large_image\" \/>\n<meta name=\"twitter:label1\" content=\"\u01af\u1edbc t\u00ednh th\u1eddi gian \u0111\u1ecdc\" \/>\n\t<meta name=\"twitter:data1\" content=\"1 ph\u00fat\" \/>\n<script type=\"application\/ld+json\" class=\"yoast-schema-graph\">{\"@context\":\"https:\/\/schema.org\",\"@graph\":[{\"@type\":\"WebPage\",\"@id\":\"https:\/\/mienbacelectric.com\/?product=tu-uniswitch-12-24-36kv\",\"url\":\"https:\/\/mienbacelectric.com\/?product=tu-uniswitch-12-24-36kv\",\"name\":\"T\u1ee6 TRUNG TH\u1ebe SCHNEIDER - C\u00d4NG TY TNHH C\u01a0 \u0110I\u1ec6N MI\u1ec0N B\u1eaeC. HOTLINE 0913.601.155\",\"isPartOf\":{\"@id\":\"https:\/\/mienbacelectric.com\/#website\"},\"primaryImageOfPage\":{\"@id\":\"https:\/\/mienbacelectric.com\/?product=tu-uniswitch-12-24-36kv#primaryimage\"},\"image\":{\"@id\":\"https:\/\/mienbacelectric.com\/?product=tu-uniswitch-12-24-36kv#primaryimage\"},\"thumbnailUrl\":\"https:\/\/mienbacelectric.com\/wp-content\/uploads\/2018\/03\/4.-T\u1ee6-TRUNG-TH\u1ebe-SCHNEIDER.png\",\"datePublished\":\"2018-03-01T02:02:18+00:00\",\"dateModified\":\"2024-05-10T07:26:33+00:00\",\"breadcrumb\":{\"@id\":\"https:\/\/mienbacelectric.com\/?product=tu-uniswitch-12-24-36kv#breadcrumb\"},\"inLanguage\":\"vi\",\"potentialAction\":[{\"@type\":\"ReadAction\",\"target\":[\"https:\/\/mienbacelectric.com\/?product=tu-uniswitch-12-24-36kv\"]}]},{\"@type\":\"ImageObject\",\"inLanguage\":\"vi\",\"@id\":\"https:\/\/mienbacelectric.com\/?product=tu-uniswitch-12-24-36kv#primaryimage\",\"url\":\"https:\/\/mienbacelectric.com\/wp-content\/uploads\/2018\/03\/4.-T\u1ee6-TRUNG-TH\u1ebe-SCHNEIDER.png\",\"contentUrl\":\"https:\/\/mienbacelectric.com\/wp-content\/uploads\/2018\/03\/4.-T\u1ee6-TRUNG-TH\u1ebe-SCHNEIDER.png\",\"width\":600,\"height\":600},{\"@type\":\"BreadcrumbList\",\"@id\":\"https:\/\/mienbacelectric.com\/?product=tu-uniswitch-12-24-36kv#breadcrumb\",\"itemListElement\":[{\"@type\":\"ListItem\",\"position\":1,\"name\":\"Home\",\"item\":\"https:\/\/mienbacelectric.com\/\"},{\"@type\":\"ListItem\",\"position\":2,\"name\":\"S\u1ea3n ph\u1ea9m\",\"item\":\"https:\/\/mienbacelectric.com\/?page_id=54\"},{\"@type\":\"ListItem\",\"position\":3,\"name\":\"T\u1ee6 TRUNG TH\u1ebe SCHNEIDER\"}]},{\"@type\":\"WebSite\",\"@id\":\"https:\/\/mienbacelectric.com\/#website\",\"url\":\"https:\/\/mienbacelectric.com\/\",\"name\":\"C\u00d4NG TY TNHH C\u01a0 \u0110I\u1ec6N MI\u1ec0N B\u1eaeC. HOTLINE 0913.601.155\",\"description\":\"\",\"potentialAction\":[{\"@type\":\"SearchAction\",\"target\":{\"@type\":\"EntryPoint\",\"urlTemplate\":\"https:\/\/mienbacelectric.com\/?s={search_term_string}\"},\"query-input\":\"required name=search_term_string\"}],\"inLanguage\":\"vi\"}]}<\/script>\n<!-- \/ Yoast SEO plugin. -->","yoast_head_json":{"title":"T\u1ee6 TRUNG TH\u1ebe SCHNEIDER - C\u00d4NG TY TNHH C\u01a0 \u0110I\u1ec6N MI\u1ec0N B\u1eaeC. HOTLINE 0913.601.155","robots":{"index":"index","follow":"follow","max-snippet":"max-snippet:-1","max-image-preview":"max-image-preview:large","max-video-preview":"max-video-preview:-1"},"canonical":"https:\/\/mienbacelectric.com\/?product=tu-uniswitch-12-24-36kv","og_locale":"vi_VN","og_type":"article","og_title":"T\u1ee6 TRUNG TH\u1ebe SCHNEIDER - C\u00d4NG TY TNHH C\u01a0 \u0110I\u1ec6N MI\u1ec0N B\u1eaeC. HOTLINE 0913.601.155","og_description":"H\u00e3ng s\u1ea3n xu\u1ea5t: SCHNEIDER  T\u00ecnh tr\u1ea1ng: H\u00e0ng m\u1edbi 100%  &nbsp;","og_url":"https:\/\/mienbacelectric.com\/?product=tu-uniswitch-12-24-36kv","og_site_name":"C\u00d4NG TY TNHH C\u01a0 \u0110I\u1ec6N MI\u1ec0N B\u1eaeC. HOTLINE 0913.601.155","article_modified_time":"2024-05-10T07:26:33+00:00","og_image":[{"width":600,"height":600,"url":"https:\/\/mienbacelectric.com\/wp-content\/uploads\/2018\/03\/4.-T\u1ee6-TRUNG-TH\u1ebe-SCHNEIDER.png","type":"image\/png"}],"twitter_card":"summary_large_image","twitter_misc":{"\u01af\u1edbc t\u00ednh th\u1eddi gian \u0111\u1ecdc":"1 ph\u00fat"},"schema":{"@context":"https:\/\/schema.org","@graph":[{"@type":"WebPage","@id":"https:\/\/mienbacelectric.com\/?product=tu-uniswitch-12-24-36kv","url":"https:\/\/mienbacelectric.com\/?product=tu-uniswitch-12-24-36kv","name":"T\u1ee6 TRUNG TH\u1ebe SCHNEIDER - C\u00d4NG TY TNHH C\u01a0 \u0110I\u1ec6N MI\u1ec0N B\u1eaeC. HOTLINE 0913.601.155","isPartOf":{"@id":"https:\/\/mienbacelectric.com\/#website"},"primaryImageOfPage":{"@id":"https:\/\/mienbacelectric.com\/?product=tu-uniswitch-12-24-36kv#primaryimage"},"image":{"@id":"https:\/\/mienbacelectric.com\/?product=tu-uniswitch-12-24-36kv#primaryimage"},"thumbnailUrl":"https:\/\/mienbacelectric.com\/wp-content\/uploads\/2018\/03\/4.-T\u1ee6-TRUNG-TH\u1ebe-SCHNEIDER.png","datePublished":"2018-03-01T02:02:18+00:00","dateModified":"2024-05-10T07:26:33+00:00","breadcrumb":{"@id":"https:\/\/mienbacelectric.com\/?product=tu-uniswitch-12-24-36kv#breadcrumb"},"inLanguage":"vi","potentialAction":[{"@type":"ReadAction","target":["https:\/\/mienbacelectric.com\/?product=tu-uniswitch-12-24-36kv"]}]},{"@type":"ImageObject","inLanguage":"vi","@id":"https:\/\/mienbacelectric.com\/?product=tu-uniswitch-12-24-36kv#primaryimage","url":"https:\/\/mienbacelectric.com\/wp-content\/uploads\/2018\/03\/4.-T\u1ee6-TRUNG-TH\u1ebe-SCHNEIDER.png","contentUrl":"https:\/\/mienbacelectric.com\/wp-content\/uploads\/2018\/03\/4.-T\u1ee6-TRUNG-TH\u1ebe-SCHNEIDER.png","width":600,"height":600},{"@type":"BreadcrumbList","@id":"https:\/\/mienbacelectric.com\/?product=tu-uniswitch-12-24-36kv#breadcrumb","itemListElement":[{"@type":"ListItem","position":1,"name":"Home","item":"https:\/\/mienbacelectric.com\/"},{"@type":"ListItem","position":2,"name":"S\u1ea3n ph\u1ea9m","item":"https:\/\/mienbacelectric.com\/?page_id=54"},{"@type":"ListItem","position":3,"name":"T\u1ee6 TRUNG TH\u1ebe SCHNEIDER"}]},{"@type":"WebSite","@id":"https:\/\/mienbacelectric.com\/#website","url":"https:\/\/mienbacelectric.com\/","name":"C\u00d4NG TY TNHH C\u01a0 \u0110I\u1ec6N MI\u1ec0N B\u1eaeC. HOTLINE 0913.601.155","description":"","potentialAction":[{"@type":"SearchAction","target":{"@type":"EntryPoint","urlTemplate":"https:\/\/mienbacelectric.com\/?s={search_term_string}"},"query-input":"required name=search_term_string"}],"inLanguage":"vi"}]}},"_links":{"self":[{"href":"https:\/\/mienbacelectric.com\/index.php?rest_route=\/wp\/v2\/product\/1208"}],"collection":[{"href":"https:\/\/mienbacelectric.com\/index.php?rest_route=\/wp\/v2\/product"}],"about":[{"href":"https:\/\/mienbacelectric.com\/index.php?rest_route=\/wp\/v2\/types\/product"}],"replies":[{"embeddable":true,"href":"https:\/\/mienbacelectric.com\/index.php?rest_route=%2Fwp%2Fv2%2Fcomments&post=1208"}],"wp:featuredmedia":[{"embeddable":true,"href":"https:\/\/mienbacelectric.com\/index.php?rest_route=\/wp\/v2\/media\/1347"}],"wp:attachment":[{"href":"https:\/\/mienbacelectric.com\/index.php?rest_route=%2Fwp%2Fv2%2Fmedia&parent=1208"}],"wp:term":[{"taxonomy":"product_cat","embeddable":true,"href":"https:\/\/mienbacelectric.com\/index.php?rest_route=%2Fwp%2Fv2%2Fproduct_cat&post=1208"},{"taxonomy":"product_tag","embeddable":true,"href":"https:\/\/mienbacelectric.com\/index.php?rest_route=%2Fwp%2Fv2%2Fproduct_tag&post=1208"}],"curies":[{"name":"wp","href":"https:\/\/api.w.org\/{rel}","templated":true}]}}