{"id":1172,"date":"2020-02-28T14:24:55","date_gmt":"2020-02-28T07:24:55","guid":{"rendered":"http:\/\/mienbacelectric.com\/?post_type=product&#038;p=1172"},"modified":"2024-05-10T20:26:52","modified_gmt":"2024-05-10T13:26:52","slug":"mang-cap-dien-2","status":"publish","type":"product","link":"https:\/\/mienbacelectric.com\/?product=mang-cap-dien-2","title":{"rendered":"C\u1ed9t th\u00e9p 110kV &#8211; 500kV"},"content":{"rendered":"","protected":false},"excerpt":{"rendered":"<p>T\u00ean s\u1ea3n ph\u1ea9m: C\u1ed9t th\u00e9p 110kV &#8211; 500kV<br \/>\nH\u00e3ng s\u1ea3n xu\u1ea5t: C\u00f4ng ty TNHH C\u01a1 \u0111i\u1ec7n Mi\u1ec1n B\u1eafc<br \/>\nB\u00e1o gi\u00e1: Vui l\u00f2ng li\u00ean h\u1ec7<\/p>\n","protected":false},"featured_media":1339,"comment_status":"open","ping_status":"closed","template":"","meta":[],"product_cat":[274,270],"product_tag":[],"yoast_head":"<!-- This site is optimized with the Yoast SEO plugin v22.6 - https:\/\/yoast.com\/wordpress\/plugins\/seo\/ -->\n<title>C\u1ed9t th\u00e9p 110kV - 500kV - C\u00d4NG TY TNHH C\u01a0 \u0110I\u1ec6N MI\u1ec0N B\u1eaeC. HOTLINE 0913.601.155<\/title>\n<meta name=\"robots\" content=\"index, follow, max-snippet:-1, max-image-preview:large, max-video-preview:-1\" \/>\n<link rel=\"canonical\" href=\"https:\/\/mienbacelectric.com\/?product=mang-cap-dien-2\" \/>\n<meta property=\"og:locale\" content=\"vi_VN\" \/>\n<meta property=\"og:type\" content=\"article\" \/>\n<meta property=\"og:title\" content=\"C\u1ed9t th\u00e9p 110kV - 500kV - C\u00d4NG TY TNHH C\u01a0 \u0110I\u1ec6N MI\u1ec0N B\u1eaeC. HOTLINE 0913.601.155\" \/>\n<meta property=\"og:description\" content=\"T\u00ean s\u1ea3n ph\u1ea9m: C\u1ed9t th\u00e9p 110kV - 500kV H\u00e3ng s\u1ea3n xu\u1ea5t: C\u00f4ng ty TNHH C\u01a1 \u0111i\u1ec7n Mi\u1ec1n B\u1eafc B\u00e1o gi\u00e1: Vui l\u00f2ng li\u00ean h\u1ec7\" \/>\n<meta property=\"og:url\" content=\"https:\/\/mienbacelectric.com\/?product=mang-cap-dien-2\" \/>\n<meta property=\"og:site_name\" content=\"C\u00d4NG TY TNHH C\u01a0 \u0110I\u1ec6N MI\u1ec0N B\u1eaeC. HOTLINE 0913.601.155\" \/>\n<meta property=\"article:modified_time\" content=\"2024-05-10T13:26:52+00:00\" \/>\n<meta property=\"og:image\" content=\"https:\/\/mienbacelectric.com\/wp-content\/uploads\/2018\/02\/2.-C\u1ed8T-TH\u00c9P-110-500KV-\u1ea2NH-2.jpg\" \/>\n\t<meta property=\"og:image:width\" content=\"1000\" \/>\n\t<meta property=\"og:image:height\" content=\"679\" \/>\n\t<meta property=\"og:image:type\" content=\"image\/jpeg\" \/>\n<meta name=\"twitter:card\" content=\"summary_large_image\" \/>\n<meta name=\"twitter:label1\" content=\"\u01af\u1edbc t\u00ednh th\u1eddi gian \u0111\u1ecdc\" \/>\n\t<meta name=\"twitter:data1\" content=\"1 ph\u00fat\" \/>\n<script type=\"application\/ld+json\" class=\"yoast-schema-graph\">{\"@context\":\"https:\/\/schema.org\",\"@graph\":[{\"@type\":\"WebPage\",\"@id\":\"https:\/\/mienbacelectric.com\/?product=mang-cap-dien-2\",\"url\":\"https:\/\/mienbacelectric.com\/?product=mang-cap-dien-2\",\"name\":\"C\u1ed9t th\u00e9p 110kV - 500kV - C\u00d4NG TY TNHH C\u01a0 \u0110I\u1ec6N MI\u1ec0N B\u1eaeC. HOTLINE 0913.601.155\",\"isPartOf\":{\"@id\":\"https:\/\/mienbacelectric.com\/#website\"},\"primaryImageOfPage\":{\"@id\":\"https:\/\/mienbacelectric.com\/?product=mang-cap-dien-2#primaryimage\"},\"image\":{\"@id\":\"https:\/\/mienbacelectric.com\/?product=mang-cap-dien-2#primaryimage\"},\"thumbnailUrl\":\"https:\/\/mienbacelectric.com\/wp-content\/uploads\/2018\/02\/2.-C\u1ed8T-TH\u00c9P-110-500KV-\u1ea2NH-2.jpg\",\"datePublished\":\"2020-02-28T07:24:55+00:00\",\"dateModified\":\"2024-05-10T13:26:52+00:00\",\"breadcrumb\":{\"@id\":\"https:\/\/mienbacelectric.com\/?product=mang-cap-dien-2#breadcrumb\"},\"inLanguage\":\"vi\",\"potentialAction\":[{\"@type\":\"ReadAction\",\"target\":[\"https:\/\/mienbacelectric.com\/?product=mang-cap-dien-2\"]}]},{\"@type\":\"ImageObject\",\"inLanguage\":\"vi\",\"@id\":\"https:\/\/mienbacelectric.com\/?product=mang-cap-dien-2#primaryimage\",\"url\":\"https:\/\/mienbacelectric.com\/wp-content\/uploads\/2018\/02\/2.-C\u1ed8T-TH\u00c9P-110-500KV-\u1ea2NH-2.jpg\",\"contentUrl\":\"https:\/\/mienbacelectric.com\/wp-content\/uploads\/2018\/02\/2.-C\u1ed8T-TH\u00c9P-110-500KV-\u1ea2NH-2.jpg\",\"width\":1000,\"height\":679,\"caption\":\"DCIM100MEDIADJI_0056.JPG\"},{\"@type\":\"BreadcrumbList\",\"@id\":\"https:\/\/mienbacelectric.com\/?product=mang-cap-dien-2#breadcrumb\",\"itemListElement\":[{\"@type\":\"ListItem\",\"position\":1,\"name\":\"Home\",\"item\":\"https:\/\/mienbacelectric.com\/\"},{\"@type\":\"ListItem\",\"position\":2,\"name\":\"S\u1ea3n ph\u1ea9m\",\"item\":\"https:\/\/mienbacelectric.com\/?page_id=54\"},{\"@type\":\"ListItem\",\"position\":3,\"name\":\"C\u1ed9t th\u00e9p 110kV &#8211; 500kV\"}]},{\"@type\":\"WebSite\",\"@id\":\"https:\/\/mienbacelectric.com\/#website\",\"url\":\"https:\/\/mienbacelectric.com\/\",\"name\":\"C\u00d4NG TY TNHH C\u01a0 \u0110I\u1ec6N MI\u1ec0N B\u1eaeC. HOTLINE 0913.601.155\",\"description\":\"\",\"potentialAction\":[{\"@type\":\"SearchAction\",\"target\":{\"@type\":\"EntryPoint\",\"urlTemplate\":\"https:\/\/mienbacelectric.com\/?s={search_term_string}\"},\"query-input\":\"required name=search_term_string\"}],\"inLanguage\":\"vi\"}]}<\/script>\n<!-- \/ Yoast SEO plugin. -->","yoast_head_json":{"title":"C\u1ed9t th\u00e9p 110kV - 500kV - C\u00d4NG TY TNHH C\u01a0 \u0110I\u1ec6N MI\u1ec0N B\u1eaeC. HOTLINE 0913.601.155","robots":{"index":"index","follow":"follow","max-snippet":"max-snippet:-1","max-image-preview":"max-image-preview:large","max-video-preview":"max-video-preview:-1"},"canonical":"https:\/\/mienbacelectric.com\/?product=mang-cap-dien-2","og_locale":"vi_VN","og_type":"article","og_title":"C\u1ed9t th\u00e9p 110kV - 500kV - C\u00d4NG TY TNHH C\u01a0 \u0110I\u1ec6N MI\u1ec0N B\u1eaeC. HOTLINE 0913.601.155","og_description":"T\u00ean s\u1ea3n ph\u1ea9m: C\u1ed9t th\u00e9p 110kV - 500kV H\u00e3ng s\u1ea3n xu\u1ea5t: C\u00f4ng ty TNHH C\u01a1 \u0111i\u1ec7n Mi\u1ec1n B\u1eafc B\u00e1o gi\u00e1: Vui l\u00f2ng li\u00ean h\u1ec7","og_url":"https:\/\/mienbacelectric.com\/?product=mang-cap-dien-2","og_site_name":"C\u00d4NG TY TNHH C\u01a0 \u0110I\u1ec6N MI\u1ec0N B\u1eaeC. HOTLINE 0913.601.155","article_modified_time":"2024-05-10T13:26:52+00:00","og_image":[{"width":1000,"height":679,"url":"https:\/\/mienbacelectric.com\/wp-content\/uploads\/2018\/02\/2.-C\u1ed8T-TH\u00c9P-110-500KV-\u1ea2NH-2.jpg","type":"image\/jpeg"}],"twitter_card":"summary_large_image","twitter_misc":{"\u01af\u1edbc t\u00ednh th\u1eddi gian \u0111\u1ecdc":"1 ph\u00fat"},"schema":{"@context":"https:\/\/schema.org","@graph":[{"@type":"WebPage","@id":"https:\/\/mienbacelectric.com\/?product=mang-cap-dien-2","url":"https:\/\/mienbacelectric.com\/?product=mang-cap-dien-2","name":"C\u1ed9t th\u00e9p 110kV - 500kV - C\u00d4NG TY TNHH C\u01a0 \u0110I\u1ec6N MI\u1ec0N B\u1eaeC. HOTLINE 0913.601.155","isPartOf":{"@id":"https:\/\/mienbacelectric.com\/#website"},"primaryImageOfPage":{"@id":"https:\/\/mienbacelectric.com\/?product=mang-cap-dien-2#primaryimage"},"image":{"@id":"https:\/\/mienbacelectric.com\/?product=mang-cap-dien-2#primaryimage"},"thumbnailUrl":"https:\/\/mienbacelectric.com\/wp-content\/uploads\/2018\/02\/2.-C\u1ed8T-TH\u00c9P-110-500KV-\u1ea2NH-2.jpg","datePublished":"2020-02-28T07:24:55+00:00","dateModified":"2024-05-10T13:26:52+00:00","breadcrumb":{"@id":"https:\/\/mienbacelectric.com\/?product=mang-cap-dien-2#breadcrumb"},"inLanguage":"vi","potentialAction":[{"@type":"ReadAction","target":["https:\/\/mienbacelectric.com\/?product=mang-cap-dien-2"]}]},{"@type":"ImageObject","inLanguage":"vi","@id":"https:\/\/mienbacelectric.com\/?product=mang-cap-dien-2#primaryimage","url":"https:\/\/mienbacelectric.com\/wp-content\/uploads\/2018\/02\/2.-C\u1ed8T-TH\u00c9P-110-500KV-\u1ea2NH-2.jpg","contentUrl":"https:\/\/mienbacelectric.com\/wp-content\/uploads\/2018\/02\/2.-C\u1ed8T-TH\u00c9P-110-500KV-\u1ea2NH-2.jpg","width":1000,"height":679,"caption":"DCIM100MEDIADJI_0056.JPG"},{"@type":"BreadcrumbList","@id":"https:\/\/mienbacelectric.com\/?product=mang-cap-dien-2#breadcrumb","itemListElement":[{"@type":"ListItem","position":1,"name":"Home","item":"https:\/\/mienbacelectric.com\/"},{"@type":"ListItem","position":2,"name":"S\u1ea3n ph\u1ea9m","item":"https:\/\/mienbacelectric.com\/?page_id=54"},{"@type":"ListItem","position":3,"name":"C\u1ed9t th\u00e9p 110kV &#8211; 500kV"}]},{"@type":"WebSite","@id":"https:\/\/mienbacelectric.com\/#website","url":"https:\/\/mienbacelectric.com\/","name":"C\u00d4NG TY TNHH C\u01a0 \u0110I\u1ec6N MI\u1ec0N B\u1eaeC. HOTLINE 0913.601.155","description":"","potentialAction":[{"@type":"SearchAction","target":{"@type":"EntryPoint","urlTemplate":"https:\/\/mienbacelectric.com\/?s={search_term_string}"},"query-input":"required name=search_term_string"}],"inLanguage":"vi"}]}},"_links":{"self":[{"href":"https:\/\/mienbacelectric.com\/index.php?rest_route=\/wp\/v2\/product\/1172"}],"collection":[{"href":"https:\/\/mienbacelectric.com\/index.php?rest_route=\/wp\/v2\/product"}],"about":[{"href":"https:\/\/mienbacelectric.com\/index.php?rest_route=\/wp\/v2\/types\/product"}],"replies":[{"embeddable":true,"href":"https:\/\/mienbacelectric.com\/index.php?rest_route=%2Fwp%2Fv2%2Fcomments&post=1172"}],"wp:featuredmedia":[{"embeddable":true,"href":"https:\/\/mienbacelectric.com\/index.php?rest_route=\/wp\/v2\/media\/1339"}],"wp:attachment":[{"href":"https:\/\/mienbacelectric.com\/index.php?rest_route=%2Fwp%2Fv2%2Fmedia&parent=1172"}],"wp:term":[{"taxonomy":"product_cat","embeddable":true,"href":"https:\/\/mienbacelectric.com\/index.php?rest_route=%2Fwp%2Fv2%2Fproduct_cat&post=1172"},{"taxonomy":"product_tag","embeddable":true,"href":"https:\/\/mienbacelectric.com\/index.php?rest_route=%2Fwp%2Fv2%2Fproduct_tag&post=1172"}],"curies":[{"name":"wp","href":"https:\/\/api.w.org\/{rel}","templated":true}]}}