{"id":1159,"date":"2018-02-28T14:08:07","date_gmt":"2018-02-28T07:08:07","guid":{"rendered":"http:\/\/mienbacelectric.com\/?post_type=product&#038;p=1159"},"modified":"2024-05-10T13:28:06","modified_gmt":"2024-05-10T06:28:06","slug":"ong-nhua-hdpe-2","status":"publish","type":"product","link":"https:\/\/mienbacelectric.com\/?product=ong-nhua-hdpe-2","title":{"rendered":"\u1ed0ng nh\u1ef1a HDPE"},"content":{"rendered":"","protected":false},"excerpt":{"rendered":"<p>T\u00ean s\u1ea3n ph\u1ea9m: \u1ed0ng nh\u1ef1a HDPE<br \/>\nCh\u1ee7ng lo\u1ea1i: \u0110\u01b0\u1eddng k\u00ednh t\u1eeb 25\/32 \u0111\u1ebfn 200\/260 mm<br \/>\nH\u00e3ng s\u1ea3n xu\u1ea5t: C\u00f4ng ty TNHH Li\u00ean doanh C\u00f4ng nghi\u1ec7p VI\u1ec7t Nh\u1eadt<br \/>\nNh\u00e0 ph\u00e2n ph\u1ed1i \u0111\u1ed9c quy\u1ec1n: C\u00f4ng ty TNHH c\u01a1 \u0111i\u1ec7n Mi\u1ec1n B\u1eafc<br \/>\nB\u00e1o gi\u00e1: Vui l\u00f2ng li\u00ean h\u1ec7<\/p>\n","protected":false},"featured_media":1160,"comment_status":"open","ping_status":"closed","template":"","meta":[],"product_cat":[285],"product_tag":[],"yoast_head":"<!-- This site is optimized with the Yoast SEO plugin v22.6 - https:\/\/yoast.com\/wordpress\/plugins\/seo\/ -->\n<title>\u1ed0ng nh\u1ef1a HDPE - C\u00d4NG TY TNHH C\u01a0 \u0110I\u1ec6N MI\u1ec0N B\u1eaeC. HOTLINE 0913.601.155<\/title>\n<meta name=\"robots\" content=\"index, follow, max-snippet:-1, max-image-preview:large, max-video-preview:-1\" \/>\n<link rel=\"canonical\" href=\"https:\/\/mienbacelectric.com\/?product=ong-nhua-hdpe-2\" \/>\n<meta property=\"og:locale\" content=\"vi_VN\" \/>\n<meta property=\"og:type\" content=\"article\" \/>\n<meta property=\"og:title\" content=\"\u1ed0ng nh\u1ef1a HDPE - C\u00d4NG TY TNHH C\u01a0 \u0110I\u1ec6N MI\u1ec0N B\u1eaeC. HOTLINE 0913.601.155\" \/>\n<meta property=\"og:description\" content=\"T\u00ean s\u1ea3n ph\u1ea9m: \u1ed0ng nh\u1ef1a HDPE  Ch\u1ee7ng lo\u1ea1i: \u0110\u01b0\u1eddng k\u00ednh t\u1eeb 25\/32 \u0111\u1ebfn 200\/260 mm H\u00e3ng s\u1ea3n xu\u1ea5t: C\u00f4ng ty TNHH Li\u00ean doanh C\u00f4ng nghi\u1ec7p VI\u1ec7t Nh\u1eadt Nh\u00e0 ph\u00e2n ph\u1ed1i \u0111\u1ed9c quy\u1ec1n: C\u00f4ng ty TNHH c\u01a1 \u0111i\u1ec7n Mi\u1ec1n B\u1eafc B\u00e1o gi\u00e1: Vui l\u00f2ng li\u00ean h\u1ec7\" \/>\n<meta property=\"og:url\" content=\"https:\/\/mienbacelectric.com\/?product=ong-nhua-hdpe-2\" \/>\n<meta property=\"og:site_name\" content=\"C\u00d4NG TY TNHH C\u01a0 \u0110I\u1ec6N MI\u1ec0N B\u1eaeC. HOTLINE 0913.601.155\" \/>\n<meta property=\"article:modified_time\" content=\"2024-05-10T06:28:06+00:00\" \/>\n<meta property=\"og:image\" content=\"https:\/\/mienbacelectric.com\/wp-content\/uploads\/2018\/02\/ong-nhua-gan-xoan-chiu-luc-hdpe-1.jpg\" \/>\n\t<meta property=\"og:image:width\" content=\"625\" \/>\n\t<meta property=\"og:image:height\" content=\"469\" \/>\n\t<meta property=\"og:image:type\" content=\"image\/jpeg\" \/>\n<meta name=\"twitter:card\" content=\"summary_large_image\" \/>\n<script type=\"application\/ld+json\" class=\"yoast-schema-graph\">{\"@context\":\"https:\/\/schema.org\",\"@graph\":[{\"@type\":\"WebPage\",\"@id\":\"https:\/\/mienbacelectric.com\/?product=ong-nhua-hdpe-2\",\"url\":\"https:\/\/mienbacelectric.com\/?product=ong-nhua-hdpe-2\",\"name\":\"\u1ed0ng nh\u1ef1a HDPE - C\u00d4NG TY TNHH C\u01a0 \u0110I\u1ec6N MI\u1ec0N B\u1eaeC. HOTLINE 0913.601.155\",\"isPartOf\":{\"@id\":\"https:\/\/mienbacelectric.com\/#website\"},\"primaryImageOfPage\":{\"@id\":\"https:\/\/mienbacelectric.com\/?product=ong-nhua-hdpe-2#primaryimage\"},\"image\":{\"@id\":\"https:\/\/mienbacelectric.com\/?product=ong-nhua-hdpe-2#primaryimage\"},\"thumbnailUrl\":\"https:\/\/mienbacelectric.com\/wp-content\/uploads\/2018\/02\/ong-nhua-gan-xoan-chiu-luc-hdpe-1.jpg\",\"datePublished\":\"2018-02-28T07:08:07+00:00\",\"dateModified\":\"2024-05-10T06:28:06+00:00\",\"breadcrumb\":{\"@id\":\"https:\/\/mienbacelectric.com\/?product=ong-nhua-hdpe-2#breadcrumb\"},\"inLanguage\":\"vi\",\"potentialAction\":[{\"@type\":\"ReadAction\",\"target\":[\"https:\/\/mienbacelectric.com\/?product=ong-nhua-hdpe-2\"]}]},{\"@type\":\"ImageObject\",\"inLanguage\":\"vi\",\"@id\":\"https:\/\/mienbacelectric.com\/?product=ong-nhua-hdpe-2#primaryimage\",\"url\":\"https:\/\/mienbacelectric.com\/wp-content\/uploads\/2018\/02\/ong-nhua-gan-xoan-chiu-luc-hdpe-1.jpg\",\"contentUrl\":\"https:\/\/mienbacelectric.com\/wp-content\/uploads\/2018\/02\/ong-nhua-gan-xoan-chiu-luc-hdpe-1.jpg\",\"width\":625,\"height\":469},{\"@type\":\"BreadcrumbList\",\"@id\":\"https:\/\/mienbacelectric.com\/?product=ong-nhua-hdpe-2#breadcrumb\",\"itemListElement\":[{\"@type\":\"ListItem\",\"position\":1,\"name\":\"Home\",\"item\":\"https:\/\/mienbacelectric.com\/\"},{\"@type\":\"ListItem\",\"position\":2,\"name\":\"S\u1ea3n ph\u1ea9m\",\"item\":\"https:\/\/mienbacelectric.com\/?page_id=54\"},{\"@type\":\"ListItem\",\"position\":3,\"name\":\"\u1ed0ng nh\u1ef1a HDPE\"}]},{\"@type\":\"WebSite\",\"@id\":\"https:\/\/mienbacelectric.com\/#website\",\"url\":\"https:\/\/mienbacelectric.com\/\",\"name\":\"C\u00d4NG TY TNHH C\u01a0 \u0110I\u1ec6N MI\u1ec0N B\u1eaeC. HOTLINE 0913.601.155\",\"description\":\"\",\"potentialAction\":[{\"@type\":\"SearchAction\",\"target\":{\"@type\":\"EntryPoint\",\"urlTemplate\":\"https:\/\/mienbacelectric.com\/?s={search_term_string}\"},\"query-input\":\"required name=search_term_string\"}],\"inLanguage\":\"vi\"}]}<\/script>\n<!-- \/ Yoast SEO plugin. -->","yoast_head_json":{"title":"\u1ed0ng nh\u1ef1a HDPE - C\u00d4NG TY TNHH C\u01a0 \u0110I\u1ec6N MI\u1ec0N B\u1eaeC. HOTLINE 0913.601.155","robots":{"index":"index","follow":"follow","max-snippet":"max-snippet:-1","max-image-preview":"max-image-preview:large","max-video-preview":"max-video-preview:-1"},"canonical":"https:\/\/mienbacelectric.com\/?product=ong-nhua-hdpe-2","og_locale":"vi_VN","og_type":"article","og_title":"\u1ed0ng nh\u1ef1a HDPE - C\u00d4NG TY TNHH C\u01a0 \u0110I\u1ec6N MI\u1ec0N B\u1eaeC. HOTLINE 0913.601.155","og_description":"T\u00ean s\u1ea3n ph\u1ea9m: \u1ed0ng nh\u1ef1a HDPE  Ch\u1ee7ng lo\u1ea1i: \u0110\u01b0\u1eddng k\u00ednh t\u1eeb 25\/32 \u0111\u1ebfn 200\/260 mm H\u00e3ng s\u1ea3n xu\u1ea5t: C\u00f4ng ty TNHH Li\u00ean doanh C\u00f4ng nghi\u1ec7p VI\u1ec7t Nh\u1eadt Nh\u00e0 ph\u00e2n ph\u1ed1i \u0111\u1ed9c quy\u1ec1n: C\u00f4ng ty TNHH c\u01a1 \u0111i\u1ec7n Mi\u1ec1n B\u1eafc B\u00e1o gi\u00e1: Vui l\u00f2ng li\u00ean h\u1ec7","og_url":"https:\/\/mienbacelectric.com\/?product=ong-nhua-hdpe-2","og_site_name":"C\u00d4NG TY TNHH C\u01a0 \u0110I\u1ec6N MI\u1ec0N B\u1eaeC. HOTLINE 0913.601.155","article_modified_time":"2024-05-10T06:28:06+00:00","og_image":[{"width":625,"height":469,"url":"https:\/\/mienbacelectric.com\/wp-content\/uploads\/2018\/02\/ong-nhua-gan-xoan-chiu-luc-hdpe-1.jpg","type":"image\/jpeg"}],"twitter_card":"summary_large_image","schema":{"@context":"https:\/\/schema.org","@graph":[{"@type":"WebPage","@id":"https:\/\/mienbacelectric.com\/?product=ong-nhua-hdpe-2","url":"https:\/\/mienbacelectric.com\/?product=ong-nhua-hdpe-2","name":"\u1ed0ng nh\u1ef1a HDPE - C\u00d4NG TY TNHH C\u01a0 \u0110I\u1ec6N MI\u1ec0N B\u1eaeC. HOTLINE 0913.601.155","isPartOf":{"@id":"https:\/\/mienbacelectric.com\/#website"},"primaryImageOfPage":{"@id":"https:\/\/mienbacelectric.com\/?product=ong-nhua-hdpe-2#primaryimage"},"image":{"@id":"https:\/\/mienbacelectric.com\/?product=ong-nhua-hdpe-2#primaryimage"},"thumbnailUrl":"https:\/\/mienbacelectric.com\/wp-content\/uploads\/2018\/02\/ong-nhua-gan-xoan-chiu-luc-hdpe-1.jpg","datePublished":"2018-02-28T07:08:07+00:00","dateModified":"2024-05-10T06:28:06+00:00","breadcrumb":{"@id":"https:\/\/mienbacelectric.com\/?product=ong-nhua-hdpe-2#breadcrumb"},"inLanguage":"vi","potentialAction":[{"@type":"ReadAction","target":["https:\/\/mienbacelectric.com\/?product=ong-nhua-hdpe-2"]}]},{"@type":"ImageObject","inLanguage":"vi","@id":"https:\/\/mienbacelectric.com\/?product=ong-nhua-hdpe-2#primaryimage","url":"https:\/\/mienbacelectric.com\/wp-content\/uploads\/2018\/02\/ong-nhua-gan-xoan-chiu-luc-hdpe-1.jpg","contentUrl":"https:\/\/mienbacelectric.com\/wp-content\/uploads\/2018\/02\/ong-nhua-gan-xoan-chiu-luc-hdpe-1.jpg","width":625,"height":469},{"@type":"BreadcrumbList","@id":"https:\/\/mienbacelectric.com\/?product=ong-nhua-hdpe-2#breadcrumb","itemListElement":[{"@type":"ListItem","position":1,"name":"Home","item":"https:\/\/mienbacelectric.com\/"},{"@type":"ListItem","position":2,"name":"S\u1ea3n ph\u1ea9m","item":"https:\/\/mienbacelectric.com\/?page_id=54"},{"@type":"ListItem","position":3,"name":"\u1ed0ng nh\u1ef1a HDPE"}]},{"@type":"WebSite","@id":"https:\/\/mienbacelectric.com\/#website","url":"https:\/\/mienbacelectric.com\/","name":"C\u00d4NG TY TNHH C\u01a0 \u0110I\u1ec6N MI\u1ec0N B\u1eaeC. HOTLINE 0913.601.155","description":"","potentialAction":[{"@type":"SearchAction","target":{"@type":"EntryPoint","urlTemplate":"https:\/\/mienbacelectric.com\/?s={search_term_string}"},"query-input":"required name=search_term_string"}],"inLanguage":"vi"}]}},"_links":{"self":[{"href":"https:\/\/mienbacelectric.com\/index.php?rest_route=\/wp\/v2\/product\/1159"}],"collection":[{"href":"https:\/\/mienbacelectric.com\/index.php?rest_route=\/wp\/v2\/product"}],"about":[{"href":"https:\/\/mienbacelectric.com\/index.php?rest_route=\/wp\/v2\/types\/product"}],"replies":[{"embeddable":true,"href":"https:\/\/mienbacelectric.com\/index.php?rest_route=%2Fwp%2Fv2%2Fcomments&post=1159"}],"wp:featuredmedia":[{"embeddable":true,"href":"https:\/\/mienbacelectric.com\/index.php?rest_route=\/wp\/v2\/media\/1160"}],"wp:attachment":[{"href":"https:\/\/mienbacelectric.com\/index.php?rest_route=%2Fwp%2Fv2%2Fmedia&parent=1159"}],"wp:term":[{"taxonomy":"product_cat","embeddable":true,"href":"https:\/\/mienbacelectric.com\/index.php?rest_route=%2Fwp%2Fv2%2Fproduct_cat&post=1159"},{"taxonomy":"product_tag","embeddable":true,"href":"https:\/\/mienbacelectric.com\/index.php?rest_route=%2Fwp%2Fv2%2Fproduct_tag&post=1159"}],"curies":[{"name":"wp","href":"https:\/\/api.w.org\/{rel}","templated":true}]}}