{"id":1138,"date":"2018-02-28T08:09:50","date_gmt":"2018-02-28T01:09:50","guid":{"rendered":"http:\/\/mienbacelectric.com\/?post_type=product&#038;p=1138"},"modified":"2018-02-28T13:49:23","modified_gmt":"2018-02-28T06:49:23","slug":"1138","status":"publish","type":"product","link":"https:\/\/mienbacelectric.com\/?product=1138","title":{"rendered":"T\u1ee6 ATS"},"content":{"rendered":"<h1><\/h1>\n<h1><\/h1>\n<h1><\/h1>\n<h1><\/h1>\n<p>&nbsp;<\/p>\n","protected":false},"excerpt":{"rendered":"<div class=\"manufacturer\"><strong>T\u00ean s\u1ea3n ph\u1ea9m:<\/strong>\u00a0 \u00a0T\u1ee7 ATS<\/div>\n<div class=\"desc\">\n<p><strong>T\u00ecnh tr\u1ea1ng: \u00a0 \u00a0 \u00a0 \u00a0\u00a0<\/strong>\u00a0H\u00e0ng m\u1edbi 100%<\/p>\n<p><strong>H\u00e3ng s\u1ea3n xu\u1ea5t:<\/strong>\u00a0 C\u0110MB<\/p>\n<p><strong>M\u00f4 t\u1ea3: \u00a0 \u00a0 \u00a0 \u00a0 \u00a0 \u00a0 \u00a0 \u00a0 \u00a0<\/strong>T\u1ee7 ATS l\u00e0 m\u1ed9t ph\u1ea7n trong h\u1ec7 th\u1ed1ng \u0111i\u1ec7n d\u1ef1 ph\u00f2ng, t\u1ee7 c\u00f3 \u0111\u1ee7<\/p>\n<p>c\u00e1c d\u00f2ng kh\u00e1c\u00a0nhau c\u00f3 th\u1ec3 \u0111\u00e1p \u1ee9ng m\u1ecdi y\u00eau c\u1ea7u<\/p>\n<p><strong>Thi\u1ebft b\u1ecb:<\/strong>\u00a0 \u00a0 \u00a0 \u00a0 \u00a0 \u00a0 \u00a0 \u00a0 ABB, Schneider, \u00a0LS, huyndai,\u2026<\/p>\n<p><strong>Gi\u00e1:\u00a0<\/strong>\u00a0 \u00a0 \u00a0 \u00a0 \u00a0 \u00a0 \u00a0 \u00a0 \u00a0 \u00a0 \u00a0\u00a0<em>Vui l\u00f2ng g\u1ecd\u1ecb<\/em><\/p>\n<\/div>\n","protected":false},"featured_media":1139,"comment_status":"open","ping_status":"closed","template":"","meta":[],"product_cat":[261],"product_tag":[],"yoast_head":"<!-- This site is optimized with the Yoast SEO plugin v22.6 - https:\/\/yoast.com\/wordpress\/plugins\/seo\/ -->\n<title>T\u1ee6 ATS - C\u00d4NG TY TNHH C\u01a0 \u0110I\u1ec6N MI\u1ec0N B\u1eaeC. HOTLINE 0913.601.155<\/title>\n<meta name=\"robots\" content=\"index, follow, max-snippet:-1, max-image-preview:large, max-video-preview:-1\" \/>\n<link rel=\"canonical\" href=\"https:\/\/mienbacelectric.com\/?product=1138\" \/>\n<meta property=\"og:locale\" content=\"vi_VN\" \/>\n<meta property=\"og:type\" content=\"article\" \/>\n<meta property=\"og:title\" content=\"T\u1ee6 ATS - C\u00d4NG TY TNHH C\u01a0 \u0110I\u1ec6N MI\u1ec0N B\u1eaeC. HOTLINE 0913.601.155\" \/>\n<meta property=\"og:description\" content=\"T\u00ean s\u1ea3n ph\u1ea9m:\u00a0 \u00a0T\u1ee7 ATS   T\u00ecnh tr\u1ea1ng: \u00a0 \u00a0 \u00a0 \u00a0\u00a0\u00a0H\u00e0ng m\u1edbi 100%  H\u00e3ng s\u1ea3n xu\u1ea5t:\u00a0 C\u0110MB  M\u00f4 t\u1ea3: \u00a0 \u00a0 \u00a0 \u00a0 \u00a0 \u00a0 \u00a0 \u00a0 \u00a0T\u1ee7 ATS l\u00e0 m\u1ed9t ph\u1ea7n trong h\u1ec7 th\u1ed1ng \u0111i\u1ec7n d\u1ef1 ph\u00f2ng, t\u1ee7 c\u00f3 \u0111\u1ee7  c\u00e1c d\u00f2ng kh\u00e1c\u00a0nhau c\u00f3 th\u1ec3 \u0111\u00e1p \u1ee9ng m\u1ecdi y\u00eau c\u1ea7u  Thi\u1ebft b\u1ecb:\u00a0 \u00a0 \u00a0 \u00a0 \u00a0 \u00a0 \u00a0 \u00a0 ABB, Schneider, \u00a0LS, huyndai,\u2026  Gi\u00e1:\u00a0\u00a0 \u00a0 \u00a0 \u00a0 \u00a0 \u00a0 \u00a0 \u00a0 \u00a0 \u00a0 \u00a0\u00a0Vui l\u00f2ng g\u1ecd\u1ecb\" \/>\n<meta property=\"og:url\" content=\"https:\/\/mienbacelectric.com\/?product=1138\" \/>\n<meta property=\"og:site_name\" content=\"C\u00d4NG TY TNHH C\u01a0 \u0110I\u1ec6N MI\u1ec0N B\u1eaeC. HOTLINE 0913.601.155\" \/>\n<meta property=\"article:modified_time\" content=\"2018-02-28T06:49:23+00:00\" \/>\n<meta property=\"og:image\" content=\"https:\/\/mienbacelectric.com\/wp-content\/uploads\/2018\/02\/TU-ATS.png\" \/>\n\t<meta property=\"og:image:width\" content=\"600\" \/>\n\t<meta property=\"og:image:height\" content=\"450\" \/>\n\t<meta property=\"og:image:type\" content=\"image\/png\" \/>\n<meta name=\"twitter:card\" content=\"summary_large_image\" \/>\n<script type=\"application\/ld+json\" class=\"yoast-schema-graph\">{\"@context\":\"https:\/\/schema.org\",\"@graph\":[{\"@type\":\"WebPage\",\"@id\":\"https:\/\/mienbacelectric.com\/?product=1138\",\"url\":\"https:\/\/mienbacelectric.com\/?product=1138\",\"name\":\"T\u1ee6 ATS - C\u00d4NG TY TNHH C\u01a0 \u0110I\u1ec6N MI\u1ec0N B\u1eaeC. HOTLINE 0913.601.155\",\"isPartOf\":{\"@id\":\"https:\/\/mienbacelectric.com\/#website\"},\"primaryImageOfPage\":{\"@id\":\"https:\/\/mienbacelectric.com\/?product=1138#primaryimage\"},\"image\":{\"@id\":\"https:\/\/mienbacelectric.com\/?product=1138#primaryimage\"},\"thumbnailUrl\":\"https:\/\/mienbacelectric.com\/wp-content\/uploads\/2018\/02\/TU-ATS.png\",\"datePublished\":\"2018-02-28T01:09:50+00:00\",\"dateModified\":\"2018-02-28T06:49:23+00:00\",\"breadcrumb\":{\"@id\":\"https:\/\/mienbacelectric.com\/?product=1138#breadcrumb\"},\"inLanguage\":\"vi\",\"potentialAction\":[{\"@type\":\"ReadAction\",\"target\":[\"https:\/\/mienbacelectric.com\/?product=1138\"]}]},{\"@type\":\"ImageObject\",\"inLanguage\":\"vi\",\"@id\":\"https:\/\/mienbacelectric.com\/?product=1138#primaryimage\",\"url\":\"https:\/\/mienbacelectric.com\/wp-content\/uploads\/2018\/02\/TU-ATS.png\",\"contentUrl\":\"https:\/\/mienbacelectric.com\/wp-content\/uploads\/2018\/02\/TU-ATS.png\",\"width\":600,\"height\":450},{\"@type\":\"BreadcrumbList\",\"@id\":\"https:\/\/mienbacelectric.com\/?product=1138#breadcrumb\",\"itemListElement\":[{\"@type\":\"ListItem\",\"position\":1,\"name\":\"Home\",\"item\":\"https:\/\/mienbacelectric.com\/\"},{\"@type\":\"ListItem\",\"position\":2,\"name\":\"S\u1ea3n ph\u1ea9m\",\"item\":\"https:\/\/mienbacelectric.com\/?page_id=54\"},{\"@type\":\"ListItem\",\"position\":3,\"name\":\"T\u1ee6 ATS\"}]},{\"@type\":\"WebSite\",\"@id\":\"https:\/\/mienbacelectric.com\/#website\",\"url\":\"https:\/\/mienbacelectric.com\/\",\"name\":\"C\u00d4NG TY TNHH C\u01a0 \u0110I\u1ec6N MI\u1ec0N B\u1eaeC. HOTLINE 0913.601.155\",\"description\":\"\",\"potentialAction\":[{\"@type\":\"SearchAction\",\"target\":{\"@type\":\"EntryPoint\",\"urlTemplate\":\"https:\/\/mienbacelectric.com\/?s={search_term_string}\"},\"query-input\":\"required name=search_term_string\"}],\"inLanguage\":\"vi\"}]}<\/script>\n<!-- \/ Yoast SEO plugin. -->","yoast_head_json":{"title":"T\u1ee6 ATS - C\u00d4NG TY TNHH C\u01a0 \u0110I\u1ec6N MI\u1ec0N B\u1eaeC. HOTLINE 0913.601.155","robots":{"index":"index","follow":"follow","max-snippet":"max-snippet:-1","max-image-preview":"max-image-preview:large","max-video-preview":"max-video-preview:-1"},"canonical":"https:\/\/mienbacelectric.com\/?product=1138","og_locale":"vi_VN","og_type":"article","og_title":"T\u1ee6 ATS - C\u00d4NG TY TNHH C\u01a0 \u0110I\u1ec6N MI\u1ec0N B\u1eaeC. HOTLINE 0913.601.155","og_description":"T\u00ean s\u1ea3n ph\u1ea9m:\u00a0 \u00a0T\u1ee7 ATS   T\u00ecnh tr\u1ea1ng: \u00a0 \u00a0 \u00a0 \u00a0\u00a0\u00a0H\u00e0ng m\u1edbi 100%  H\u00e3ng s\u1ea3n xu\u1ea5t:\u00a0 C\u0110MB  M\u00f4 t\u1ea3: \u00a0 \u00a0 \u00a0 \u00a0 \u00a0 \u00a0 \u00a0 \u00a0 \u00a0T\u1ee7 ATS l\u00e0 m\u1ed9t ph\u1ea7n trong h\u1ec7 th\u1ed1ng \u0111i\u1ec7n d\u1ef1 ph\u00f2ng, t\u1ee7 c\u00f3 \u0111\u1ee7  c\u00e1c d\u00f2ng kh\u00e1c\u00a0nhau c\u00f3 th\u1ec3 \u0111\u00e1p \u1ee9ng m\u1ecdi y\u00eau c\u1ea7u  Thi\u1ebft b\u1ecb:\u00a0 \u00a0 \u00a0 \u00a0 \u00a0 \u00a0 \u00a0 \u00a0 ABB, Schneider, \u00a0LS, huyndai,\u2026  Gi\u00e1:\u00a0\u00a0 \u00a0 \u00a0 \u00a0 \u00a0 \u00a0 \u00a0 \u00a0 \u00a0 \u00a0 \u00a0\u00a0Vui l\u00f2ng g\u1ecd\u1ecb","og_url":"https:\/\/mienbacelectric.com\/?product=1138","og_site_name":"C\u00d4NG TY TNHH C\u01a0 \u0110I\u1ec6N MI\u1ec0N B\u1eaeC. HOTLINE 0913.601.155","article_modified_time":"2018-02-28T06:49:23+00:00","og_image":[{"width":600,"height":450,"url":"https:\/\/mienbacelectric.com\/wp-content\/uploads\/2018\/02\/TU-ATS.png","type":"image\/png"}],"twitter_card":"summary_large_image","schema":{"@context":"https:\/\/schema.org","@graph":[{"@type":"WebPage","@id":"https:\/\/mienbacelectric.com\/?product=1138","url":"https:\/\/mienbacelectric.com\/?product=1138","name":"T\u1ee6 ATS - C\u00d4NG TY TNHH C\u01a0 \u0110I\u1ec6N MI\u1ec0N B\u1eaeC. HOTLINE 0913.601.155","isPartOf":{"@id":"https:\/\/mienbacelectric.com\/#website"},"primaryImageOfPage":{"@id":"https:\/\/mienbacelectric.com\/?product=1138#primaryimage"},"image":{"@id":"https:\/\/mienbacelectric.com\/?product=1138#primaryimage"},"thumbnailUrl":"https:\/\/mienbacelectric.com\/wp-content\/uploads\/2018\/02\/TU-ATS.png","datePublished":"2018-02-28T01:09:50+00:00","dateModified":"2018-02-28T06:49:23+00:00","breadcrumb":{"@id":"https:\/\/mienbacelectric.com\/?product=1138#breadcrumb"},"inLanguage":"vi","potentialAction":[{"@type":"ReadAction","target":["https:\/\/mienbacelectric.com\/?product=1138"]}]},{"@type":"ImageObject","inLanguage":"vi","@id":"https:\/\/mienbacelectric.com\/?product=1138#primaryimage","url":"https:\/\/mienbacelectric.com\/wp-content\/uploads\/2018\/02\/TU-ATS.png","contentUrl":"https:\/\/mienbacelectric.com\/wp-content\/uploads\/2018\/02\/TU-ATS.png","width":600,"height":450},{"@type":"BreadcrumbList","@id":"https:\/\/mienbacelectric.com\/?product=1138#breadcrumb","itemListElement":[{"@type":"ListItem","position":1,"name":"Home","item":"https:\/\/mienbacelectric.com\/"},{"@type":"ListItem","position":2,"name":"S\u1ea3n ph\u1ea9m","item":"https:\/\/mienbacelectric.com\/?page_id=54"},{"@type":"ListItem","position":3,"name":"T\u1ee6 ATS"}]},{"@type":"WebSite","@id":"https:\/\/mienbacelectric.com\/#website","url":"https:\/\/mienbacelectric.com\/","name":"C\u00d4NG TY TNHH C\u01a0 \u0110I\u1ec6N MI\u1ec0N B\u1eaeC. HOTLINE 0913.601.155","description":"","potentialAction":[{"@type":"SearchAction","target":{"@type":"EntryPoint","urlTemplate":"https:\/\/mienbacelectric.com\/?s={search_term_string}"},"query-input":"required name=search_term_string"}],"inLanguage":"vi"}]}},"_links":{"self":[{"href":"https:\/\/mienbacelectric.com\/index.php?rest_route=\/wp\/v2\/product\/1138"}],"collection":[{"href":"https:\/\/mienbacelectric.com\/index.php?rest_route=\/wp\/v2\/product"}],"about":[{"href":"https:\/\/mienbacelectric.com\/index.php?rest_route=\/wp\/v2\/types\/product"}],"replies":[{"embeddable":true,"href":"https:\/\/mienbacelectric.com\/index.php?rest_route=%2Fwp%2Fv2%2Fcomments&post=1138"}],"wp:featuredmedia":[{"embeddable":true,"href":"https:\/\/mienbacelectric.com\/index.php?rest_route=\/wp\/v2\/media\/1139"}],"wp:attachment":[{"href":"https:\/\/mienbacelectric.com\/index.php?rest_route=%2Fwp%2Fv2%2Fmedia&parent=1138"}],"wp:term":[{"taxonomy":"product_cat","embeddable":true,"href":"https:\/\/mienbacelectric.com\/index.php?rest_route=%2Fwp%2Fv2%2Fproduct_cat&post=1138"},{"taxonomy":"product_tag","embeddable":true,"href":"https:\/\/mienbacelectric.com\/index.php?rest_route=%2Fwp%2Fv2%2Fproduct_tag&post=1138"}],"curies":[{"name":"wp","href":"https:\/\/api.w.org\/{rel}","templated":true}]}}