{"id":6,"date":"2023-04-06T06:56:38","date_gmt":"2023-04-05T23:56:38","guid":{"rendered":"http:\/\/sieuthidinhduong.vn\/?page_id=6"},"modified":"2025-05-18T21:57:24","modified_gmt":"2025-05-18T14:57:24","slug":"gioi-thieu","status":"publish","type":"page","link":"https:\/\/mienbacelectric.com\/?page_id=6","title":{"rendered":"Gi\u1edbi thi\u1ec7u"},"content":{"rendered":"<p><span style=\"font-size: 18px;\">C\u00f4ng ty TNHH C\u01a1 \u0111i\u1ec7n Mi\u1ec1n B\u1eafc \u0111\u01b0\u1ee3c th\u00e0nh l\u1eadp n\u0103m 2016, ho\u1ea1t \u0111\u1ed9ng ch\u1ee7 y\u1ebfu trong l\u0129nh v\u1ef1c s\u1ea3n xu\u1ea5t, cung c\u1ea5p v\u00e0 thi c\u00f4ng c\u00e1c c\u00f4ng tr\u00ecnh c\u01a1 \u0111i\u1ec7n. Ngay t\u1eeb nh\u1eefng ng\u00e0y \u0111\u1ea7u th\u00e0nh l\u1eadp, C\u00f4ng ty \u0111\u00e3 \u0111\u1ecbnh h\u01b0\u1edbng ph\u00e1t tri\u1ec3n theo h\u01b0\u1edbng chuy\u00ean nghi\u1ec7p, ch\u00fa tr\u1ecdng ch\u1ea5t l\u01b0\u1ee3ng s\u1ea3n ph\u1ea9m v\u00e0 d\u1ecbch v\u1ee5 nh\u1eb1m \u0111\u00e1p \u1ee9ng y\u00eau c\u1ea7u ng\u00e0y c\u00e0ng cao c\u1ee7a th\u1ecb tr\u01b0\u1eddng, \u0111\u1eb7c bi\u1ec7t l\u00e0 ph\u00e2n kh\u00fac kh\u00e1ch h\u00e0ng cao c\u1ea5p.<\/span><\/p>\n<p><img decoding=\"async\" class=\"alignnone size-full wp-image-1539\" src=\"http:\/\/mienbacelectric.com\/wp-content\/uploads\/2025\/05\/6d2e77cce3d756890fc61.jpg\" alt=\"\" width=\"100%\" srcset=\"https:\/\/mienbacelectric.com\/wp-content\/uploads\/2025\/05\/6d2e77cce3d756890fc61.jpg 1257w, https:\/\/mienbacelectric.com\/wp-content\/uploads\/2025\/05\/6d2e77cce3d756890fc61-300x156.jpg 300w, https:\/\/mienbacelectric.com\/wp-content\/uploads\/2025\/05\/6d2e77cce3d756890fc61-1024x532.jpg 1024w, https:\/\/mienbacelectric.com\/wp-content\/uploads\/2025\/05\/6d2e77cce3d756890fc61-768x399.jpg 768w, https:\/\/mienbacelectric.com\/wp-content\/uploads\/2025\/05\/6d2e77cce3d756890fc61-400x208.jpg 400w\" sizes=\"(max-width: 1257px) 100vw, 1257px\" \/><\/p>\n<p><span style=\"font-size: 18px;\">Tr\u1ea3i qua 9 n\u0103m x\u00e2y d\u1ef1ng v\u00e0 ph\u00e1t tri\u1ec3n, v\u1edbi s\u1ef1 quy\u1ebft t\u00e2m c\u1ee7a Ban l\u00e3nh \u0111\u1ea1o c\u00f9ng \u0111\u1ed9i ng\u0169 nh\u00e2n s\u1ef1 gi\u00e0u kinh nghi\u1ec7m, C\u00f4ng ty \u0111\u00e3 kh\u1eb3ng \u0111\u1ecbnh \u0111\u01b0\u1ee3c v\u1ecb th\u1ebf tr\u00ean th\u1ecb tr\u01b0\u1eddng v\u00e0 m\u1edf r\u1ed9ng ph\u1ea1m vi ho\u1ea1t \u0111\u1ed9ng t\u1ea1i nhi\u1ec1u t\u1ec9nh th\u00e0nh nh\u01b0 Thanh H\u00f3a, H\u00e0 N\u1ed9i, H\u1ea3i Ph\u00f2ng, B\u1eafc Ninh, Ngh\u1ec7 An\u2026 C\u00f4ng ty vinh d\u1ef1 l\u00e0 \u0111\u1ed1i t\u00e1c cung c\u1ea5p v\u1eadt t\u01b0, thi\u1ebft b\u1ecb v\u00e0 thi c\u00f4ng cho nhi\u1ec1u d\u1ef1 \u00e1n ti\u00eau bi\u1ec3u nh\u01b0: C\u00f4ng ty \u0110i\u1ec7n l\u1ef1c Thanh H\u00f3a, B\u1ec7nh vi\u1ec7n Ung b\u01b0\u1edbu Thanh H\u00f3a, Khu \u0111\u00f4 th\u1ecb An Ph\u00fa H\u01b0ng, T\u1ed5ng c\u00f4ng ty c\u1ed5 ph\u1ea7n Mi\u1ec1n Trung, C\u00f4ng ty CP x\u00e2y l\u1eafp \u0111i\u1ec7n Vi\u1ec7t Ti\u1ebfn, C\u00f4ng ty TNHH ABB Kinh B\u1eafc, c\u00f9ng nhi\u1ec1u doanh nghi\u1ec7p, t\u1ed5 ch\u1ee9c l\u1edbn kh\u00e1c.<\/span><\/p>\n<p><img decoding=\"async\" class=\"alignnone size-full wp-image-1536\" src=\"http:\/\/mienbacelectric.com\/wp-content\/uploads\/2025\/05\/6f4898590c42b91ce0533.jpg\" alt=\"\" width=\"50%\" srcset=\"https:\/\/mienbacelectric.com\/wp-content\/uploads\/2025\/05\/6f4898590c42b91ce0533.jpg 1280w, https:\/\/mienbacelectric.com\/wp-content\/uploads\/2025\/05\/6f4898590c42b91ce0533-300x200.jpg 300w, https:\/\/mienbacelectric.com\/wp-content\/uploads\/2025\/05\/6f4898590c42b91ce0533-1024x683.jpg 1024w, https:\/\/mienbacelectric.com\/wp-content\/uploads\/2025\/05\/6f4898590c42b91ce0533-768x512.jpg 768w, https:\/\/mienbacelectric.com\/wp-content\/uploads\/2025\/05\/6f4898590c42b91ce0533-400x267.jpg 400w\" sizes=\"(max-width: 1280px) 100vw, 1280px\" \/><img decoding=\"async\" class=\"alignnone size-full wp-image-1537\" src=\"http:\/\/mienbacelectric.com\/wp-content\/uploads\/2025\/05\/de46033b9720227e7b314.jpg\" alt=\"\" width=\"50%\" srcset=\"https:\/\/mienbacelectric.com\/wp-content\/uploads\/2025\/05\/de46033b9720227e7b314.jpg 1280w, https:\/\/mienbacelectric.com\/wp-content\/uploads\/2025\/05\/de46033b9720227e7b314-300x200.jpg 300w, https:\/\/mienbacelectric.com\/wp-content\/uploads\/2025\/05\/de46033b9720227e7b314-1024x683.jpg 1024w, https:\/\/mienbacelectric.com\/wp-content\/uploads\/2025\/05\/de46033b9720227e7b314-768x512.jpg 768w, https:\/\/mienbacelectric.com\/wp-content\/uploads\/2025\/05\/de46033b9720227e7b314-400x267.jpg 400w\" sizes=\"(max-width: 1280px) 100vw, 1280px\" \/><\/p>\n<p><span style=\"font-size: 18px;\">V\u1edbi ph\u01b0\u01a1ng ch\u00e2m \u201cUy t\u00edn \u2013 Ch\u1ea5t l\u01b0\u1ee3ng \u2013 An to\u00e0n \u2013 Hi\u1ec7u qu\u1ea3\u201d, C\u00f4ng ty TNHH C\u01a1 \u0111i\u1ec7n Mi\u1ec1n B\u1eafc cam k\u1ebft kh\u00f4ng ng\u1eebng \u0111\u1ed5i m\u1edbi, n\u00e2ng cao n\u0103ng l\u1ef1c thi c\u00f4ng, mang \u0111\u1ebfn cho kh\u00e1ch h\u00e0ng c\u00e1c gi\u1ea3i ph\u00e1p c\u01a1 \u0111i\u1ec7n t\u1ed1i \u01b0u, an to\u00e0n v\u00e0 ti\u1ebft ki\u1ec7m, g\u00f3p ph\u1ea7n v\u00e0o s\u1ef1 th\u00e0nh c\u00f4ng c\u1ee7a m\u1ed7i d\u1ef1 \u00e1n.<\/span><\/p>\n<p><img decoding=\"async\" class=\"alignnone size-full wp-image-1567\" src=\"http:\/\/mienbacelectric.com\/wp-content\/uploads\/2025\/05\/5f196ab7ffac4af213bd6.jpg\" alt=\"\" width=\"100%\" srcset=\"https:\/\/mienbacelectric.com\/wp-content\/uploads\/2025\/05\/5f196ab7ffac4af213bd6.jpg 1280w, https:\/\/mienbacelectric.com\/wp-content\/uploads\/2025\/05\/5f196ab7ffac4af213bd6-300x200.jpg 300w, https:\/\/mienbacelectric.com\/wp-content\/uploads\/2025\/05\/5f196ab7ffac4af213bd6-1024x683.jpg 1024w, https:\/\/mienbacelectric.com\/wp-content\/uploads\/2025\/05\/5f196ab7ffac4af213bd6-768x512.jpg 768w, https:\/\/mienbacelectric.com\/wp-content\/uploads\/2025\/05\/5f196ab7ffac4af213bd6-400x267.jpg 400w\" sizes=\"(max-width: 1280px) 100vw, 1280px\" \/><\/p>\n","protected":false},"excerpt":{"rendered":"<p>C\u00f4ng ty TNHH C\u01a1 \u0111i\u1ec7n Mi\u1ec1n B\u1eafc \u0111\u01b0\u1ee3c th\u00e0nh l\u1eadp n\u0103m 2016, ho\u1ea1t \u0111\u1ed9ng ch\u1ee7 y\u1ebfu trong l\u0129nh v\u1ef1c s\u1ea3n xu\u1ea5t, cung c\u1ea5p v\u00e0 thi c\u00f4ng c\u00e1c c\u00f4ng tr\u00ecnh c\u01a1 \u0111i\u1ec7n. Ngay t\u1eeb nh\u1eefng ng\u00e0y \u0111\u1ea7u th\u00e0nh l\u1eadp, C\u00f4ng ty \u0111\u00e3 \u0111\u1ecbnh h\u01b0\u1edbng ph\u00e1t tri\u1ec3n theo h\u01b0\u1edbng chuy\u00ean nghi\u1ec7p, ch\u00fa tr\u1ecdng ch\u1ea5t l\u01b0\u1ee3ng s\u1ea3n ph\u1ea9m [&hellip;]<\/p>\n","protected":false},"author":1,"featured_media":0,"parent":0,"menu_order":0,"comment_status":"closed","ping_status":"closed","template":"","meta":{"footnotes":""},"yoast_head":"<!-- This site is optimized with the Yoast SEO plugin v22.6 - https:\/\/yoast.com\/wordpress\/plugins\/seo\/ -->\n<title>Gi\u1edbi thi\u1ec7u - C\u00d4NG TY TNHH C\u01a0 \u0110I\u1ec6N MI\u1ec0N B\u1eaeC. HOTLINE 0913.601.155<\/title>\n<meta name=\"robots\" content=\"index, follow, max-snippet:-1, max-image-preview:large, max-video-preview:-1\" \/>\n<link rel=\"canonical\" href=\"https:\/\/mienbacelectric.com\/?page_id=6\" \/>\n<meta property=\"og:locale\" content=\"vi_VN\" \/>\n<meta property=\"og:type\" content=\"article\" \/>\n<meta property=\"og:title\" content=\"Gi\u1edbi thi\u1ec7u - C\u00d4NG TY TNHH C\u01a0 \u0110I\u1ec6N MI\u1ec0N B\u1eaeC. HOTLINE 0913.601.155\" \/>\n<meta property=\"og:description\" content=\"C\u00f4ng ty TNHH C\u01a1 \u0111i\u1ec7n Mi\u1ec1n B\u1eafc \u0111\u01b0\u1ee3c th\u00e0nh l\u1eadp n\u0103m 2016, ho\u1ea1t \u0111\u1ed9ng ch\u1ee7 y\u1ebfu trong l\u0129nh v\u1ef1c s\u1ea3n xu\u1ea5t, cung c\u1ea5p v\u00e0 thi c\u00f4ng c\u00e1c c\u00f4ng tr\u00ecnh c\u01a1 \u0111i\u1ec7n. Ngay t\u1eeb nh\u1eefng ng\u00e0y \u0111\u1ea7u th\u00e0nh l\u1eadp, C\u00f4ng ty \u0111\u00e3 \u0111\u1ecbnh h\u01b0\u1edbng ph\u00e1t tri\u1ec3n theo h\u01b0\u1edbng chuy\u00ean nghi\u1ec7p, ch\u00fa tr\u1ecdng ch\u1ea5t l\u01b0\u1ee3ng s\u1ea3n ph\u1ea9m [&hellip;]\" \/>\n<meta property=\"og:url\" content=\"https:\/\/mienbacelectric.com\/?page_id=6\" \/>\n<meta property=\"og:site_name\" content=\"C\u00d4NG TY TNHH C\u01a0 \u0110I\u1ec6N MI\u1ec0N B\u1eaeC. HOTLINE 0913.601.155\" \/>\n<meta property=\"article:modified_time\" content=\"2025-05-18T14:57:24+00:00\" \/>\n<meta property=\"og:image\" content=\"http:\/\/mienbacelectric.com\/wp-content\/uploads\/2025\/05\/6d2e77cce3d756890fc61.jpg\" \/>\n<meta name=\"twitter:card\" content=\"summary_large_image\" \/>\n<meta name=\"twitter:label1\" content=\"\u01af\u1edbc t\u00ednh th\u1eddi gian \u0111\u1ecdc\" \/>\n\t<meta name=\"twitter:data1\" content=\"3 ph\u00fat\" \/>\n<script type=\"application\/ld+json\" class=\"yoast-schema-graph\">{\"@context\":\"https:\/\/schema.org\",\"@graph\":[{\"@type\":\"WebPage\",\"@id\":\"https:\/\/mienbacelectric.com\/?page_id=6\",\"url\":\"https:\/\/mienbacelectric.com\/?page_id=6\",\"name\":\"Gi\u1edbi thi\u1ec7u - C\u00d4NG TY TNHH C\u01a0 \u0110I\u1ec6N MI\u1ec0N B\u1eaeC. HOTLINE 0913.601.155\",\"isPartOf\":{\"@id\":\"https:\/\/mienbacelectric.com\/#website\"},\"primaryImageOfPage\":{\"@id\":\"https:\/\/mienbacelectric.com\/?page_id=6#primaryimage\"},\"image\":{\"@id\":\"https:\/\/mienbacelectric.com\/?page_id=6#primaryimage\"},\"thumbnailUrl\":\"http:\/\/mienbacelectric.com\/wp-content\/uploads\/2025\/05\/6d2e77cce3d756890fc61.jpg\",\"datePublished\":\"2023-04-05T23:56:38+00:00\",\"dateModified\":\"2025-05-18T14:57:24+00:00\",\"breadcrumb\":{\"@id\":\"https:\/\/mienbacelectric.com\/?page_id=6#breadcrumb\"},\"inLanguage\":\"vi\",\"potentialAction\":[{\"@type\":\"ReadAction\",\"target\":[\"https:\/\/mienbacelectric.com\/?page_id=6\"]}]},{\"@type\":\"ImageObject\",\"inLanguage\":\"vi\",\"@id\":\"https:\/\/mienbacelectric.com\/?page_id=6#primaryimage\",\"url\":\"https:\/\/mienbacelectric.com\/wp-content\/uploads\/2025\/05\/6d2e77cce3d756890fc61.jpg\",\"contentUrl\":\"https:\/\/mienbacelectric.com\/wp-content\/uploads\/2025\/05\/6d2e77cce3d756890fc61.jpg\",\"width\":1257,\"height\":653},{\"@type\":\"BreadcrumbList\",\"@id\":\"https:\/\/mienbacelectric.com\/?page_id=6#breadcrumb\",\"itemListElement\":[{\"@type\":\"ListItem\",\"position\":1,\"name\":\"Home\",\"item\":\"https:\/\/mienbacelectric.com\/\"},{\"@type\":\"ListItem\",\"position\":2,\"name\":\"Gi\u1edbi thi\u1ec7u\"}]},{\"@type\":\"WebSite\",\"@id\":\"https:\/\/mienbacelectric.com\/#website\",\"url\":\"https:\/\/mienbacelectric.com\/\",\"name\":\"C\u00d4NG TY TNHH C\u01a0 \u0110I\u1ec6N MI\u1ec0N B\u1eaeC. HOTLINE 0913.601.155\",\"description\":\"\",\"potentialAction\":[{\"@type\":\"SearchAction\",\"target\":{\"@type\":\"EntryPoint\",\"urlTemplate\":\"https:\/\/mienbacelectric.com\/?s={search_term_string}\"},\"query-input\":\"required name=search_term_string\"}],\"inLanguage\":\"vi\"}]}<\/script>\n<!-- \/ Yoast SEO plugin. -->","yoast_head_json":{"title":"Gi\u1edbi thi\u1ec7u - C\u00d4NG TY TNHH C\u01a0 \u0110I\u1ec6N MI\u1ec0N B\u1eaeC. HOTLINE 0913.601.155","robots":{"index":"index","follow":"follow","max-snippet":"max-snippet:-1","max-image-preview":"max-image-preview:large","max-video-preview":"max-video-preview:-1"},"canonical":"https:\/\/mienbacelectric.com\/?page_id=6","og_locale":"vi_VN","og_type":"article","og_title":"Gi\u1edbi thi\u1ec7u - C\u00d4NG TY TNHH C\u01a0 \u0110I\u1ec6N MI\u1ec0N B\u1eaeC. HOTLINE 0913.601.155","og_description":"C\u00f4ng ty TNHH C\u01a1 \u0111i\u1ec7n Mi\u1ec1n B\u1eafc \u0111\u01b0\u1ee3c th\u00e0nh l\u1eadp n\u0103m 2016, ho\u1ea1t \u0111\u1ed9ng ch\u1ee7 y\u1ebfu trong l\u0129nh v\u1ef1c s\u1ea3n xu\u1ea5t, cung c\u1ea5p v\u00e0 thi c\u00f4ng c\u00e1c c\u00f4ng tr\u00ecnh c\u01a1 \u0111i\u1ec7n. Ngay t\u1eeb nh\u1eefng ng\u00e0y \u0111\u1ea7u th\u00e0nh l\u1eadp, C\u00f4ng ty \u0111\u00e3 \u0111\u1ecbnh h\u01b0\u1edbng ph\u00e1t tri\u1ec3n theo h\u01b0\u1edbng chuy\u00ean nghi\u1ec7p, ch\u00fa tr\u1ecdng ch\u1ea5t l\u01b0\u1ee3ng s\u1ea3n ph\u1ea9m [&hellip;]","og_url":"https:\/\/mienbacelectric.com\/?page_id=6","og_site_name":"C\u00d4NG TY TNHH C\u01a0 \u0110I\u1ec6N MI\u1ec0N B\u1eaeC. HOTLINE 0913.601.155","article_modified_time":"2025-05-18T14:57:24+00:00","og_image":[{"url":"http:\/\/mienbacelectric.com\/wp-content\/uploads\/2025\/05\/6d2e77cce3d756890fc61.jpg"}],"twitter_card":"summary_large_image","twitter_misc":{"\u01af\u1edbc t\u00ednh th\u1eddi gian \u0111\u1ecdc":"3 ph\u00fat"},"schema":{"@context":"https:\/\/schema.org","@graph":[{"@type":"WebPage","@id":"https:\/\/mienbacelectric.com\/?page_id=6","url":"https:\/\/mienbacelectric.com\/?page_id=6","name":"Gi\u1edbi thi\u1ec7u - C\u00d4NG TY TNHH C\u01a0 \u0110I\u1ec6N MI\u1ec0N B\u1eaeC. HOTLINE 0913.601.155","isPartOf":{"@id":"https:\/\/mienbacelectric.com\/#website"},"primaryImageOfPage":{"@id":"https:\/\/mienbacelectric.com\/?page_id=6#primaryimage"},"image":{"@id":"https:\/\/mienbacelectric.com\/?page_id=6#primaryimage"},"thumbnailUrl":"http:\/\/mienbacelectric.com\/wp-content\/uploads\/2025\/05\/6d2e77cce3d756890fc61.jpg","datePublished":"2023-04-05T23:56:38+00:00","dateModified":"2025-05-18T14:57:24+00:00","breadcrumb":{"@id":"https:\/\/mienbacelectric.com\/?page_id=6#breadcrumb"},"inLanguage":"vi","potentialAction":[{"@type":"ReadAction","target":["https:\/\/mienbacelectric.com\/?page_id=6"]}]},{"@type":"ImageObject","inLanguage":"vi","@id":"https:\/\/mienbacelectric.com\/?page_id=6#primaryimage","url":"https:\/\/mienbacelectric.com\/wp-content\/uploads\/2025\/05\/6d2e77cce3d756890fc61.jpg","contentUrl":"https:\/\/mienbacelectric.com\/wp-content\/uploads\/2025\/05\/6d2e77cce3d756890fc61.jpg","width":1257,"height":653},{"@type":"BreadcrumbList","@id":"https:\/\/mienbacelectric.com\/?page_id=6#breadcrumb","itemListElement":[{"@type":"ListItem","position":1,"name":"Home","item":"https:\/\/mienbacelectric.com\/"},{"@type":"ListItem","position":2,"name":"Gi\u1edbi thi\u1ec7u"}]},{"@type":"WebSite","@id":"https:\/\/mienbacelectric.com\/#website","url":"https:\/\/mienbacelectric.com\/","name":"C\u00d4NG TY TNHH C\u01a0 \u0110I\u1ec6N MI\u1ec0N B\u1eaeC. HOTLINE 0913.601.155","description":"","potentialAction":[{"@type":"SearchAction","target":{"@type":"EntryPoint","urlTemplate":"https:\/\/mienbacelectric.com\/?s={search_term_string}"},"query-input":"required name=search_term_string"}],"inLanguage":"vi"}]}},"_links":{"self":[{"href":"https:\/\/mienbacelectric.com\/index.php?rest_route=\/wp\/v2\/pages\/6"}],"collection":[{"href":"https:\/\/mienbacelectric.com\/index.php?rest_route=\/wp\/v2\/pages"}],"about":[{"href":"https:\/\/mienbacelectric.com\/index.php?rest_route=\/wp\/v2\/types\/page"}],"author":[{"embeddable":true,"href":"https:\/\/mienbacelectric.com\/index.php?rest_route=\/wp\/v2\/users\/1"}],"replies":[{"embeddable":true,"href":"https:\/\/mienbacelectric.com\/index.php?rest_route=%2Fwp%2Fv2%2Fcomments&post=6"}],"version-history":[{"count":4,"href":"https:\/\/mienbacelectric.com\/index.php?rest_route=\/wp\/v2\/pages\/6\/revisions"}],"predecessor-version":[{"id":1568,"href":"https:\/\/mienbacelectric.com\/index.php?rest_route=\/wp\/v2\/pages\/6\/revisions\/1568"}],"wp:attachment":[{"href":"https:\/\/mienbacelectric.com\/index.php?rest_route=%2Fwp%2Fv2%2Fmedia&parent=6"}],"curies":[{"name":"wp","href":"https:\/\/api.w.org\/{rel}","templated":true}]}}