{"id":1480,"date":"2025-05-18T12:02:46","date_gmt":"2025-05-18T05:02:46","guid":{"rendered":"https:\/\/mienbacelectric.com\/?page_id=1480"},"modified":"2025-05-18T18:42:12","modified_gmt":"2025-05-18T11:42:12","slug":"du-an-cong-trinh-toa-nha","status":"publish","type":"page","link":"https:\/\/mienbacelectric.com\/?page_id=1480","title":{"rendered":"D\u1ef1 \u00e1n &#8211; C\u00f4ng tr\u00ecnh t\u00f2a nh\u00e0"},"content":{"rendered":"<table style=\"height: 69px; width: 100%; border: 0px\" border=\"0\" cellpadding=\"30\">\n<tbody>\n<tr>\n<td style=\"width: 50%; text-align: center;\" colspan=\"2\">\n<div style=\"box-shadow: 3px 6px 5px #999; margin-bottom: 15px\"><img decoding=\"async\" src=\"http:\/\/mienbacelectric.com\/wp-content\/uploads\/2025\/05\/Quoc-hoi-Lao-1-scaled.jpg\" alt=\"T\u00f2a nh\u00e0 Qu\u1ed1c h\u1ed9i L\u00e0o\" width=\"100%\" \/><br \/>\n<strong>T\u00f2a nh\u00e0 Qu\u1ed1c h\u1ed9i L\u00e0o<\/strong><br \/>\n<span style=\"color: #808080;\">Lao National Assembly Building<\/span><\/div>\n<\/td>\n<\/tr>\n<tr>\n<td style=\"width: 50%; text-align: center;\">\n<div style=\"box-shadow: 3px 6px 5px #999; margin-bottom: 15px\"><img decoding=\"async\" src=\"http:\/\/mienbacelectric.com\/wp-content\/uploads\/2025\/05\/Tecco.png\" alt=\"Chung c\u01b0 Tecco TOWERS Thanh H\u00f3a\" width=\"100%\" \/><br \/>\n<strong>Chung c\u01b0 Tecco TOWERS Thanh H\u00f3a<\/strong><br \/>\n<span style=\"color: #808080;\">Thanh Hoa Tecco Towers Apartment<\/span><br \/>\n<span>&nbsp;<\/span><br \/><span>&nbsp;<\/span>\n<\/div>\n<\/td>\n<td style=\"width: 50%; text-align: center;\">\n<div style=\"box-shadow: 3px 6px 5px #999; margin-bottom: 15px;\"><img decoding=\"async\" src=\"http:\/\/mienbacelectric.com\/wp-content\/uploads\/2025\/05\/Vinpearl.jpg\" alt=\"T\u1ed5 h\u1ee3p kh\u00e1ch s\u1ea1n 5 sao Vinpearl v\u00e0 Trung t\u00e2m th\u01b0\u01a1ng m\u1ea1i Vincom Plaza Thanh H\u00f3a\" width=\"100%\" \/><br \/>\n<strong>T\u1ed5 h\u1ee3p kh\u00e1ch s\u1ea1n 5 sao Vinpearl v\u00e0 Trung t\u00e2m th\u01b0\u01a1ng m\u1ea1i Vincom Plaza Thanh H\u00f3a<\/strong><br \/>\n<span style=\"color: #808080;\">Vinpearl 5-stars hotel complex and Vincom plaza Thanh Hoa Shopping center<\/span><\/div>\n<\/td>\n<\/tr>\n<tr>\n<td style=\"width: 50%; text-align: center;\" colspan=\"2\">\n<div style=\"box-shadow: 3px 6px 5px #999; margin-bottom: 15px\"><img decoding=\"async\" src=\"http:\/\/mienbacelectric.com\/wp-content\/uploads\/2025\/05\/Sunworld.jpg\" alt=\"Qu\u1ea3ng tr\u01b0\u1eddng bi\u1ec3n Sunworld S\u1ea7m S\u01a1n\" width=\"100%\" \/><br \/>\n<strong>Qu\u1ea3ng tr\u01b0\u1eddng bi\u1ec3n Sunworld S\u1ea7m S\u01a1n<\/strong><br \/>\n<span style=\"color: #808080;\">Sunworld Sam Son Sea Square<\/span><\/div>\n<\/td>\n<\/tr>\n<\/tbody>\n<\/table>\n","protected":false},"excerpt":{"rendered":"<p>T\u00f2a nh\u00e0 Qu\u1ed1c h\u1ed9i L\u00e0o Lao National Assembly Building Chung c\u01b0 Tecco TOWERS Thanh H\u00f3a Thanh Hoa Tecco Towers Apartment &nbsp;&nbsp; T\u1ed5 h\u1ee3p kh\u00e1ch s\u1ea1n 5 sao Vinpearl v\u00e0 Trung t\u00e2m th\u01b0\u01a1ng m\u1ea1i Vincom Plaza Thanh H\u00f3a Vinpearl 5-stars hotel complex and Vincom plaza Thanh Hoa Shopping center Qu\u1ea3ng tr\u01b0\u1eddng bi\u1ec3n Sunworld S\u1ea7m S\u01a1n Sunworld [&hellip;]<\/p>\n","protected":false},"author":1,"featured_media":0,"parent":0,"menu_order":0,"comment_status":"closed","ping_status":"closed","template":"","meta":{"footnotes":""},"yoast_head":"<!-- This site is optimized with the Yoast SEO plugin v22.6 - https:\/\/yoast.com\/wordpress\/plugins\/seo\/ -->\n<title>D\u1ef1 \u00e1n - C\u00f4ng tr\u00ecnh t\u00f2a nh\u00e0 - C\u00d4NG TY TNHH C\u01a0 \u0110I\u1ec6N MI\u1ec0N B\u1eaeC. HOTLINE 0913.601.155<\/title>\n<meta name=\"robots\" content=\"index, follow, max-snippet:-1, max-image-preview:large, max-video-preview:-1\" \/>\n<link rel=\"canonical\" href=\"https:\/\/mienbacelectric.com\/?page_id=1480\" \/>\n<meta property=\"og:locale\" content=\"vi_VN\" \/>\n<meta property=\"og:type\" content=\"article\" \/>\n<meta property=\"og:title\" content=\"D\u1ef1 \u00e1n - C\u00f4ng tr\u00ecnh t\u00f2a nh\u00e0 - C\u00d4NG TY TNHH C\u01a0 \u0110I\u1ec6N MI\u1ec0N B\u1eaeC. HOTLINE 0913.601.155\" \/>\n<meta property=\"og:description\" content=\"T\u00f2a nh\u00e0 Qu\u1ed1c h\u1ed9i L\u00e0o Lao National Assembly Building Chung c\u01b0 Tecco TOWERS Thanh H\u00f3a Thanh Hoa Tecco Towers Apartment &nbsp;&nbsp; T\u1ed5 h\u1ee3p kh\u00e1ch s\u1ea1n 5 sao Vinpearl v\u00e0 Trung t\u00e2m th\u01b0\u01a1ng m\u1ea1i Vincom Plaza Thanh H\u00f3a Vinpearl 5-stars hotel complex and Vincom plaza Thanh Hoa Shopping center Qu\u1ea3ng tr\u01b0\u1eddng bi\u1ec3n Sunworld S\u1ea7m S\u01a1n Sunworld [&hellip;]\" \/>\n<meta property=\"og:url\" content=\"https:\/\/mienbacelectric.com\/?page_id=1480\" \/>\n<meta property=\"og:site_name\" content=\"C\u00d4NG TY TNHH C\u01a0 \u0110I\u1ec6N MI\u1ec0N B\u1eaeC. HOTLINE 0913.601.155\" \/>\n<meta property=\"article:modified_time\" content=\"2025-05-18T11:42:12+00:00\" \/>\n<meta property=\"og:image\" content=\"http:\/\/mienbacelectric.com\/wp-content\/uploads\/2025\/05\/Quoc-hoi-Lao-1-scaled.jpg\" \/>\n<meta name=\"twitter:card\" content=\"summary_large_image\" \/>\n<meta name=\"twitter:label1\" content=\"\u01af\u1edbc t\u00ednh th\u1eddi gian \u0111\u1ecdc\" \/>\n\t<meta name=\"twitter:data1\" content=\"2 ph\u00fat\" \/>\n<script type=\"application\/ld+json\" class=\"yoast-schema-graph\">{\"@context\":\"https:\/\/schema.org\",\"@graph\":[{\"@type\":\"WebPage\",\"@id\":\"https:\/\/mienbacelectric.com\/?page_id=1480\",\"url\":\"https:\/\/mienbacelectric.com\/?page_id=1480\",\"name\":\"D\u1ef1 \u00e1n - C\u00f4ng tr\u00ecnh t\u00f2a nh\u00e0 - C\u00d4NG TY TNHH C\u01a0 \u0110I\u1ec6N MI\u1ec0N B\u1eaeC. HOTLINE 0913.601.155\",\"isPartOf\":{\"@id\":\"https:\/\/mienbacelectric.com\/#website\"},\"primaryImageOfPage\":{\"@id\":\"https:\/\/mienbacelectric.com\/?page_id=1480#primaryimage\"},\"image\":{\"@id\":\"https:\/\/mienbacelectric.com\/?page_id=1480#primaryimage\"},\"thumbnailUrl\":\"http:\/\/mienbacelectric.com\/wp-content\/uploads\/2025\/05\/Quoc-hoi-Lao-1-scaled.jpg\",\"datePublished\":\"2025-05-18T05:02:46+00:00\",\"dateModified\":\"2025-05-18T11:42:12+00:00\",\"breadcrumb\":{\"@id\":\"https:\/\/mienbacelectric.com\/?page_id=1480#breadcrumb\"},\"inLanguage\":\"vi\",\"potentialAction\":[{\"@type\":\"ReadAction\",\"target\":[\"https:\/\/mienbacelectric.com\/?page_id=1480\"]}]},{\"@type\":\"ImageObject\",\"inLanguage\":\"vi\",\"@id\":\"https:\/\/mienbacelectric.com\/?page_id=1480#primaryimage\",\"url\":\"https:\/\/mienbacelectric.com\/wp-content\/uploads\/2025\/05\/Quoc-hoi-Lao-1-scaled.jpg\",\"contentUrl\":\"https:\/\/mienbacelectric.com\/wp-content\/uploads\/2025\/05\/Quoc-hoi-Lao-1-scaled.jpg\",\"width\":2560,\"height\":852},{\"@type\":\"BreadcrumbList\",\"@id\":\"https:\/\/mienbacelectric.com\/?page_id=1480#breadcrumb\",\"itemListElement\":[{\"@type\":\"ListItem\",\"position\":1,\"name\":\"Home\",\"item\":\"https:\/\/mienbacelectric.com\/\"},{\"@type\":\"ListItem\",\"position\":2,\"name\":\"D\u1ef1 \u00e1n &#8211; C\u00f4ng tr\u00ecnh t\u00f2a nh\u00e0\"}]},{\"@type\":\"WebSite\",\"@id\":\"https:\/\/mienbacelectric.com\/#website\",\"url\":\"https:\/\/mienbacelectric.com\/\",\"name\":\"C\u00d4NG TY TNHH C\u01a0 \u0110I\u1ec6N MI\u1ec0N B\u1eaeC. HOTLINE 0913.601.155\",\"description\":\"\",\"potentialAction\":[{\"@type\":\"SearchAction\",\"target\":{\"@type\":\"EntryPoint\",\"urlTemplate\":\"https:\/\/mienbacelectric.com\/?s={search_term_string}\"},\"query-input\":\"required name=search_term_string\"}],\"inLanguage\":\"vi\"}]}<\/script>\n<!-- \/ Yoast SEO plugin. -->","yoast_head_json":{"title":"D\u1ef1 \u00e1n - C\u00f4ng tr\u00ecnh t\u00f2a nh\u00e0 - C\u00d4NG TY TNHH C\u01a0 \u0110I\u1ec6N MI\u1ec0N B\u1eaeC. HOTLINE 0913.601.155","robots":{"index":"index","follow":"follow","max-snippet":"max-snippet:-1","max-image-preview":"max-image-preview:large","max-video-preview":"max-video-preview:-1"},"canonical":"https:\/\/mienbacelectric.com\/?page_id=1480","og_locale":"vi_VN","og_type":"article","og_title":"D\u1ef1 \u00e1n - C\u00f4ng tr\u00ecnh t\u00f2a nh\u00e0 - C\u00d4NG TY TNHH C\u01a0 \u0110I\u1ec6N MI\u1ec0N B\u1eaeC. HOTLINE 0913.601.155","og_description":"T\u00f2a nh\u00e0 Qu\u1ed1c h\u1ed9i L\u00e0o Lao National Assembly Building Chung c\u01b0 Tecco TOWERS Thanh H\u00f3a Thanh Hoa Tecco Towers Apartment &nbsp;&nbsp; T\u1ed5 h\u1ee3p kh\u00e1ch s\u1ea1n 5 sao Vinpearl v\u00e0 Trung t\u00e2m th\u01b0\u01a1ng m\u1ea1i Vincom Plaza Thanh H\u00f3a Vinpearl 5-stars hotel complex and Vincom plaza Thanh Hoa Shopping center Qu\u1ea3ng tr\u01b0\u1eddng bi\u1ec3n Sunworld S\u1ea7m S\u01a1n Sunworld [&hellip;]","og_url":"https:\/\/mienbacelectric.com\/?page_id=1480","og_site_name":"C\u00d4NG TY TNHH C\u01a0 \u0110I\u1ec6N MI\u1ec0N B\u1eaeC. HOTLINE 0913.601.155","article_modified_time":"2025-05-18T11:42:12+00:00","og_image":[{"url":"http:\/\/mienbacelectric.com\/wp-content\/uploads\/2025\/05\/Quoc-hoi-Lao-1-scaled.jpg"}],"twitter_card":"summary_large_image","twitter_misc":{"\u01af\u1edbc t\u00ednh th\u1eddi gian \u0111\u1ecdc":"2 ph\u00fat"},"schema":{"@context":"https:\/\/schema.org","@graph":[{"@type":"WebPage","@id":"https:\/\/mienbacelectric.com\/?page_id=1480","url":"https:\/\/mienbacelectric.com\/?page_id=1480","name":"D\u1ef1 \u00e1n - C\u00f4ng tr\u00ecnh t\u00f2a nh\u00e0 - C\u00d4NG TY TNHH C\u01a0 \u0110I\u1ec6N MI\u1ec0N B\u1eaeC. HOTLINE 0913.601.155","isPartOf":{"@id":"https:\/\/mienbacelectric.com\/#website"},"primaryImageOfPage":{"@id":"https:\/\/mienbacelectric.com\/?page_id=1480#primaryimage"},"image":{"@id":"https:\/\/mienbacelectric.com\/?page_id=1480#primaryimage"},"thumbnailUrl":"http:\/\/mienbacelectric.com\/wp-content\/uploads\/2025\/05\/Quoc-hoi-Lao-1-scaled.jpg","datePublished":"2025-05-18T05:02:46+00:00","dateModified":"2025-05-18T11:42:12+00:00","breadcrumb":{"@id":"https:\/\/mienbacelectric.com\/?page_id=1480#breadcrumb"},"inLanguage":"vi","potentialAction":[{"@type":"ReadAction","target":["https:\/\/mienbacelectric.com\/?page_id=1480"]}]},{"@type":"ImageObject","inLanguage":"vi","@id":"https:\/\/mienbacelectric.com\/?page_id=1480#primaryimage","url":"https:\/\/mienbacelectric.com\/wp-content\/uploads\/2025\/05\/Quoc-hoi-Lao-1-scaled.jpg","contentUrl":"https:\/\/mienbacelectric.com\/wp-content\/uploads\/2025\/05\/Quoc-hoi-Lao-1-scaled.jpg","width":2560,"height":852},{"@type":"BreadcrumbList","@id":"https:\/\/mienbacelectric.com\/?page_id=1480#breadcrumb","itemListElement":[{"@type":"ListItem","position":1,"name":"Home","item":"https:\/\/mienbacelectric.com\/"},{"@type":"ListItem","position":2,"name":"D\u1ef1 \u00e1n &#8211; C\u00f4ng tr\u00ecnh t\u00f2a nh\u00e0"}]},{"@type":"WebSite","@id":"https:\/\/mienbacelectric.com\/#website","url":"https:\/\/mienbacelectric.com\/","name":"C\u00d4NG TY TNHH C\u01a0 \u0110I\u1ec6N MI\u1ec0N B\u1eaeC. HOTLINE 0913.601.155","description":"","potentialAction":[{"@type":"SearchAction","target":{"@type":"EntryPoint","urlTemplate":"https:\/\/mienbacelectric.com\/?s={search_term_string}"},"query-input":"required name=search_term_string"}],"inLanguage":"vi"}]}},"_links":{"self":[{"href":"https:\/\/mienbacelectric.com\/index.php?rest_route=\/wp\/v2\/pages\/1480"}],"collection":[{"href":"https:\/\/mienbacelectric.com\/index.php?rest_route=\/wp\/v2\/pages"}],"about":[{"href":"https:\/\/mienbacelectric.com\/index.php?rest_route=\/wp\/v2\/types\/page"}],"author":[{"embeddable":true,"href":"https:\/\/mienbacelectric.com\/index.php?rest_route=\/wp\/v2\/users\/1"}],"replies":[{"embeddable":true,"href":"https:\/\/mienbacelectric.com\/index.php?rest_route=%2Fwp%2Fv2%2Fcomments&post=1480"}],"version-history":[{"count":3,"href":"https:\/\/mienbacelectric.com\/index.php?rest_route=\/wp\/v2\/pages\/1480\/revisions"}],"predecessor-version":[{"id":1526,"href":"https:\/\/mienbacelectric.com\/index.php?rest_route=\/wp\/v2\/pages\/1480\/revisions\/1526"}],"wp:attachment":[{"href":"https:\/\/mienbacelectric.com\/index.php?rest_route=%2Fwp%2Fv2%2Fmedia&parent=1480"}],"curies":[{"name":"wp","href":"https:\/\/api.w.org\/{rel}","templated":true}]}}