{"id":1475,"date":"2025-05-18T12:01:45","date_gmt":"2025-05-18T05:01:45","guid":{"rendered":"https:\/\/mienbacelectric.com\/?page_id=1475"},"modified":"2025-05-18T19:03:00","modified_gmt":"2025-05-18T12:03:00","slug":"du-an-cong-trinh-dien-luc","status":"publish","type":"page","link":"https:\/\/mienbacelectric.com\/?page_id=1475","title":{"rendered":"D\u1ef1 \u00e1n &#8211; C\u00f4ng tr\u00ecnh \u0111i\u1ec7n l\u1ef1c"},"content":{"rendered":"<div style=\"box-shadow: 3px 6px 5px #999; margin-bottom: 15px; background-color: #fff\">\n<table style=\"height: 69px; width: 100%; border: 0px;\" border=\"0\" cellpadding=\"30\">\n<tbody>\n<tr>\n<td style=\"width: 50%; text-align: center;\">\n<img decoding=\"async\" src=\"http:\/\/mienbacelectric.com\/wp-content\/uploads\/2025\/05\/500kv-mach-3-scaled.jpg\" alt=\"\u0110\u01b0\u1eddng d\u00e2y 500Kv m\u1ea1ch 3\" width=\"100%\" \/>\n<\/td>\n<td style=\"width: 50%; padding-right: 15px;\"><strong>\u0110\u01b0\u1eddng d\u00e2y 500kV m\u1ea1ch 3<\/strong><br \/>\n<span style=\"color: #808080;\">500kV high voltage line circuit 3<\/span><\/td>\n<\/tr>\n<\/tbody>\n<\/table>\n<\/div>\n<div style=\"box-shadow: 3px 6px 5px #999; margin-bottom: 15px; background-color: #fff\">\n<table style=\"height: 69px; width: 100%; border: 0px;\" border=\"0\" cellpadding=\"30\">\n<tbody>\n<tr>\n<td style=\"width: 50%; padding-right: 15px; text-align: right\"><strong>Tr\u1ea1m bi\u1ebfn \u00e1p 220kV \u0110\u00ecnh v\u0169<\/strong><br \/>\n<span style=\"color: #808080;\">220kV Dinh Vu power station<\/span><\/td>\n<td style=\"width: 50%; text-align: center;\">\n<img decoding=\"async\" src=\"http:\/\/mienbacelectric.com\/wp-content\/uploads\/2025\/05\/220kv-Dinh-Vu-1-scaled.jpg\" alt=\"Tr\u1ea1m bi\u1ebfn \u00e1p 220kV \u0110\u00ecnh v\u0169\" width=\"100%\" \/>\n<\/td>\n<\/tr>\n<\/tbody>\n<\/table>\n<\/div>\n<div style=\"box-shadow: 3px 6px 5px #999; margin-bottom: 15px; background-color: #fff\">\n<table style=\"height: 69px; width: 100%; border: 0px;\" border=\"0\" cellpadding=\"30\">\n<tbody>\n<tr>\n<td style=\"width: 50%; text-align: center;\">\n<img decoding=\"async\" src=\"http:\/\/mienbacelectric.com\/wp-content\/uploads\/2025\/05\/110kv-Hoa-Binh-1-scaled.jpg\" alt=\"Tr\u1ea1m \u0111i\u1ec7n 110kV H\u00f2a B\u00ecnh\" width=\"100%\" \/>\n<\/td>\n<td style=\"width: 50%; padding-left: 15px\"><strong>Tr\u1ea1m \u0111i\u1ec7n 110Kv H\u00f2a B\u00ecnh<\/strong><br \/>\n<span style=\"color: #808080;\">110kV Hoa Binh power station<\/span><\/td>\n<\/tr>\n<\/tbody>\n<\/table>\n<\/div>\n<div style=\"box-shadow: 3px 6px 5px #999; margin-bottom: 15px; background-color: #fff\">\n<table style=\"height: 69px; width: 100%; border: 0px;\" border=\"0\" cellpadding=\"30\">\n<tbody>\n<tr>\n<td style=\"width: 50%; padding-right: 15px; text-align: right\"><strong>D\u1ef1 \u00e1n ch\u1ed1ng qu\u00e1 t\u1ea3i PC Thanh H\u00f3a, PC H\u1ea3i D\u01b0\u01a1ng, PC Lai Ch\u00e2u, PC Ph\u00fa Th\u1ecd, PC B\u1eafc Giang, PC H\u00e0 T\u0129nh<\/strong><br \/>\n<span style=\"color: #808080;\">Thanh Hoa PC, Hai Duong PC, Lai Chau PC, Phu Tho PC, Bac Giang PC, Ha Tinh PC &#8211; Overload projects<\/span><\/td>\n<td style=\"width: 50%; text-align: center;\">\n<img decoding=\"async\" src=\"http:\/\/mienbacelectric.com\/wp-content\/uploads\/2025\/05\/Chong-qua-tai-1-scaled.jpg\" alt=\"D\u1ef1 \u00e1n ch\u1ed1ng qu\u00e1 t\u1ea3i\" width=\"100%\" \/>\n<\/td>\n<\/tr>\n<\/tbody>\n<\/table>\n<\/div>\n","protected":false},"excerpt":{"rendered":"<p>\u0110\u01b0\u1eddng d\u00e2y 500kV m\u1ea1ch 3 500kV high voltage line circuit 3 Tr\u1ea1m bi\u1ebfn \u00e1p 220kV \u0110\u00ecnh v\u0169 220kV Dinh Vu power station Tr\u1ea1m \u0111i\u1ec7n 110Kv H\u00f2a B\u00ecnh 110kV Hoa Binh power station D\u1ef1 \u00e1n ch\u1ed1ng qu\u00e1 t\u1ea3i PC Thanh H\u00f3a, PC H\u1ea3i D\u01b0\u01a1ng, PC Lai Ch\u00e2u, PC Ph\u00fa Th\u1ecd, PC B\u1eafc Giang, PC H\u00e0 T\u0129nh [&hellip;]<\/p>\n","protected":false},"author":1,"featured_media":0,"parent":0,"menu_order":0,"comment_status":"closed","ping_status":"closed","template":"","meta":{"footnotes":""},"yoast_head":"<!-- This site is optimized with the Yoast SEO plugin v22.6 - https:\/\/yoast.com\/wordpress\/plugins\/seo\/ -->\n<title>D\u1ef1 \u00e1n - C\u00f4ng tr\u00ecnh \u0111i\u1ec7n l\u1ef1c - C\u00d4NG TY TNHH C\u01a0 \u0110I\u1ec6N MI\u1ec0N B\u1eaeC. HOTLINE 0913.601.155<\/title>\n<meta name=\"robots\" content=\"index, follow, max-snippet:-1, max-image-preview:large, max-video-preview:-1\" \/>\n<link rel=\"canonical\" href=\"https:\/\/mienbacelectric.com\/?page_id=1475\" \/>\n<meta property=\"og:locale\" content=\"vi_VN\" \/>\n<meta property=\"og:type\" content=\"article\" \/>\n<meta property=\"og:title\" content=\"D\u1ef1 \u00e1n - C\u00f4ng tr\u00ecnh \u0111i\u1ec7n l\u1ef1c - C\u00d4NG TY TNHH C\u01a0 \u0110I\u1ec6N MI\u1ec0N B\u1eaeC. HOTLINE 0913.601.155\" \/>\n<meta property=\"og:description\" content=\"\u0110\u01b0\u1eddng d\u00e2y 500kV m\u1ea1ch 3 500kV high voltage line circuit 3 Tr\u1ea1m bi\u1ebfn \u00e1p 220kV \u0110\u00ecnh v\u0169 220kV Dinh Vu power station Tr\u1ea1m \u0111i\u1ec7n 110Kv H\u00f2a B\u00ecnh 110kV Hoa Binh power station D\u1ef1 \u00e1n ch\u1ed1ng qu\u00e1 t\u1ea3i PC Thanh H\u00f3a, PC H\u1ea3i D\u01b0\u01a1ng, PC Lai Ch\u00e2u, PC Ph\u00fa Th\u1ecd, PC B\u1eafc Giang, PC H\u00e0 T\u0129nh [&hellip;]\" \/>\n<meta property=\"og:url\" content=\"https:\/\/mienbacelectric.com\/?page_id=1475\" \/>\n<meta property=\"og:site_name\" content=\"C\u00d4NG TY TNHH C\u01a0 \u0110I\u1ec6N MI\u1ec0N B\u1eaeC. HOTLINE 0913.601.155\" \/>\n<meta property=\"article:modified_time\" content=\"2025-05-18T12:03:00+00:00\" \/>\n<meta property=\"og:image\" content=\"http:\/\/mienbacelectric.com\/wp-content\/uploads\/2025\/05\/500kv-mach-3-scaled.jpg\" \/>\n<meta name=\"twitter:card\" content=\"summary_large_image\" \/>\n<meta name=\"twitter:label1\" content=\"\u01af\u1edbc t\u00ednh th\u1eddi gian \u0111\u1ecdc\" \/>\n\t<meta name=\"twitter:data1\" content=\"2 ph\u00fat\" \/>\n<script type=\"application\/ld+json\" class=\"yoast-schema-graph\">{\"@context\":\"https:\/\/schema.org\",\"@graph\":[{\"@type\":\"WebPage\",\"@id\":\"https:\/\/mienbacelectric.com\/?page_id=1475\",\"url\":\"https:\/\/mienbacelectric.com\/?page_id=1475\",\"name\":\"D\u1ef1 \u00e1n - C\u00f4ng tr\u00ecnh \u0111i\u1ec7n l\u1ef1c - C\u00d4NG TY TNHH C\u01a0 \u0110I\u1ec6N MI\u1ec0N B\u1eaeC. HOTLINE 0913.601.155\",\"isPartOf\":{\"@id\":\"https:\/\/mienbacelectric.com\/#website\"},\"primaryImageOfPage\":{\"@id\":\"https:\/\/mienbacelectric.com\/?page_id=1475#primaryimage\"},\"image\":{\"@id\":\"https:\/\/mienbacelectric.com\/?page_id=1475#primaryimage\"},\"thumbnailUrl\":\"http:\/\/mienbacelectric.com\/wp-content\/uploads\/2025\/05\/500kv-mach-3-scaled.jpg\",\"datePublished\":\"2025-05-18T05:01:45+00:00\",\"dateModified\":\"2025-05-18T12:03:00+00:00\",\"breadcrumb\":{\"@id\":\"https:\/\/mienbacelectric.com\/?page_id=1475#breadcrumb\"},\"inLanguage\":\"vi\",\"potentialAction\":[{\"@type\":\"ReadAction\",\"target\":[\"https:\/\/mienbacelectric.com\/?page_id=1475\"]}]},{\"@type\":\"ImageObject\",\"inLanguage\":\"vi\",\"@id\":\"https:\/\/mienbacelectric.com\/?page_id=1475#primaryimage\",\"url\":\"https:\/\/mienbacelectric.com\/wp-content\/uploads\/2025\/05\/500kv-mach-3-scaled.jpg\",\"contentUrl\":\"https:\/\/mienbacelectric.com\/wp-content\/uploads\/2025\/05\/500kv-mach-3-scaled.jpg\",\"width\":2560,\"height\":1729},{\"@type\":\"BreadcrumbList\",\"@id\":\"https:\/\/mienbacelectric.com\/?page_id=1475#breadcrumb\",\"itemListElement\":[{\"@type\":\"ListItem\",\"position\":1,\"name\":\"Home\",\"item\":\"https:\/\/mienbacelectric.com\/\"},{\"@type\":\"ListItem\",\"position\":2,\"name\":\"D\u1ef1 \u00e1n &#8211; C\u00f4ng tr\u00ecnh \u0111i\u1ec7n l\u1ef1c\"}]},{\"@type\":\"WebSite\",\"@id\":\"https:\/\/mienbacelectric.com\/#website\",\"url\":\"https:\/\/mienbacelectric.com\/\",\"name\":\"C\u00d4NG TY TNHH C\u01a0 \u0110I\u1ec6N MI\u1ec0N B\u1eaeC. HOTLINE 0913.601.155\",\"description\":\"\",\"potentialAction\":[{\"@type\":\"SearchAction\",\"target\":{\"@type\":\"EntryPoint\",\"urlTemplate\":\"https:\/\/mienbacelectric.com\/?s={search_term_string}\"},\"query-input\":\"required name=search_term_string\"}],\"inLanguage\":\"vi\"}]}<\/script>\n<!-- \/ Yoast SEO plugin. -->","yoast_head_json":{"title":"D\u1ef1 \u00e1n - C\u00f4ng tr\u00ecnh \u0111i\u1ec7n l\u1ef1c - C\u00d4NG TY TNHH C\u01a0 \u0110I\u1ec6N MI\u1ec0N B\u1eaeC. HOTLINE 0913.601.155","robots":{"index":"index","follow":"follow","max-snippet":"max-snippet:-1","max-image-preview":"max-image-preview:large","max-video-preview":"max-video-preview:-1"},"canonical":"https:\/\/mienbacelectric.com\/?page_id=1475","og_locale":"vi_VN","og_type":"article","og_title":"D\u1ef1 \u00e1n - C\u00f4ng tr\u00ecnh \u0111i\u1ec7n l\u1ef1c - C\u00d4NG TY TNHH C\u01a0 \u0110I\u1ec6N MI\u1ec0N B\u1eaeC. HOTLINE 0913.601.155","og_description":"\u0110\u01b0\u1eddng d\u00e2y 500kV m\u1ea1ch 3 500kV high voltage line circuit 3 Tr\u1ea1m bi\u1ebfn \u00e1p 220kV \u0110\u00ecnh v\u0169 220kV Dinh Vu power station Tr\u1ea1m \u0111i\u1ec7n 110Kv H\u00f2a B\u00ecnh 110kV Hoa Binh power station D\u1ef1 \u00e1n ch\u1ed1ng qu\u00e1 t\u1ea3i PC Thanh H\u00f3a, PC H\u1ea3i D\u01b0\u01a1ng, PC Lai Ch\u00e2u, PC Ph\u00fa Th\u1ecd, PC B\u1eafc Giang, PC H\u00e0 T\u0129nh [&hellip;]","og_url":"https:\/\/mienbacelectric.com\/?page_id=1475","og_site_name":"C\u00d4NG TY TNHH C\u01a0 \u0110I\u1ec6N MI\u1ec0N B\u1eaeC. HOTLINE 0913.601.155","article_modified_time":"2025-05-18T12:03:00+00:00","og_image":[{"url":"http:\/\/mienbacelectric.com\/wp-content\/uploads\/2025\/05\/500kv-mach-3-scaled.jpg"}],"twitter_card":"summary_large_image","twitter_misc":{"\u01af\u1edbc t\u00ednh th\u1eddi gian \u0111\u1ecdc":"2 ph\u00fat"},"schema":{"@context":"https:\/\/schema.org","@graph":[{"@type":"WebPage","@id":"https:\/\/mienbacelectric.com\/?page_id=1475","url":"https:\/\/mienbacelectric.com\/?page_id=1475","name":"D\u1ef1 \u00e1n - C\u00f4ng tr\u00ecnh \u0111i\u1ec7n l\u1ef1c - C\u00d4NG TY TNHH C\u01a0 \u0110I\u1ec6N MI\u1ec0N B\u1eaeC. HOTLINE 0913.601.155","isPartOf":{"@id":"https:\/\/mienbacelectric.com\/#website"},"primaryImageOfPage":{"@id":"https:\/\/mienbacelectric.com\/?page_id=1475#primaryimage"},"image":{"@id":"https:\/\/mienbacelectric.com\/?page_id=1475#primaryimage"},"thumbnailUrl":"http:\/\/mienbacelectric.com\/wp-content\/uploads\/2025\/05\/500kv-mach-3-scaled.jpg","datePublished":"2025-05-18T05:01:45+00:00","dateModified":"2025-05-18T12:03:00+00:00","breadcrumb":{"@id":"https:\/\/mienbacelectric.com\/?page_id=1475#breadcrumb"},"inLanguage":"vi","potentialAction":[{"@type":"ReadAction","target":["https:\/\/mienbacelectric.com\/?page_id=1475"]}]},{"@type":"ImageObject","inLanguage":"vi","@id":"https:\/\/mienbacelectric.com\/?page_id=1475#primaryimage","url":"https:\/\/mienbacelectric.com\/wp-content\/uploads\/2025\/05\/500kv-mach-3-scaled.jpg","contentUrl":"https:\/\/mienbacelectric.com\/wp-content\/uploads\/2025\/05\/500kv-mach-3-scaled.jpg","width":2560,"height":1729},{"@type":"BreadcrumbList","@id":"https:\/\/mienbacelectric.com\/?page_id=1475#breadcrumb","itemListElement":[{"@type":"ListItem","position":1,"name":"Home","item":"https:\/\/mienbacelectric.com\/"},{"@type":"ListItem","position":2,"name":"D\u1ef1 \u00e1n &#8211; C\u00f4ng tr\u00ecnh \u0111i\u1ec7n l\u1ef1c"}]},{"@type":"WebSite","@id":"https:\/\/mienbacelectric.com\/#website","url":"https:\/\/mienbacelectric.com\/","name":"C\u00d4NG TY TNHH C\u01a0 \u0110I\u1ec6N MI\u1ec0N B\u1eaeC. HOTLINE 0913.601.155","description":"","potentialAction":[{"@type":"SearchAction","target":{"@type":"EntryPoint","urlTemplate":"https:\/\/mienbacelectric.com\/?s={search_term_string}"},"query-input":"required name=search_term_string"}],"inLanguage":"vi"}]}},"_links":{"self":[{"href":"https:\/\/mienbacelectric.com\/index.php?rest_route=\/wp\/v2\/pages\/1475"}],"collection":[{"href":"https:\/\/mienbacelectric.com\/index.php?rest_route=\/wp\/v2\/pages"}],"about":[{"href":"https:\/\/mienbacelectric.com\/index.php?rest_route=\/wp\/v2\/types\/page"}],"author":[{"embeddable":true,"href":"https:\/\/mienbacelectric.com\/index.php?rest_route=\/wp\/v2\/users\/1"}],"replies":[{"embeddable":true,"href":"https:\/\/mienbacelectric.com\/index.php?rest_route=%2Fwp%2Fv2%2Fcomments&post=1475"}],"version-history":[{"count":3,"href":"https:\/\/mienbacelectric.com\/index.php?rest_route=\/wp\/v2\/pages\/1475\/revisions"}],"predecessor-version":[{"id":1531,"href":"https:\/\/mienbacelectric.com\/index.php?rest_route=\/wp\/v2\/pages\/1475\/revisions\/1531"}],"wp:attachment":[{"href":"https:\/\/mienbacelectric.com\/index.php?rest_route=%2Fwp%2Fv2%2Fmedia&parent=1475"}],"curies":[{"name":"wp","href":"https:\/\/api.w.org\/{rel}","templated":true}]}}