{"id":1446,"date":"2025-05-18T10:44:08","date_gmt":"2025-05-18T03:44:08","guid":{"rendered":"https:\/\/mienbacelectric.com\/?page_id=1446"},"modified":"2025-05-20T23:27:20","modified_gmt":"2025-05-20T16:27:20","slug":"du-an","status":"publish","type":"page","link":"https:\/\/mienbacelectric.com\/?page_id=1446","title":{"rendered":"D\u1ef1 \u00e1n &#8211; KCN nh\u00e0 m\u00e1y s\u1ea3n xu\u1ea5t"},"content":{"rendered":"<table style=\"font-size: 12px; height: 69px; width: 100%; border: 0px;\" border=\"0\" cellpadding=\"30\">\n<tbody>\n<tr>\n<td style=\"width: 50%; text-align: center;\">\n<div style=\"box-shadow: 3px 6px 5px #999; margin-bottom: 15px;\"><img decoding=\"async\" src=\"http:\/\/mienbacelectric.com\/wp-content\/uploads\/2025\/05\/KCN-Minh-Phuong.jpg\" alt=\"\" width=\"100%\" \/><br \/>\n<strong>Khu c\u00f4ng nghi\u1ec7p Minh Ph\u01b0\u01a1ng<\/strong><br \/>\n<span style=\"color: #808080;\">Minh Phuong industrial park<\/span><\/div>\n<\/td>\n<td style=\"width: 50%; text-align: center;\">\n<div style=\"box-shadow: 3px 6px 5px #999; margin-bottom: 15px;\"><img decoding=\"async\" src=\"http:\/\/mienbacelectric.com\/wp-content\/uploads\/2025\/05\/Vicenza-1.jpg\" alt=\"\" width=\"100%\" \/><br \/>\n<strong>Nh\u00e0 m\u00e1y SX g\u1ea1ch men cao c\u1ea5p Vicenza Thanh H\u00f3a<\/strong><br \/>\n<span style=\"color: #808080;\">Thanh Hoa Vicenza high quality ceramic manufactory<\/span><\/div>\n<\/td>\n<\/tr>\n<tr>\n<td style=\"width: 50%; text-align: center;\">\n<div style=\"box-shadow: 3px 6px 5px #999; margin-bottom: 15px;\"><img decoding=\"async\" src=\"http:\/\/mienbacelectric.com\/wp-content\/uploads\/2025\/05\/367001992_122095851254011521_3446027590554776568_n-1.jpg\" alt=\"\" width=\"100%\" \/><br \/>\n<strong>Nh\u00e0 m\u00e1y d\u1ec7t may Namyang international t\u1ea1i Thanh H\u00f3a<\/strong><br \/>\n<span style=\"color: #808080;\">Namyang international textile factory in Thanh Hoa<\/span><\/div>\n<\/td>\n<td style=\"width: 50%; text-align: center;\">\n<div style=\"box-shadow: 3px 6px 5px #999; margin-bottom: 15px;\"><img decoding=\"async\" src=\"http:\/\/mienbacelectric.com\/wp-content\/uploads\/2025\/05\/An-Phuoc-1.jpg\" alt=\"\" width=\"100%\" \/><br \/>\n<strong>Nh\u00e0 m\u00e1y d\u1ec7t s\u1ee3i An Ph\u01b0\u1edbc<\/strong><br \/>\n<span style=\"color: #808080;\">An Phuoc international textile factory<\/span><\/div>\n<\/td>\n<\/tr>\n<tr>\n<td style=\"width: 50%; text-align: center;\" colspan=\"2\">\n<div style=\"box-shadow: 3px 6px 5px #999; margin-bottom: 15px;\"><img decoding=\"async\" src=\"http:\/\/mienbacelectric.com\/wp-content\/uploads\/2025\/05\/Samse-1.jpg\" alt=\"\" width=\"100%\" \/><br \/>\n<strong>Nh\u00e0 m\u00e1y SAMSE VINA &#8211; L\u00f4 CN5, C\u1ee5m C\u00f4ng nghi\u1ec7p C\u1ea7u Y\u00ean, P. Ninh Phong, TP. Ninh B\u00ecnh<\/strong><br \/>\n<span style=\"color: #808080;\">SAMSE VINA factory &#8211; Lot CN5, Cau Yen Industrial Cluster, Ninh Phong Ward, Ninh Binh City<\/span><\/div>\n<\/td>\n<\/tr>\n<tr>\n<td style=\"width: 50%; text-align: center;\">\n<div style=\"box-shadow: 3px 6px 5px #999; margin-bottom: 15px;\"><img decoding=\"async\" src=\"http:\/\/mienbacelectric.com\/wp-content\/uploads\/2025\/05\/Nam-Sum-1.jpg\" alt=\"\" width=\"100%\" \/><br \/>\n<strong>Nh\u00e0 m\u00e1y Th\u1ee7y \u0111i\u1ec7n N\u1eadm Sum &#8211; L\u00e0o<\/strong><br \/>\n<span style=\"color: #808080;\">Nam Sum hydropower plant &#8211; Laos<\/span><\/div>\n<\/td>\n<td style=\"width: 50%; text-align: center;\">\n<div style=\"box-shadow: 3px 6px 5px #999; margin-bottom: 15px;\"><img decoding=\"async\" src=\"http:\/\/mienbacelectric.com\/wp-content\/uploads\/2025\/05\/Chau-Thang-1.jpg\" alt=\"\" width=\"100%\" \/><br \/>\n<strong>Nh\u00e0 m\u00e1y Th\u1ee7y \u0111i\u1ec7n Ch\u00e2u Th\u1eafng &#8211; Ngh\u1ec7 An<\/strong><br \/>\n<span style=\"color: #808080;\">Chau Thang hydropower plant &#8211; Nghe <\/span><\/div>\n<\/td>\n<\/tr>\n<\/tbody>\n<\/table>\n","protected":false},"excerpt":{"rendered":"<p>Khu c\u00f4ng nghi\u1ec7p Minh Ph\u01b0\u01a1ng Minh Phuong industrial park Nh\u00e0 m\u00e1y SX g\u1ea1ch men cao c\u1ea5p Vicenza Thanh H\u00f3a Thanh Hoa Vicenza high quality ceramic manufactory Nh\u00e0 m\u00e1y d\u1ec7t may Namyang international t\u1ea1i Thanh H\u00f3a Namyang international textile factory in Thanh Hoa Nh\u00e0 m\u00e1y d\u1ec7t s\u1ee3i An Ph\u01b0\u1edbc An Phuoc international textile factory Nh\u00e0 m\u00e1y [&hellip;]<\/p>\n","protected":false},"author":1,"featured_media":0,"parent":0,"menu_order":0,"comment_status":"closed","ping_status":"closed","template":"","meta":{"footnotes":""},"yoast_head":"<!-- This site is optimized with the Yoast SEO plugin v22.6 - https:\/\/yoast.com\/wordpress\/plugins\/seo\/ -->\n<title>D\u1ef1 \u00e1n - KCN nh\u00e0 m\u00e1y s\u1ea3n xu\u1ea5t - C\u00d4NG TY TNHH C\u01a0 \u0110I\u1ec6N MI\u1ec0N B\u1eaeC. HOTLINE 0913.601.155<\/title>\n<meta name=\"robots\" content=\"index, follow, max-snippet:-1, max-image-preview:large, max-video-preview:-1\" \/>\n<link rel=\"canonical\" href=\"https:\/\/mienbacelectric.com\/?page_id=1446\" \/>\n<meta property=\"og:locale\" content=\"vi_VN\" \/>\n<meta property=\"og:type\" content=\"article\" \/>\n<meta property=\"og:title\" content=\"D\u1ef1 \u00e1n - KCN nh\u00e0 m\u00e1y s\u1ea3n xu\u1ea5t - C\u00d4NG TY TNHH C\u01a0 \u0110I\u1ec6N MI\u1ec0N B\u1eaeC. HOTLINE 0913.601.155\" \/>\n<meta property=\"og:description\" content=\"Khu c\u00f4ng nghi\u1ec7p Minh Ph\u01b0\u01a1ng Minh Phuong industrial park Nh\u00e0 m\u00e1y SX g\u1ea1ch men cao c\u1ea5p Vicenza Thanh H\u00f3a Thanh Hoa Vicenza high quality ceramic manufactory Nh\u00e0 m\u00e1y d\u1ec7t may Namyang international t\u1ea1i Thanh H\u00f3a Namyang international textile factory in Thanh Hoa Nh\u00e0 m\u00e1y d\u1ec7t s\u1ee3i An Ph\u01b0\u1edbc An Phuoc international textile factory Nh\u00e0 m\u00e1y [&hellip;]\" \/>\n<meta property=\"og:url\" content=\"https:\/\/mienbacelectric.com\/?page_id=1446\" \/>\n<meta property=\"og:site_name\" content=\"C\u00d4NG TY TNHH C\u01a0 \u0110I\u1ec6N MI\u1ec0N B\u1eaeC. HOTLINE 0913.601.155\" \/>\n<meta property=\"article:modified_time\" content=\"2025-05-20T16:27:20+00:00\" \/>\n<meta property=\"og:image\" content=\"http:\/\/mienbacelectric.com\/wp-content\/uploads\/2025\/05\/KCN-Minh-Phuong.jpg\" \/>\n<meta name=\"twitter:card\" content=\"summary_large_image\" \/>\n<meta name=\"twitter:label1\" content=\"\u01af\u1edbc t\u00ednh th\u1eddi gian \u0111\u1ecdc\" \/>\n\t<meta name=\"twitter:data1\" content=\"3 ph\u00fat\" \/>\n<script type=\"application\/ld+json\" class=\"yoast-schema-graph\">{\"@context\":\"https:\/\/schema.org\",\"@graph\":[{\"@type\":\"WebPage\",\"@id\":\"https:\/\/mienbacelectric.com\/?page_id=1446\",\"url\":\"https:\/\/mienbacelectric.com\/?page_id=1446\",\"name\":\"D\u1ef1 \u00e1n - KCN nh\u00e0 m\u00e1y s\u1ea3n xu\u1ea5t - C\u00d4NG TY TNHH C\u01a0 \u0110I\u1ec6N MI\u1ec0N B\u1eaeC. HOTLINE 0913.601.155\",\"isPartOf\":{\"@id\":\"https:\/\/mienbacelectric.com\/#website\"},\"primaryImageOfPage\":{\"@id\":\"https:\/\/mienbacelectric.com\/?page_id=1446#primaryimage\"},\"image\":{\"@id\":\"https:\/\/mienbacelectric.com\/?page_id=1446#primaryimage\"},\"thumbnailUrl\":\"http:\/\/mienbacelectric.com\/wp-content\/uploads\/2025\/05\/KCN-Minh-Phuong.jpg\",\"datePublished\":\"2025-05-18T03:44:08+00:00\",\"dateModified\":\"2025-05-20T16:27:20+00:00\",\"breadcrumb\":{\"@id\":\"https:\/\/mienbacelectric.com\/?page_id=1446#breadcrumb\"},\"inLanguage\":\"vi\",\"potentialAction\":[{\"@type\":\"ReadAction\",\"target\":[\"https:\/\/mienbacelectric.com\/?page_id=1446\"]}]},{\"@type\":\"ImageObject\",\"inLanguage\":\"vi\",\"@id\":\"https:\/\/mienbacelectric.com\/?page_id=1446#primaryimage\",\"url\":\"https:\/\/mienbacelectric.com\/wp-content\/uploads\/2025\/05\/KCN-Minh-Phuong.jpg\",\"contentUrl\":\"https:\/\/mienbacelectric.com\/wp-content\/uploads\/2025\/05\/KCN-Minh-Phuong.jpg\",\"width\":1080,\"height\":523},{\"@type\":\"BreadcrumbList\",\"@id\":\"https:\/\/mienbacelectric.com\/?page_id=1446#breadcrumb\",\"itemListElement\":[{\"@type\":\"ListItem\",\"position\":1,\"name\":\"Home\",\"item\":\"https:\/\/mienbacelectric.com\/\"},{\"@type\":\"ListItem\",\"position\":2,\"name\":\"D\u1ef1 \u00e1n &#8211; KCN nh\u00e0 m\u00e1y s\u1ea3n xu\u1ea5t\"}]},{\"@type\":\"WebSite\",\"@id\":\"https:\/\/mienbacelectric.com\/#website\",\"url\":\"https:\/\/mienbacelectric.com\/\",\"name\":\"C\u00d4NG TY TNHH C\u01a0 \u0110I\u1ec6N MI\u1ec0N B\u1eaeC. HOTLINE 0913.601.155\",\"description\":\"\",\"potentialAction\":[{\"@type\":\"SearchAction\",\"target\":{\"@type\":\"EntryPoint\",\"urlTemplate\":\"https:\/\/mienbacelectric.com\/?s={search_term_string}\"},\"query-input\":\"required name=search_term_string\"}],\"inLanguage\":\"vi\"}]}<\/script>\n<!-- \/ Yoast SEO plugin. -->","yoast_head_json":{"title":"D\u1ef1 \u00e1n - KCN nh\u00e0 m\u00e1y s\u1ea3n xu\u1ea5t - C\u00d4NG TY TNHH C\u01a0 \u0110I\u1ec6N MI\u1ec0N B\u1eaeC. HOTLINE 0913.601.155","robots":{"index":"index","follow":"follow","max-snippet":"max-snippet:-1","max-image-preview":"max-image-preview:large","max-video-preview":"max-video-preview:-1"},"canonical":"https:\/\/mienbacelectric.com\/?page_id=1446","og_locale":"vi_VN","og_type":"article","og_title":"D\u1ef1 \u00e1n - KCN nh\u00e0 m\u00e1y s\u1ea3n xu\u1ea5t - C\u00d4NG TY TNHH C\u01a0 \u0110I\u1ec6N MI\u1ec0N B\u1eaeC. HOTLINE 0913.601.155","og_description":"Khu c\u00f4ng nghi\u1ec7p Minh Ph\u01b0\u01a1ng Minh Phuong industrial park Nh\u00e0 m\u00e1y SX g\u1ea1ch men cao c\u1ea5p Vicenza Thanh H\u00f3a Thanh Hoa Vicenza high quality ceramic manufactory Nh\u00e0 m\u00e1y d\u1ec7t may Namyang international t\u1ea1i Thanh H\u00f3a Namyang international textile factory in Thanh Hoa Nh\u00e0 m\u00e1y d\u1ec7t s\u1ee3i An Ph\u01b0\u1edbc An Phuoc international textile factory Nh\u00e0 m\u00e1y [&hellip;]","og_url":"https:\/\/mienbacelectric.com\/?page_id=1446","og_site_name":"C\u00d4NG TY TNHH C\u01a0 \u0110I\u1ec6N MI\u1ec0N B\u1eaeC. HOTLINE 0913.601.155","article_modified_time":"2025-05-20T16:27:20+00:00","og_image":[{"url":"http:\/\/mienbacelectric.com\/wp-content\/uploads\/2025\/05\/KCN-Minh-Phuong.jpg"}],"twitter_card":"summary_large_image","twitter_misc":{"\u01af\u1edbc t\u00ednh th\u1eddi gian \u0111\u1ecdc":"3 ph\u00fat"},"schema":{"@context":"https:\/\/schema.org","@graph":[{"@type":"WebPage","@id":"https:\/\/mienbacelectric.com\/?page_id=1446","url":"https:\/\/mienbacelectric.com\/?page_id=1446","name":"D\u1ef1 \u00e1n - KCN nh\u00e0 m\u00e1y s\u1ea3n xu\u1ea5t - C\u00d4NG TY TNHH C\u01a0 \u0110I\u1ec6N MI\u1ec0N B\u1eaeC. HOTLINE 0913.601.155","isPartOf":{"@id":"https:\/\/mienbacelectric.com\/#website"},"primaryImageOfPage":{"@id":"https:\/\/mienbacelectric.com\/?page_id=1446#primaryimage"},"image":{"@id":"https:\/\/mienbacelectric.com\/?page_id=1446#primaryimage"},"thumbnailUrl":"http:\/\/mienbacelectric.com\/wp-content\/uploads\/2025\/05\/KCN-Minh-Phuong.jpg","datePublished":"2025-05-18T03:44:08+00:00","dateModified":"2025-05-20T16:27:20+00:00","breadcrumb":{"@id":"https:\/\/mienbacelectric.com\/?page_id=1446#breadcrumb"},"inLanguage":"vi","potentialAction":[{"@type":"ReadAction","target":["https:\/\/mienbacelectric.com\/?page_id=1446"]}]},{"@type":"ImageObject","inLanguage":"vi","@id":"https:\/\/mienbacelectric.com\/?page_id=1446#primaryimage","url":"https:\/\/mienbacelectric.com\/wp-content\/uploads\/2025\/05\/KCN-Minh-Phuong.jpg","contentUrl":"https:\/\/mienbacelectric.com\/wp-content\/uploads\/2025\/05\/KCN-Minh-Phuong.jpg","width":1080,"height":523},{"@type":"BreadcrumbList","@id":"https:\/\/mienbacelectric.com\/?page_id=1446#breadcrumb","itemListElement":[{"@type":"ListItem","position":1,"name":"Home","item":"https:\/\/mienbacelectric.com\/"},{"@type":"ListItem","position":2,"name":"D\u1ef1 \u00e1n &#8211; KCN nh\u00e0 m\u00e1y s\u1ea3n xu\u1ea5t"}]},{"@type":"WebSite","@id":"https:\/\/mienbacelectric.com\/#website","url":"https:\/\/mienbacelectric.com\/","name":"C\u00d4NG TY TNHH C\u01a0 \u0110I\u1ec6N MI\u1ec0N B\u1eaeC. HOTLINE 0913.601.155","description":"","potentialAction":[{"@type":"SearchAction","target":{"@type":"EntryPoint","urlTemplate":"https:\/\/mienbacelectric.com\/?s={search_term_string}"},"query-input":"required name=search_term_string"}],"inLanguage":"vi"}]}},"_links":{"self":[{"href":"https:\/\/mienbacelectric.com\/index.php?rest_route=\/wp\/v2\/pages\/1446"}],"collection":[{"href":"https:\/\/mienbacelectric.com\/index.php?rest_route=\/wp\/v2\/pages"}],"about":[{"href":"https:\/\/mienbacelectric.com\/index.php?rest_route=\/wp\/v2\/types\/page"}],"author":[{"embeddable":true,"href":"https:\/\/mienbacelectric.com\/index.php?rest_route=\/wp\/v2\/users\/1"}],"replies":[{"embeddable":true,"href":"https:\/\/mienbacelectric.com\/index.php?rest_route=%2Fwp%2Fv2%2Fcomments&post=1446"}],"version-history":[{"count":4,"href":"https:\/\/mienbacelectric.com\/index.php?rest_route=\/wp\/v2\/pages\/1446\/revisions"}],"predecessor-version":[{"id":1622,"href":"https:\/\/mienbacelectric.com\/index.php?rest_route=\/wp\/v2\/pages\/1446\/revisions\/1622"}],"wp:attachment":[{"href":"https:\/\/mienbacelectric.com\/index.php?rest_route=%2Fwp%2Fv2%2Fmedia&parent=1446"}],"curies":[{"name":"wp","href":"https:\/\/api.w.org\/{rel}","templated":true}]}}